{"id":1277,"date":"2021-02-01T15:25:13","date_gmt":"2021-02-05T20:56:11","guid":{"rendered":"https:\/\/www.cliniqueevia.ca\/product\/celllift-creme-light\/"},"modified":"2022-11-24T19:28:27","modified_gmt":"2022-11-24T19:28:27","slug":"cellcosmet-celllift-creme-legere","status":"publish","type":"product","link":"https:\/\/www.cliniqueevia.ca\/fr\/produit\/cellcosmet-celllift-creme-legere\/","title":{"rendered":"CellLift Cr\u00e8me Light"},"content":{"rendered":"<div class=\"descriptor\">\n<div>\n<h2>\u00c9mulsion cellulaire ultra revitalisante et densifiante<\/h2>\n<p>Ce soin prodigieux associe science cosm\u00e9tique de pointe et texture l\u00e9g\u00e8re et onctueuse. Cette cr\u00e8me puissante, gr\u00e2ce \u00e0 sa concentration exceptionnelle en extraits cellulaires stabilis\u00e9s (30%), revitalise la peau. Il am\u00e9liore l&rsquo;apparence de votre peau de multiples fa\u00e7ons, toutes visibles la premi\u00e8re fois que vous l&rsquo;utilisez et plus visibles jour apr\u00e8s jour. Ses multiples effets sont visibles d\u00e8s les premi\u00e8res applications et s\u2019intensifient jour apr\u00e8s jour. Les signes visibles du vieillissement cutan\u00e9 s\u2019estompent. Votre peau est resplendissante.<\/p>\n<ul>\n<li>Extrait cellulaire stabilis\u00e9 30%<\/li>\n<li>Complexe Expert Hyaluron<\/li>\n<li>Complexe de Hyaluronsilanol<\/li>\n<li>Complexe Volufill<\/li>\n<\/ul>\n<div data-content-type=\"specifications-item-text\" data-appearance=\"default\" data-background-images=\"{}\" data-element=\"main\">\n<div data-content=\"true\">\n<div id=\"scrollable-01ffa1ab-8280\" class=\"scrollable-text\">\n<div class=\"specifications-text scrollable-content kinetic-active\" data-element=\"specifications_text\">\n<div>\n<h3>Indications<\/h3>\n<p>Recommand\u00e9 pour les femmes \u00e0 partir de 40 ans comme programme de soin occasionnel et \u00e0 partir de 50 ans au quotidien, CellLift Cream Light est formul\u00e9 pour tous les types de peau, y compris les peaux sensibles.<\/p>\n<p>Cette \u00e9mulsion est id\u00e9ale pour les peaux mixtes \u00e0 grasses, ainsi que pour les femmes souhaitant une texture plus l\u00e9g\u00e8re que la cr\u00e8me CellLift Cr\u00e8me \u00e0 certaines p\u00e9riodes de l&rsquo;ann\u00e9e, comme le printemps et l&rsquo;\u00e9t\u00e9.<\/p>\n<\/div>\n<\/div>\n<div class=\"scrollable-bottom\"><strong>Type de Peaux<\/strong>: Tout types de peaux<\/div>\n<\/div>\n<\/div>\n<\/div>\n<\/div>\n<\/div>\n<div class=\"descriptor\">\n<div><\/div>\n<div class=\"value\">\u00c0 partir de 40 ans<\/div>\n<\/div>\n<div class=\"descriptor\">\n<div class=\"type\"><i class=\"icon-dna\"><\/i>Cyto + Phyto-cosm\u00e9tique<\/div>\n<\/div>\n<div class=\"descriptor\">\n<div><\/div>\n<div class=\"value\"><strong>Utilisation de la m\u00e9thode<\/strong> : Matin et soir<\/div>\n<\/div>\n","protected":false},"excerpt":{"rendered":"<p>Toute la puissance d&rsquo;un soin cellulaire revitalisant dans une texture l\u00e9g\u00e8re, pour une peau \u00e9clatante de beaut\u00e9<\/p>\n<div data-content-type=\"specifications-item-text\" data-appearance=\"default\" data-background-images=\"{}\" data-element=\"main\">\n<div data-content=\"true\">\n<div class=\"specifications-text\" data-element=\"specifications_text\">\n<div>\n<div>\n<div>\n<p><strong>Actions<\/strong><\/p>\n<\/div>\n<\/div>\n<\/div>\n<\/div>\n<\/div>\n<\/div>\n<div data-content-type=\"specifications-item-textimage\" data-appearance=\"default\" data-background-images=\"{}\" data-element=\"main\">\n<div data-content=\"true\">\n<div id=\"scrollable-fe98cda6-5a3b\" class=\"scrollable-text\">\n<div class=\"specifications-text scrollable-content kinetic-active\" data-element=\"specifications_text\">\n<ul>\n<li>Ultra Revitalisante et hydratante<\/li>\n<li>Densifiante et raffermissante<\/li>\n<li>Lisse et harmonise le grain de peau<\/li>\n<li>Volumisant, comble les rides<\/li>\n<\/ul>\n<\/div>\n<\/div>\n<\/div>\n<\/div>\n","protected":false},"featured_media":3905,"comment_status":"open","ping_status":"closed","template":"","meta":[],"product_brand":[],"product_cat":[98],"product_tag":[179,241,237,119,61],"class_list":{"0":"post-1277","1":"product","2":"type-product","3":"status-publish","4":"has-post-thumbnail","6":"product_cat-hydratants","7":"product_tag-cellcosmet-fr","8":"product_tag-cellective-cellcosmet-fr","9":"product_tag-celllift-fr","10":"product_tag-combinaison-a-huileux","11":"product_tag-tous-types-de-peaux","13":"first","14":"instock","15":"sale","16":"taxable","17":"shipping-taxable","18":"purchasable","19":"product-type-simple"},"yoast_head":"<!-- This site is optimized with the Yoast SEO plugin v23.9 - https:\/\/yoast.com\/wordpress\/plugins\/seo\/ -->\n<title>CellLift Cr\u00e8me Light &#8211; Clinique \u00c9via<\/title>\n<meta name=\"robots\" content=\"index, follow, max-snippet:-1, max-image-preview:large, max-video-preview:-1\" \/>\n<link rel=\"canonical\" href=\"https:\/\/www.cliniqueevia.ca\/fr\/produit\/cellcosmet-celllift-creme-legere\/\" \/>\n<meta property=\"og:locale\" content=\"fr_FR\" \/>\n<meta property=\"og:type\" content=\"article\" \/>\n<meta property=\"og:title\" content=\"CellLift Cr\u00e8me Light &#8211; Clinique \u00c9via\" \/>\n<meta property=\"og:description\" content=\"Toute la puissance d&#039;un soin cellulaire revitalisant dans une texture l\u00e9g\u00e8re, pour une peau \u00e9clatante de beaut\u00e9        Actions              Ultra Revitalisante et hydratante  Densifiante et raffermissante  Lisse et harmonise le grain de peau  Volumisant, comble les rides\" \/>\n<meta property=\"og:url\" content=\"https:\/\/www.cliniqueevia.ca\/fr\/produit\/cellcosmet-celllift-creme-legere\/\" \/>\n<meta property=\"og:site_name\" content=\"Clinique \u00c9via\" \/>\n<meta property=\"article:publisher\" content=\"https:\/\/www.facebook.com\/cliniqueevia\" \/>\n<meta property=\"article:modified_time\" content=\"2022-11-24T19:28:27+00:00\" \/>\n<meta property=\"og:image\" content=\"https:\/\/www.cliniqueevia.ca\/wp-content\/uploads\/2021\/02\/shop_I.2114.1701-V01-PR-EM-CellLift-Cream-LIGHT.jpg\" \/>\n\t<meta property=\"og:image:width\" content=\"1400\" \/>\n\t<meta property=\"og:image:height\" content=\"1400\" \/>\n\t<meta property=\"og:image:type\" content=\"image\/jpeg\" \/>\n<meta name=\"twitter:card\" content=\"summary_large_image\" \/>\n<meta name=\"twitter:label1\" content=\"Dur\u00e9e de lecture est.\" \/>\n\t<meta name=\"twitter:data1\" content=\"1 minute\" \/>\n<script type=\"application\/ld+json\" class=\"yoast-schema-graph\">{\"@context\":\"https:\/\/schema.org\",\"@graph\":[{\"@type\":\"WebPage\",\"@id\":\"https:\/\/www.cliniqueevia.ca\/fr\/produit\/cellcosmet-celllift-creme-legere\/\",\"url\":\"https:\/\/www.cliniqueevia.ca\/fr\/produit\/cellcosmet-celllift-creme-legere\/\",\"name\":\"CellLift Cr\u00e8me Light &#8211; Clinique \u00c9via\",\"isPartOf\":{\"@id\":\"https:\/\/www.cliniqueevia.ca\/fr\/#website\"},\"primaryImageOfPage\":{\"@id\":\"https:\/\/www.cliniqueevia.ca\/fr\/produit\/cellcosmet-celllift-creme-legere\/#primaryimage\"},\"image\":{\"@id\":\"https:\/\/www.cliniqueevia.ca\/fr\/produit\/cellcosmet-celllift-creme-legere\/#primaryimage\"},\"thumbnailUrl\":\"https:\/\/www.cliniqueevia.ca\/wp-content\/uploads\/2021\/02\/CellLift-Cream-Light-01-1400x1400-min.jpg\",\"datePublished\":\"2021-02-05T20:56:11+00:00\",\"dateModified\":\"2022-11-24T19:28:27+00:00\",\"breadcrumb\":{\"@id\":\"https:\/\/www.cliniqueevia.ca\/fr\/produit\/cellcosmet-celllift-creme-legere\/#breadcrumb\"},\"inLanguage\":\"fr-FR\",\"potentialAction\":[{\"@type\":\"ReadAction\",\"target\":[\"https:\/\/www.cliniqueevia.ca\/fr\/produit\/cellcosmet-celllift-creme-legere\/\"]}]},{\"@type\":\"ImageObject\",\"inLanguage\":\"fr-FR\",\"@id\":\"https:\/\/www.cliniqueevia.ca\/fr\/produit\/cellcosmet-celllift-creme-legere\/#primaryimage\",\"url\":\"https:\/\/www.cliniqueevia.ca\/wp-content\/uploads\/2021\/02\/CellLift-Cream-Light-01-1400x1400-min.jpg\",\"contentUrl\":\"https:\/\/www.cliniqueevia.ca\/wp-content\/uploads\/2021\/02\/CellLift-Cream-Light-01-1400x1400-min.jpg\",\"width\":1400,\"height\":1400},{\"@type\":\"BreadcrumbList\",\"@id\":\"https:\/\/www.cliniqueevia.ca\/fr\/produit\/cellcosmet-celllift-creme-legere\/#breadcrumb\",\"itemListElement\":[{\"@type\":\"ListItem\",\"position\":1,\"name\":\"Home\",\"item\":\"https:\/\/www.cliniqueevia.ca\/fr\/\"},{\"@type\":\"ListItem\",\"position\":2,\"name\":\"Boutique\",\"item\":\"https:\/\/www.cliniqueevia.ca\/fr\/boutique\/\"},{\"@type\":\"ListItem\",\"position\":3,\"name\":\"CellLift Cr\u00e8me Light\"}]},{\"@type\":\"WebSite\",\"@id\":\"https:\/\/www.cliniqueevia.ca\/fr\/#website\",\"url\":\"https:\/\/www.cliniqueevia.ca\/fr\/\",\"name\":\"Clinique \u00c9via\",\"description\":\"Clinique \u00c9via traite vos conditions esth\u00e9tiques sp\u00e9cifiques gr\u00e2ce \u00e0 des technologies et des produits de haute performance.\",\"publisher\":{\"@id\":\"https:\/\/www.cliniqueevia.ca\/fr\/#organization\"},\"potentialAction\":[{\"@type\":\"SearchAction\",\"target\":{\"@type\":\"EntryPoint\",\"urlTemplate\":\"https:\/\/www.cliniqueevia.ca\/fr\/?s={search_term_string}\"},\"query-input\":{\"@type\":\"PropertyValueSpecification\",\"valueRequired\":true,\"valueName\":\"search_term_string\"}}],\"inLanguage\":\"fr-FR\"},{\"@type\":\"Organization\",\"@id\":\"https:\/\/www.cliniqueevia.ca\/fr\/#organization\",\"name\":\"Clinique \u00c9via\",\"url\":\"https:\/\/www.cliniqueevia.ca\/fr\/\",\"logo\":{\"@type\":\"ImageObject\",\"inLanguage\":\"fr-FR\",\"@id\":\"https:\/\/www.cliniqueevia.ca\/fr\/#\/schema\/logo\/image\/\",\"url\":\"https:\/\/www.cliniqueevia.ca\/wp-content\/uploads\/2020\/09\/Evia-Logo-RGB-Transparent-Black-1.png\",\"contentUrl\":\"https:\/\/www.cliniqueevia.ca\/wp-content\/uploads\/2020\/09\/Evia-Logo-RGB-Transparent-Black-1.png\",\"width\":1818,\"height\":1056,\"caption\":\"Clinique \u00c9via\"},\"image\":{\"@id\":\"https:\/\/www.cliniqueevia.ca\/fr\/#\/schema\/logo\/image\/\"},\"sameAs\":[\"https:\/\/www.facebook.com\/cliniqueevia\"]}]}<\/script>\n<!-- \/ Yoast SEO plugin. -->","yoast_head_json":{"title":"CellLift Cr\u00e8me Light &#8211; Clinique \u00c9via","robots":{"index":"index","follow":"follow","max-snippet":"max-snippet:-1","max-image-preview":"max-image-preview:large","max-video-preview":"max-video-preview:-1"},"canonical":"https:\/\/www.cliniqueevia.ca\/fr\/produit\/cellcosmet-celllift-creme-legere\/","og_locale":"fr_FR","og_type":"article","og_title":"CellLift Cr\u00e8me Light &#8211; Clinique \u00c9via","og_description":"Toute la puissance d'un soin cellulaire revitalisant dans une texture l\u00e9g\u00e8re, pour une peau \u00e9clatante de beaut\u00e9        Actions              Ultra Revitalisante et hydratante  Densifiante et raffermissante  Lisse et harmonise le grain de peau  Volumisant, comble les rides","og_url":"https:\/\/www.cliniqueevia.ca\/fr\/produit\/cellcosmet-celllift-creme-legere\/","og_site_name":"Clinique \u00c9via","article_publisher":"https:\/\/www.facebook.com\/cliniqueevia","article_modified_time":"2022-11-24T19:28:27+00:00","og_image":[{"width":1400,"height":1400,"url":"https:\/\/www.cliniqueevia.ca\/wp-content\/uploads\/2021\/02\/shop_I.2114.1701-V01-PR-EM-CellLift-Cream-LIGHT.jpg","type":"image\/jpeg"}],"twitter_card":"summary_large_image","twitter_misc":{"Dur\u00e9e de lecture est.":"1 minute"},"schema":{"@context":"https:\/\/schema.org","@graph":[{"@type":"WebPage","@id":"https:\/\/www.cliniqueevia.ca\/fr\/produit\/cellcosmet-celllift-creme-legere\/","url":"https:\/\/www.cliniqueevia.ca\/fr\/produit\/cellcosmet-celllift-creme-legere\/","name":"CellLift Cr\u00e8me Light &#8211; Clinique \u00c9via","isPartOf":{"@id":"https:\/\/www.cliniqueevia.ca\/fr\/#website"},"primaryImageOfPage":{"@id":"https:\/\/www.cliniqueevia.ca\/fr\/produit\/cellcosmet-celllift-creme-legere\/#primaryimage"},"image":{"@id":"https:\/\/www.cliniqueevia.ca\/fr\/produit\/cellcosmet-celllift-creme-legere\/#primaryimage"},"thumbnailUrl":"https:\/\/www.cliniqueevia.ca\/wp-content\/uploads\/2021\/02\/CellLift-Cream-Light-01-1400x1400-min.jpg","datePublished":"2021-02-05T20:56:11+00:00","dateModified":"2022-11-24T19:28:27+00:00","breadcrumb":{"@id":"https:\/\/www.cliniqueevia.ca\/fr\/produit\/cellcosmet-celllift-creme-legere\/#breadcrumb"},"inLanguage":"fr-FR","potentialAction":[{"@type":"ReadAction","target":["https:\/\/www.cliniqueevia.ca\/fr\/produit\/cellcosmet-celllift-creme-legere\/"]}]},{"@type":"ImageObject","inLanguage":"fr-FR","@id":"https:\/\/www.cliniqueevia.ca\/fr\/produit\/cellcosmet-celllift-creme-legere\/#primaryimage","url":"https:\/\/www.cliniqueevia.ca\/wp-content\/uploads\/2021\/02\/CellLift-Cream-Light-01-1400x1400-min.jpg","contentUrl":"https:\/\/www.cliniqueevia.ca\/wp-content\/uploads\/2021\/02\/CellLift-Cream-Light-01-1400x1400-min.jpg","width":1400,"height":1400},{"@type":"BreadcrumbList","@id":"https:\/\/www.cliniqueevia.ca\/fr\/produit\/cellcosmet-celllift-creme-legere\/#breadcrumb","itemListElement":[{"@type":"ListItem","position":1,"name":"Home","item":"https:\/\/www.cliniqueevia.ca\/fr\/"},{"@type":"ListItem","position":2,"name":"Boutique","item":"https:\/\/www.cliniqueevia.ca\/fr\/boutique\/"},{"@type":"ListItem","position":3,"name":"CellLift Cr\u00e8me Light"}]},{"@type":"WebSite","@id":"https:\/\/www.cliniqueevia.ca\/fr\/#website","url":"https:\/\/www.cliniqueevia.ca\/fr\/","name":"Clinique \u00c9via","description":"Clinique \u00c9via traite vos conditions esth\u00e9tiques sp\u00e9cifiques gr\u00e2ce \u00e0 des technologies et des produits de haute performance.","publisher":{"@id":"https:\/\/www.cliniqueevia.ca\/fr\/#organization"},"potentialAction":[{"@type":"SearchAction","target":{"@type":"EntryPoint","urlTemplate":"https:\/\/www.cliniqueevia.ca\/fr\/?s={search_term_string}"},"query-input":{"@type":"PropertyValueSpecification","valueRequired":true,"valueName":"search_term_string"}}],"inLanguage":"fr-FR"},{"@type":"Organization","@id":"https:\/\/www.cliniqueevia.ca\/fr\/#organization","name":"Clinique \u00c9via","url":"https:\/\/www.cliniqueevia.ca\/fr\/","logo":{"@type":"ImageObject","inLanguage":"fr-FR","@id":"https:\/\/www.cliniqueevia.ca\/fr\/#\/schema\/logo\/image\/","url":"https:\/\/www.cliniqueevia.ca\/wp-content\/uploads\/2020\/09\/Evia-Logo-RGB-Transparent-Black-1.png","contentUrl":"https:\/\/www.cliniqueevia.ca\/wp-content\/uploads\/2020\/09\/Evia-Logo-RGB-Transparent-Black-1.png","width":1818,"height":1056,"caption":"Clinique \u00c9via"},"image":{"@id":"https:\/\/www.cliniqueevia.ca\/fr\/#\/schema\/logo\/image\/"},"sameAs":["https:\/\/www.facebook.com\/cliniqueevia"]}]}},"_links":{"self":[{"href":"https:\/\/www.cliniqueevia.ca\/fr\/wp-json\/wp\/v2\/product\/1277","targetHints":{"allow":["GET"]}}],"collection":[{"href":"https:\/\/www.cliniqueevia.ca\/fr\/wp-json\/wp\/v2\/product"}],"about":[{"href":"https:\/\/www.cliniqueevia.ca\/fr\/wp-json\/wp\/v2\/types\/product"}],"replies":[{"embeddable":true,"href":"https:\/\/www.cliniqueevia.ca\/fr\/wp-json\/wp\/v2\/comments?post=1277"}],"wp:featuredmedia":[{"embeddable":true,"href":"https:\/\/www.cliniqueevia.ca\/fr\/wp-json\/wp\/v2\/media\/3905"}],"wp:attachment":[{"href":"https:\/\/www.cliniqueevia.ca\/fr\/wp-json\/wp\/v2\/media?parent=1277"}],"wp:term":[{"taxonomy":"product_brand","embeddable":true,"href":"https:\/\/www.cliniqueevia.ca\/fr\/wp-json\/wp\/v2\/product_brand?post=1277"},{"taxonomy":"product_cat","embeddable":true,"href":"https:\/\/www.cliniqueevia.ca\/fr\/wp-json\/wp\/v2\/product_cat?post=1277"},{"taxonomy":"product_tag","embeddable":true,"href":"https:\/\/www.cliniqueevia.ca\/fr\/wp-json\/wp\/v2\/product_tag?post=1277"}],"curies":[{"name":"wp","href":"https:\/\/api.w.org\/{rel}","templated":true}]}}