{"id":1281,"date":"2021-01-29T22:19:58","date_gmt":"2021-02-06T13:51:16","guid":{"rendered":"https:\/\/www.cliniqueevia.ca\/product\/elasto-collagene-ultra-clarifiant-xt\/"},"modified":"2024-11-22T19:56:29","modified_gmt":"2024-11-22T19:56:29","slug":"cellcosmet-elasto-collagene-ultra-clarifiante-xt","status":"publish","type":"product","link":"https:\/\/www.cliniqueevia.ca\/fr\/produit\/cellcosmet-elasto-collagene-ultra-clarifiante-xt\/","title":{"rendered":"Elasto-Collag\u00e8ne Ultra Clarifiant -XT"},"content":{"rendered":"<h2>S\u00e9rum cellulaire ultra clarifiant et hydra-raffermissant<\/h2>\n<p>Prouesse de la science cosm\u00e9tique, ce soin associe la puissance d&rsquo;un s\u00e9rum aux extraits cellulaires stabilis\u00e9s (15%) revitalisants pour votre peau aux vertus exceptionnelles d&rsquo;ingr\u00e9dients d&rsquo;origine v\u00e9g\u00e9tal. Sa texture fluide et dor\u00e9e fond parfaitement sur la peau. Le teint est clarifi\u00e9 et unifi\u00e9. Gr\u00e2ce \u00e0 ses complexes raffermissants et hydratants, ce s\u00e9rum a le pouvoir de red\u00e9finir les contours du visage. Votre teint est magnifi\u00e9.<\/p>\n<ul>\n<li>Extrait cellulaire stabilis\u00e9 15%<\/li>\n<li>Comlpex Clarifiant Expert<\/li>\n<li>Complexe Expert Elasto-Collag\u00e8ne<\/li>\n<li>Complexe Expert Structure<\/li>\n<\/ul>\n<div class=\"specifications-text scrollable-content kinetic-active\" data-element=\"specifications_text\">\n<h3>Indications<\/h3>\n<p>Recommand\u00e9 \u00e0 partir de 30 ans, ce s\u00e9rum convient \u00e0 tous les types de peaux et est non com\u00e9dog\u00e8ne.<\/p>\n<div class=\"descriptor\">\n<div class=\"value\"><strong>Type de Peaux<\/strong>: Tout types de peaux<\/div>\n<\/div>\n<div class=\"descriptor\">\n<div class=\"value\">\u00c0 partir de 30 ans<\/div>\n<\/div>\n<div class=\"descriptor\">\n<div class=\"type\">Cyto + Phyto-cosm\u00e9tique<\/div>\n<\/div>\n<div class=\"descriptor\">\n<div><\/div>\n<div class=\"value\"><strong>Utilisation de la m\u00e9thode<\/strong> : Matin et soir<\/div>\n<\/div>\n<\/div>\n<div class=\"scrollable-bottom\"><\/div>\n","protected":false},"excerpt":{"rendered":"<p>V\u00e9ritable concentr\u00e9 de science cosm\u00e9tique destin\u00e9 \u00e0 parfaire votre teint pour magnifier votre visage.<\/p>\n<div data-content-type=\"specifications-item-text\" data-appearance=\"default\" data-background-images=\"{}\" data-element=\"main\">\n<div data-content=\"true\">\n<div class=\"specifications-text\" data-element=\"specifications_text\">\n<div>\n<div>\n<div>\n<div>\n<div>\n<div>\n<p><strong>Actions<\/strong><\/p>\n<\/div>\n<\/div>\n<\/div>\n<\/div>\n<\/div>\n<\/div>\n<\/div>\n<\/div>\n<\/div>\n<div data-content-type=\"specifications-item-textimage\" data-appearance=\"default\" data-background-images=\"{}\" data-element=\"main\">\n<div data-content=\"true\">\n<div id=\"scrollable-46451c95-2769\" class=\"scrollable-text\">\n<div class=\"specifications-text scrollable-content kinetic-active\" data-element=\"specifications_text\">\n<ul>\n<li>Clarifiante et unifiante<\/li>\n<li>Red\u00e9finition l&rsquo;apparence des contours du visage<\/li>\n<li>Revitalisante et raffermissante<\/li>\n<li>Procure une hydratation intensive de longue dur\u00e9e<\/li>\n<\/ul>\n<\/div>\n<div class=\"scrollable-bottom\"><\/div>\n<\/div>\n<\/div>\n<\/div>\n<div data-content-type=\"specifications-item-image\" data-appearance=\"default\" data-background-images=\"{}\" data-element=\"main\">\n<div data-content=\"true\"><\/div>\n<\/div>\n<div data-content-type=\"specifications-item-text\" data-appearance=\"default\" data-background-images=\"{}\" data-element=\"main\">\n<div data-content=\"true\">\n<div id=\"scrollable-35f11ec4-35ba\" class=\"scrollable-text\">\n<div class=\"specifications-text scrollable-content kinetic-active\" data-element=\"specifications_text\"><\/div>\n<div class=\"scrollable-bottom\"><\/div>\n<\/div>\n<\/div>\n<\/div>\n<div data-content-type=\"specifications-item-image\" data-appearance=\"default\" data-background-images=\"{}\" data-element=\"main\"><\/div>\n","protected":false},"featured_media":1464,"comment_status":"open","ping_status":"closed","template":"","meta":[],"product_brand":[],"product_cat":[99],"product_tag":[179,130,124,61],"class_list":{"0":"post-1281","1":"product","2":"type-product","3":"status-publish","4":"has-post-thumbnail","6":"product_cat-serums-fr","7":"product_tag-cellcosmet-fr","8":"product_tag-hyperpigmentation-fr","9":"product_tag-raffermissant","10":"product_tag-tous-types-de-peaux","12":"first","13":"instock","14":"sale","15":"taxable","16":"shipping-taxable","17":"purchasable","18":"product-type-variable","19":"has-default-attributes"},"yoast_head":"<!-- This site is optimized with the Yoast SEO plugin v23.9 - https:\/\/yoast.com\/wordpress\/plugins\/seo\/ -->\n<title>Elasto-Collag\u00e8ne Ultra Clarifiant -XT &#8211; Clinique \u00c9via<\/title>\n<meta name=\"robots\" content=\"index, follow, max-snippet:-1, max-image-preview:large, max-video-preview:-1\" \/>\n<link rel=\"canonical\" href=\"https:\/\/www.cliniqueevia.ca\/fr\/produit\/cellcosmet-elasto-collagene-ultra-clarifiante-xt\/\" \/>\n<meta property=\"og:locale\" content=\"fr_FR\" \/>\n<meta property=\"og:type\" content=\"article\" \/>\n<meta property=\"og:title\" content=\"Elasto-Collag\u00e8ne Ultra Clarifiant -XT &#8211; Clinique \u00c9via\" \/>\n<meta property=\"og:description\" content=\"V\u00e9ritable concentr\u00e9 de science cosm\u00e9tique destin\u00e9 \u00e0 parfaire votre teint pour magnifier votre visage.           Actions                 Clarifiante et unifiante  Red\u00e9finition l&#039;apparence des contours du visage  Revitalisante et raffermissante  Procure une hydratation intensive de longue dur\u00e9e\" \/>\n<meta property=\"og:url\" content=\"https:\/\/www.cliniqueevia.ca\/fr\/produit\/cellcosmet-elasto-collagene-ultra-clarifiante-xt\/\" \/>\n<meta property=\"og:site_name\" content=\"Clinique \u00c9via\" \/>\n<meta property=\"article:publisher\" content=\"https:\/\/www.facebook.com\/cliniqueevia\" \/>\n<meta property=\"article:modified_time\" content=\"2024-11-22T19:56:29+00:00\" \/>\n<meta property=\"og:image\" content=\"https:\/\/www.cliniqueevia.ca\/wp-content\/uploads\/2021\/01\/shop_I.2113.1402-elasto-ultra-brigth-ombre.jpg\" \/>\n\t<meta property=\"og:image:width\" content=\"1400\" \/>\n\t<meta property=\"og:image:height\" content=\"1400\" \/>\n\t<meta property=\"og:image:type\" content=\"image\/jpeg\" \/>\n<meta name=\"twitter:card\" content=\"summary_large_image\" \/>\n<meta name=\"twitter:label1\" content=\"Dur\u00e9e de lecture est.\" \/>\n\t<meta name=\"twitter:data1\" content=\"1 minute\" \/>\n<script type=\"application\/ld+json\" class=\"yoast-schema-graph\">{\"@context\":\"https:\/\/schema.org\",\"@graph\":[{\"@type\":\"WebPage\",\"@id\":\"https:\/\/www.cliniqueevia.ca\/fr\/produit\/cellcosmet-elasto-collagene-ultra-clarifiante-xt\/\",\"url\":\"https:\/\/www.cliniqueevia.ca\/fr\/produit\/cellcosmet-elasto-collagene-ultra-clarifiante-xt\/\",\"name\":\"Elasto-Collag\u00e8ne Ultra Clarifiant -XT &#8211; Clinique \u00c9via\",\"isPartOf\":{\"@id\":\"https:\/\/www.cliniqueevia.ca\/fr\/#website\"},\"primaryImageOfPage\":{\"@id\":\"https:\/\/www.cliniqueevia.ca\/fr\/produit\/cellcosmet-elasto-collagene-ultra-clarifiante-xt\/#primaryimage\"},\"image\":{\"@id\":\"https:\/\/www.cliniqueevia.ca\/fr\/produit\/cellcosmet-elasto-collagene-ultra-clarifiante-xt\/#primaryimage\"},\"thumbnailUrl\":\"https:\/\/www.cliniqueevia.ca\/wp-content\/uploads\/2021\/01\/shop_I.2113.1402-elasto-ultra-brigth-ombre.jpg\",\"datePublished\":\"2021-02-06T13:51:16+00:00\",\"dateModified\":\"2024-11-22T19:56:29+00:00\",\"breadcrumb\":{\"@id\":\"https:\/\/www.cliniqueevia.ca\/fr\/produit\/cellcosmet-elasto-collagene-ultra-clarifiante-xt\/#breadcrumb\"},\"inLanguage\":\"fr-FR\",\"potentialAction\":[{\"@type\":\"ReadAction\",\"target\":[\"https:\/\/www.cliniqueevia.ca\/fr\/produit\/cellcosmet-elasto-collagene-ultra-clarifiante-xt\/\"]}]},{\"@type\":\"ImageObject\",\"inLanguage\":\"fr-FR\",\"@id\":\"https:\/\/www.cliniqueevia.ca\/fr\/produit\/cellcosmet-elasto-collagene-ultra-clarifiante-xt\/#primaryimage\",\"url\":\"https:\/\/www.cliniqueevia.ca\/wp-content\/uploads\/2021\/01\/shop_I.2113.1402-elasto-ultra-brigth-ombre.jpg\",\"contentUrl\":\"https:\/\/www.cliniqueevia.ca\/wp-content\/uploads\/2021\/01\/shop_I.2113.1402-elasto-ultra-brigth-ombre.jpg\",\"width\":1400,\"height\":1400,\"caption\":\"Ultra Brightening Elasto-Collagen-XT\"},{\"@type\":\"BreadcrumbList\",\"@id\":\"https:\/\/www.cliniqueevia.ca\/fr\/produit\/cellcosmet-elasto-collagene-ultra-clarifiante-xt\/#breadcrumb\",\"itemListElement\":[{\"@type\":\"ListItem\",\"position\":1,\"name\":\"Home\",\"item\":\"https:\/\/www.cliniqueevia.ca\/fr\/\"},{\"@type\":\"ListItem\",\"position\":2,\"name\":\"Boutique\",\"item\":\"https:\/\/www.cliniqueevia.ca\/fr\/boutique\/\"},{\"@type\":\"ListItem\",\"position\":3,\"name\":\"Elasto-Collag\u00e8ne Ultra Clarifiant -XT\"}]},{\"@type\":\"WebSite\",\"@id\":\"https:\/\/www.cliniqueevia.ca\/fr\/#website\",\"url\":\"https:\/\/www.cliniqueevia.ca\/fr\/\",\"name\":\"Clinique \u00c9via\",\"description\":\"Clinique \u00c9via traite vos conditions esth\u00e9tiques sp\u00e9cifiques gr\u00e2ce \u00e0 des technologies et des produits de haute performance.\",\"publisher\":{\"@id\":\"https:\/\/www.cliniqueevia.ca\/fr\/#organization\"},\"potentialAction\":[{\"@type\":\"SearchAction\",\"target\":{\"@type\":\"EntryPoint\",\"urlTemplate\":\"https:\/\/www.cliniqueevia.ca\/fr\/?s={search_term_string}\"},\"query-input\":{\"@type\":\"PropertyValueSpecification\",\"valueRequired\":true,\"valueName\":\"search_term_string\"}}],\"inLanguage\":\"fr-FR\"},{\"@type\":\"Organization\",\"@id\":\"https:\/\/www.cliniqueevia.ca\/fr\/#organization\",\"name\":\"Clinique \u00c9via\",\"url\":\"https:\/\/www.cliniqueevia.ca\/fr\/\",\"logo\":{\"@type\":\"ImageObject\",\"inLanguage\":\"fr-FR\",\"@id\":\"https:\/\/www.cliniqueevia.ca\/fr\/#\/schema\/logo\/image\/\",\"url\":\"https:\/\/www.cliniqueevia.ca\/wp-content\/uploads\/2020\/09\/Evia-Logo-RGB-Transparent-Black-1.png\",\"contentUrl\":\"https:\/\/www.cliniqueevia.ca\/wp-content\/uploads\/2020\/09\/Evia-Logo-RGB-Transparent-Black-1.png\",\"width\":1818,\"height\":1056,\"caption\":\"Clinique \u00c9via\"},\"image\":{\"@id\":\"https:\/\/www.cliniqueevia.ca\/fr\/#\/schema\/logo\/image\/\"},\"sameAs\":[\"https:\/\/www.facebook.com\/cliniqueevia\"]}]}<\/script>\n<!-- \/ Yoast SEO plugin. -->","yoast_head_json":{"title":"Elasto-Collag\u00e8ne Ultra Clarifiant -XT &#8211; Clinique \u00c9via","robots":{"index":"index","follow":"follow","max-snippet":"max-snippet:-1","max-image-preview":"max-image-preview:large","max-video-preview":"max-video-preview:-1"},"canonical":"https:\/\/www.cliniqueevia.ca\/fr\/produit\/cellcosmet-elasto-collagene-ultra-clarifiante-xt\/","og_locale":"fr_FR","og_type":"article","og_title":"Elasto-Collag\u00e8ne Ultra Clarifiant -XT &#8211; Clinique \u00c9via","og_description":"V\u00e9ritable concentr\u00e9 de science cosm\u00e9tique destin\u00e9 \u00e0 parfaire votre teint pour magnifier votre visage.           Actions                 Clarifiante et unifiante  Red\u00e9finition l'apparence des contours du visage  Revitalisante et raffermissante  Procure une hydratation intensive de longue dur\u00e9e","og_url":"https:\/\/www.cliniqueevia.ca\/fr\/produit\/cellcosmet-elasto-collagene-ultra-clarifiante-xt\/","og_site_name":"Clinique \u00c9via","article_publisher":"https:\/\/www.facebook.com\/cliniqueevia","article_modified_time":"2024-11-22T19:56:29+00:00","og_image":[{"width":1400,"height":1400,"url":"https:\/\/www.cliniqueevia.ca\/wp-content\/uploads\/2021\/01\/shop_I.2113.1402-elasto-ultra-brigth-ombre.jpg","type":"image\/jpeg"}],"twitter_card":"summary_large_image","twitter_misc":{"Dur\u00e9e de lecture est.":"1 minute"},"schema":{"@context":"https:\/\/schema.org","@graph":[{"@type":"WebPage","@id":"https:\/\/www.cliniqueevia.ca\/fr\/produit\/cellcosmet-elasto-collagene-ultra-clarifiante-xt\/","url":"https:\/\/www.cliniqueevia.ca\/fr\/produit\/cellcosmet-elasto-collagene-ultra-clarifiante-xt\/","name":"Elasto-Collag\u00e8ne Ultra Clarifiant -XT &#8211; Clinique \u00c9via","isPartOf":{"@id":"https:\/\/www.cliniqueevia.ca\/fr\/#website"},"primaryImageOfPage":{"@id":"https:\/\/www.cliniqueevia.ca\/fr\/produit\/cellcosmet-elasto-collagene-ultra-clarifiante-xt\/#primaryimage"},"image":{"@id":"https:\/\/www.cliniqueevia.ca\/fr\/produit\/cellcosmet-elasto-collagene-ultra-clarifiante-xt\/#primaryimage"},"thumbnailUrl":"https:\/\/www.cliniqueevia.ca\/wp-content\/uploads\/2021\/01\/shop_I.2113.1402-elasto-ultra-brigth-ombre.jpg","datePublished":"2021-02-06T13:51:16+00:00","dateModified":"2024-11-22T19:56:29+00:00","breadcrumb":{"@id":"https:\/\/www.cliniqueevia.ca\/fr\/produit\/cellcosmet-elasto-collagene-ultra-clarifiante-xt\/#breadcrumb"},"inLanguage":"fr-FR","potentialAction":[{"@type":"ReadAction","target":["https:\/\/www.cliniqueevia.ca\/fr\/produit\/cellcosmet-elasto-collagene-ultra-clarifiante-xt\/"]}]},{"@type":"ImageObject","inLanguage":"fr-FR","@id":"https:\/\/www.cliniqueevia.ca\/fr\/produit\/cellcosmet-elasto-collagene-ultra-clarifiante-xt\/#primaryimage","url":"https:\/\/www.cliniqueevia.ca\/wp-content\/uploads\/2021\/01\/shop_I.2113.1402-elasto-ultra-brigth-ombre.jpg","contentUrl":"https:\/\/www.cliniqueevia.ca\/wp-content\/uploads\/2021\/01\/shop_I.2113.1402-elasto-ultra-brigth-ombre.jpg","width":1400,"height":1400,"caption":"Ultra Brightening Elasto-Collagen-XT"},{"@type":"BreadcrumbList","@id":"https:\/\/www.cliniqueevia.ca\/fr\/produit\/cellcosmet-elasto-collagene-ultra-clarifiante-xt\/#breadcrumb","itemListElement":[{"@type":"ListItem","position":1,"name":"Home","item":"https:\/\/www.cliniqueevia.ca\/fr\/"},{"@type":"ListItem","position":2,"name":"Boutique","item":"https:\/\/www.cliniqueevia.ca\/fr\/boutique\/"},{"@type":"ListItem","position":3,"name":"Elasto-Collag\u00e8ne Ultra Clarifiant -XT"}]},{"@type":"WebSite","@id":"https:\/\/www.cliniqueevia.ca\/fr\/#website","url":"https:\/\/www.cliniqueevia.ca\/fr\/","name":"Clinique \u00c9via","description":"Clinique \u00c9via traite vos conditions esth\u00e9tiques sp\u00e9cifiques gr\u00e2ce \u00e0 des technologies et des produits de haute performance.","publisher":{"@id":"https:\/\/www.cliniqueevia.ca\/fr\/#organization"},"potentialAction":[{"@type":"SearchAction","target":{"@type":"EntryPoint","urlTemplate":"https:\/\/www.cliniqueevia.ca\/fr\/?s={search_term_string}"},"query-input":{"@type":"PropertyValueSpecification","valueRequired":true,"valueName":"search_term_string"}}],"inLanguage":"fr-FR"},{"@type":"Organization","@id":"https:\/\/www.cliniqueevia.ca\/fr\/#organization","name":"Clinique \u00c9via","url":"https:\/\/www.cliniqueevia.ca\/fr\/","logo":{"@type":"ImageObject","inLanguage":"fr-FR","@id":"https:\/\/www.cliniqueevia.ca\/fr\/#\/schema\/logo\/image\/","url":"https:\/\/www.cliniqueevia.ca\/wp-content\/uploads\/2020\/09\/Evia-Logo-RGB-Transparent-Black-1.png","contentUrl":"https:\/\/www.cliniqueevia.ca\/wp-content\/uploads\/2020\/09\/Evia-Logo-RGB-Transparent-Black-1.png","width":1818,"height":1056,"caption":"Clinique \u00c9via"},"image":{"@id":"https:\/\/www.cliniqueevia.ca\/fr\/#\/schema\/logo\/image\/"},"sameAs":["https:\/\/www.facebook.com\/cliniqueevia"]}]}},"_links":{"self":[{"href":"https:\/\/www.cliniqueevia.ca\/fr\/wp-json\/wp\/v2\/product\/1281","targetHints":{"allow":["GET"]}}],"collection":[{"href":"https:\/\/www.cliniqueevia.ca\/fr\/wp-json\/wp\/v2\/product"}],"about":[{"href":"https:\/\/www.cliniqueevia.ca\/fr\/wp-json\/wp\/v2\/types\/product"}],"replies":[{"embeddable":true,"href":"https:\/\/www.cliniqueevia.ca\/fr\/wp-json\/wp\/v2\/comments?post=1281"}],"wp:featuredmedia":[{"embeddable":true,"href":"https:\/\/www.cliniqueevia.ca\/fr\/wp-json\/wp\/v2\/media\/1464"}],"wp:attachment":[{"href":"https:\/\/www.cliniqueevia.ca\/fr\/wp-json\/wp\/v2\/media?parent=1281"}],"wp:term":[{"taxonomy":"product_brand","embeddable":true,"href":"https:\/\/www.cliniqueevia.ca\/fr\/wp-json\/wp\/v2\/product_brand?post=1281"},{"taxonomy":"product_cat","embeddable":true,"href":"https:\/\/www.cliniqueevia.ca\/fr\/wp-json\/wp\/v2\/product_cat?post=1281"},{"taxonomy":"product_tag","embeddable":true,"href":"https:\/\/www.cliniqueevia.ca\/fr\/wp-json\/wp\/v2\/product_tag?post=1281"}],"curies":[{"name":"wp","href":"https:\/\/api.w.org\/{rel}","templated":true}]}}