{"id":1291,"date":"2021-01-29T21:38:47","date_gmt":"2021-02-06T19:01:13","guid":{"rendered":"https:\/\/www.cliniqueevia.ca\/product\/cellfiller-xt\/"},"modified":"2025-05-17T04:57:22","modified_gmt":"2025-05-17T08:57:22","slug":"cellcosmet-cellfiller-xt","status":"publish","type":"product","link":"https:\/\/www.cliniqueevia.ca\/fr\/produit\/cellcosmet-cellfiller-xt\/","title":{"rendered":"CellFiller-XT"},"content":{"rendered":"<div data-content-type=\"specifications-item-text\" data-appearance=\"default\" data-background-images=\"{}\" data-element=\"main\">\n<div data-content=\"true\">\n<div class=\"specifications-text\" data-element=\"specifications_text\">\n<div>\n<div>\n<div>\n<h2>Baume cellulaire combleur rides et contour des l\u00e8vres<\/h2>\n<p>Les rides d\u2019expression sont les reflets de notre personnalit\u00e9, mais pour qu\u2019elles ne s\u2019impriment pas sur votre visage, nous avons con\u00e7u ce soin unique et intelligent. Sa formule \u00e0 base d\u2019extraits cellulaires stabilis\u00e9s (10%) associ\u00e9s \u00e0 des ingr\u00e9dients d&rsquo;origine v\u00e9g\u00e9tale et marine en font un soin cibl\u00e9 pour un effet combleur et lissant imm\u00e9diat. Son application vous procure une agr\u00e9able sensation gr\u00e2ce \u00e0 sa texture fondante. CellFiller-XT red\u00e9finit et repulpe le contour des l\u00e8vres et lisse visiblement les rides verticales p\u00e9ribuccales. Votre peau est revitalis\u00e9e<\/p>\n<ul>\n<li>Extrait cellulaire stabilis\u00e9 10%<\/li>\n<li>Complexe Expert Hyaluron<\/li>\n<li>Complexe Volufill Liner<\/li>\n<li>Extrait Peptidique UltraRelax<\/li>\n<\/ul>\n<div data-content-type=\"specifications-item-text\" data-appearance=\"default\" data-background-images=\"{}\" data-element=\"main\">\n<div data-content=\"true\">\n<div id=\"scrollable-2010fbf4-82ee\" class=\"scrollable-text\">\n<div class=\"specifications-text scrollable-content kinetic-active\" data-element=\"specifications_text\">\n<h3>Indications<\/h3>\n<p>Recommand\u00e9 \u00e0 partir de 30 ans, le baume CellFiller-XT est indiqu\u00e9 pour les femmes qui recherchent un soin cellulaire avec un effet comblant imm\u00e9diat et relaxant des rides.<\/p>\n<\/div>\n<div class=\"scrollable-bottom\">\n<div class=\"descriptor\">\n<div class=\"value\"><strong>Type de Peaux<\/strong>: Tout types de peaux<\/div>\n<div><\/div>\n<\/div>\n<div class=\"descriptor\">\n<div class=\"value\">\u00c0 partir de 30 ans<\/div>\n<\/div>\n<div class=\"descriptor\">\n<div class=\"type\"><i class=\"icon-dna\"><\/i>Cyto + Phyto-cosm\u00e9tique<\/div>\n<div><\/div>\n<\/div>\n<div class=\"descriptor\">\n<div class=\"value\"><strong>Utilisation de la m\u00e9thode<\/strong> : Au moins matin et soir<\/div>\n<\/div>\n<\/div>\n<\/div>\n<\/div>\n<\/div>\n<\/div>\n<\/div>\n<\/div>\n<\/div>\n<\/div>\n<\/div>\n","protected":false},"excerpt":{"rendered":"<p>L\u2019astuce beaut\u00e9 innovante dans un format nomade qui permet de combler les rides d\u2019expression \u00e0 tout moment de la journ\u00e9e<\/p>\n<div class=\"specifications-image\"><strong>Actions<\/strong><\/div>\n<div id=\"scrollable-b54f2deb-c4f0\" class=\"scrollable-text\">\n<div class=\"specifications-text scrollable-content kinetic-active\" data-element=\"specifications_text\">\n<ul>\n<li>Repulpante et comblante des rides d&rsquo;expression<\/li>\n<li>Lisse les rides p\u00e9ribuccales<\/li>\n<li>Effet relaxant<\/li>\n<li>Hydratante et revitalisant<\/li>\n<\/ul>\n<\/div>\n<\/div>\n","protected":false},"featured_media":1472,"comment_status":"open","ping_status":"closed","template":"","meta":[],"product_brand":[],"product_cat":[97],"product_tag":[179,135,134,61],"class_list":{"0":"post-1291","1":"product","2":"type-product","3":"status-publish","4":"has-post-thumbnail","6":"product_cat-yeux-et-levres","7":"product_tag-cellcosmet-fr","8":"product_tag-lignes-dexpression","9":"product_tag-repulpant","10":"product_tag-tous-types-de-peaux","12":"first","13":"instock","14":"taxable","15":"shipping-taxable","16":"purchasable","17":"product-type-simple"},"yoast_head":"<!-- This site is optimized with the Yoast SEO plugin v23.9 - https:\/\/yoast.com\/wordpress\/plugins\/seo\/ -->\n<title>CellFiller-XT &#8211; Clinique \u00c9via<\/title>\n<meta name=\"robots\" content=\"index, follow, max-snippet:-1, max-image-preview:large, max-video-preview:-1\" \/>\n<link rel=\"canonical\" href=\"https:\/\/www.cliniqueevia.ca\/fr\/produit\/cellcosmet-cellfiller-xt\/\" \/>\n<meta property=\"og:locale\" content=\"fr_FR\" \/>\n<meta property=\"og:type\" content=\"article\" \/>\n<meta property=\"og:title\" content=\"CellFiller-XT &#8211; Clinique \u00c9via\" \/>\n<meta property=\"og:description\" content=\"L\u2019astuce beaut\u00e9 innovante dans un format nomade qui permet de combler les rides d\u2019expression \u00e0 tout moment de la journ\u00e9e Actions   Repulpante et comblante des rides d&#039;expression  Lisse les rides p\u00e9ribuccales  Effet relaxant  Hydratante et revitalisant\" \/>\n<meta property=\"og:url\" content=\"https:\/\/www.cliniqueevia.ca\/fr\/produit\/cellcosmet-cellfiller-xt\/\" \/>\n<meta property=\"og:site_name\" content=\"Clinique \u00c9via\" \/>\n<meta property=\"article:publisher\" content=\"https:\/\/www.facebook.com\/cliniqueevia\" \/>\n<meta property=\"article:modified_time\" content=\"2025-05-17T08:57:22+00:00\" \/>\n<meta property=\"og:image\" content=\"https:\/\/www.cliniqueevia.ca\/wp-content\/uploads\/2021\/01\/shop_I2113.1903-PR-EM-CellFiller.jpg\" \/>\n\t<meta property=\"og:image:width\" content=\"1400\" \/>\n\t<meta property=\"og:image:height\" content=\"1400\" \/>\n\t<meta property=\"og:image:type\" content=\"image\/jpeg\" \/>\n<meta name=\"twitter:card\" content=\"summary_large_image\" \/>\n<meta name=\"twitter:label1\" content=\"Dur\u00e9e de lecture est.\" \/>\n\t<meta name=\"twitter:data1\" content=\"1 minute\" \/>\n<script type=\"application\/ld+json\" class=\"yoast-schema-graph\">{\"@context\":\"https:\/\/schema.org\",\"@graph\":[{\"@type\":\"WebPage\",\"@id\":\"https:\/\/www.cliniqueevia.ca\/fr\/produit\/cellcosmet-cellfiller-xt\/\",\"url\":\"https:\/\/www.cliniqueevia.ca\/fr\/produit\/cellcosmet-cellfiller-xt\/\",\"name\":\"CellFiller-XT &#8211; Clinique \u00c9via\",\"isPartOf\":{\"@id\":\"https:\/\/www.cliniqueevia.ca\/fr\/#website\"},\"primaryImageOfPage\":{\"@id\":\"https:\/\/www.cliniqueevia.ca\/fr\/produit\/cellcosmet-cellfiller-xt\/#primaryimage\"},\"image\":{\"@id\":\"https:\/\/www.cliniqueevia.ca\/fr\/produit\/cellcosmet-cellfiller-xt\/#primaryimage\"},\"thumbnailUrl\":\"https:\/\/www.cliniqueevia.ca\/wp-content\/uploads\/2021\/01\/shop_I2113.1903-PR-EM-CellFiller.jpg\",\"datePublished\":\"2021-02-06T19:01:13+00:00\",\"dateModified\":\"2025-05-17T08:57:22+00:00\",\"breadcrumb\":{\"@id\":\"https:\/\/www.cliniqueevia.ca\/fr\/produit\/cellcosmet-cellfiller-xt\/#breadcrumb\"},\"inLanguage\":\"fr-FR\",\"potentialAction\":[{\"@type\":\"ReadAction\",\"target\":[\"https:\/\/www.cliniqueevia.ca\/fr\/produit\/cellcosmet-cellfiller-xt\/\"]}]},{\"@type\":\"ImageObject\",\"inLanguage\":\"fr-FR\",\"@id\":\"https:\/\/www.cliniqueevia.ca\/fr\/produit\/cellcosmet-cellfiller-xt\/#primaryimage\",\"url\":\"https:\/\/www.cliniqueevia.ca\/wp-content\/uploads\/2021\/01\/shop_I2113.1903-PR-EM-CellFiller.jpg\",\"contentUrl\":\"https:\/\/www.cliniqueevia.ca\/wp-content\/uploads\/2021\/01\/shop_I2113.1903-PR-EM-CellFiller.jpg\",\"width\":1400,\"height\":1400,\"caption\":\"CellFiller-XT\"},{\"@type\":\"BreadcrumbList\",\"@id\":\"https:\/\/www.cliniqueevia.ca\/fr\/produit\/cellcosmet-cellfiller-xt\/#breadcrumb\",\"itemListElement\":[{\"@type\":\"ListItem\",\"position\":1,\"name\":\"Home\",\"item\":\"https:\/\/www.cliniqueevia.ca\/fr\/\"},{\"@type\":\"ListItem\",\"position\":2,\"name\":\"Boutique\",\"item\":\"https:\/\/www.cliniqueevia.ca\/fr\/boutique\/\"},{\"@type\":\"ListItem\",\"position\":3,\"name\":\"CellFiller-XT\"}]},{\"@type\":\"WebSite\",\"@id\":\"https:\/\/www.cliniqueevia.ca\/fr\/#website\",\"url\":\"https:\/\/www.cliniqueevia.ca\/fr\/\",\"name\":\"Clinique \u00c9via\",\"description\":\"Clinique \u00c9via traite vos conditions esth\u00e9tiques sp\u00e9cifiques gr\u00e2ce \u00e0 des technologies et des produits de haute performance.\",\"publisher\":{\"@id\":\"https:\/\/www.cliniqueevia.ca\/fr\/#organization\"},\"potentialAction\":[{\"@type\":\"SearchAction\",\"target\":{\"@type\":\"EntryPoint\",\"urlTemplate\":\"https:\/\/www.cliniqueevia.ca\/fr\/?s={search_term_string}\"},\"query-input\":{\"@type\":\"PropertyValueSpecification\",\"valueRequired\":true,\"valueName\":\"search_term_string\"}}],\"inLanguage\":\"fr-FR\"},{\"@type\":\"Organization\",\"@id\":\"https:\/\/www.cliniqueevia.ca\/fr\/#organization\",\"name\":\"Clinique \u00c9via\",\"url\":\"https:\/\/www.cliniqueevia.ca\/fr\/\",\"logo\":{\"@type\":\"ImageObject\",\"inLanguage\":\"fr-FR\",\"@id\":\"https:\/\/www.cliniqueevia.ca\/fr\/#\/schema\/logo\/image\/\",\"url\":\"https:\/\/www.cliniqueevia.ca\/wp-content\/uploads\/2020\/09\/Evia-Logo-RGB-Transparent-Black-1.png\",\"contentUrl\":\"https:\/\/www.cliniqueevia.ca\/wp-content\/uploads\/2020\/09\/Evia-Logo-RGB-Transparent-Black-1.png\",\"width\":1818,\"height\":1056,\"caption\":\"Clinique \u00c9via\"},\"image\":{\"@id\":\"https:\/\/www.cliniqueevia.ca\/fr\/#\/schema\/logo\/image\/\"},\"sameAs\":[\"https:\/\/www.facebook.com\/cliniqueevia\"]}]}<\/script>\n<!-- \/ Yoast SEO plugin. -->","yoast_head_json":{"title":"CellFiller-XT &#8211; Clinique \u00c9via","robots":{"index":"index","follow":"follow","max-snippet":"max-snippet:-1","max-image-preview":"max-image-preview:large","max-video-preview":"max-video-preview:-1"},"canonical":"https:\/\/www.cliniqueevia.ca\/fr\/produit\/cellcosmet-cellfiller-xt\/","og_locale":"fr_FR","og_type":"article","og_title":"CellFiller-XT &#8211; Clinique \u00c9via","og_description":"L\u2019astuce beaut\u00e9 innovante dans un format nomade qui permet de combler les rides d\u2019expression \u00e0 tout moment de la journ\u00e9e Actions   Repulpante et comblante des rides d'expression  Lisse les rides p\u00e9ribuccales  Effet relaxant  Hydratante et revitalisant","og_url":"https:\/\/www.cliniqueevia.ca\/fr\/produit\/cellcosmet-cellfiller-xt\/","og_site_name":"Clinique \u00c9via","article_publisher":"https:\/\/www.facebook.com\/cliniqueevia","article_modified_time":"2025-05-17T08:57:22+00:00","og_image":[{"width":1400,"height":1400,"url":"https:\/\/www.cliniqueevia.ca\/wp-content\/uploads\/2021\/01\/shop_I2113.1903-PR-EM-CellFiller.jpg","type":"image\/jpeg"}],"twitter_card":"summary_large_image","twitter_misc":{"Dur\u00e9e de lecture est.":"1 minute"},"schema":{"@context":"https:\/\/schema.org","@graph":[{"@type":"WebPage","@id":"https:\/\/www.cliniqueevia.ca\/fr\/produit\/cellcosmet-cellfiller-xt\/","url":"https:\/\/www.cliniqueevia.ca\/fr\/produit\/cellcosmet-cellfiller-xt\/","name":"CellFiller-XT &#8211; Clinique \u00c9via","isPartOf":{"@id":"https:\/\/www.cliniqueevia.ca\/fr\/#website"},"primaryImageOfPage":{"@id":"https:\/\/www.cliniqueevia.ca\/fr\/produit\/cellcosmet-cellfiller-xt\/#primaryimage"},"image":{"@id":"https:\/\/www.cliniqueevia.ca\/fr\/produit\/cellcosmet-cellfiller-xt\/#primaryimage"},"thumbnailUrl":"https:\/\/www.cliniqueevia.ca\/wp-content\/uploads\/2021\/01\/shop_I2113.1903-PR-EM-CellFiller.jpg","datePublished":"2021-02-06T19:01:13+00:00","dateModified":"2025-05-17T08:57:22+00:00","breadcrumb":{"@id":"https:\/\/www.cliniqueevia.ca\/fr\/produit\/cellcosmet-cellfiller-xt\/#breadcrumb"},"inLanguage":"fr-FR","potentialAction":[{"@type":"ReadAction","target":["https:\/\/www.cliniqueevia.ca\/fr\/produit\/cellcosmet-cellfiller-xt\/"]}]},{"@type":"ImageObject","inLanguage":"fr-FR","@id":"https:\/\/www.cliniqueevia.ca\/fr\/produit\/cellcosmet-cellfiller-xt\/#primaryimage","url":"https:\/\/www.cliniqueevia.ca\/wp-content\/uploads\/2021\/01\/shop_I2113.1903-PR-EM-CellFiller.jpg","contentUrl":"https:\/\/www.cliniqueevia.ca\/wp-content\/uploads\/2021\/01\/shop_I2113.1903-PR-EM-CellFiller.jpg","width":1400,"height":1400,"caption":"CellFiller-XT"},{"@type":"BreadcrumbList","@id":"https:\/\/www.cliniqueevia.ca\/fr\/produit\/cellcosmet-cellfiller-xt\/#breadcrumb","itemListElement":[{"@type":"ListItem","position":1,"name":"Home","item":"https:\/\/www.cliniqueevia.ca\/fr\/"},{"@type":"ListItem","position":2,"name":"Boutique","item":"https:\/\/www.cliniqueevia.ca\/fr\/boutique\/"},{"@type":"ListItem","position":3,"name":"CellFiller-XT"}]},{"@type":"WebSite","@id":"https:\/\/www.cliniqueevia.ca\/fr\/#website","url":"https:\/\/www.cliniqueevia.ca\/fr\/","name":"Clinique \u00c9via","description":"Clinique \u00c9via traite vos conditions esth\u00e9tiques sp\u00e9cifiques gr\u00e2ce \u00e0 des technologies et des produits de haute performance.","publisher":{"@id":"https:\/\/www.cliniqueevia.ca\/fr\/#organization"},"potentialAction":[{"@type":"SearchAction","target":{"@type":"EntryPoint","urlTemplate":"https:\/\/www.cliniqueevia.ca\/fr\/?s={search_term_string}"},"query-input":{"@type":"PropertyValueSpecification","valueRequired":true,"valueName":"search_term_string"}}],"inLanguage":"fr-FR"},{"@type":"Organization","@id":"https:\/\/www.cliniqueevia.ca\/fr\/#organization","name":"Clinique \u00c9via","url":"https:\/\/www.cliniqueevia.ca\/fr\/","logo":{"@type":"ImageObject","inLanguage":"fr-FR","@id":"https:\/\/www.cliniqueevia.ca\/fr\/#\/schema\/logo\/image\/","url":"https:\/\/www.cliniqueevia.ca\/wp-content\/uploads\/2020\/09\/Evia-Logo-RGB-Transparent-Black-1.png","contentUrl":"https:\/\/www.cliniqueevia.ca\/wp-content\/uploads\/2020\/09\/Evia-Logo-RGB-Transparent-Black-1.png","width":1818,"height":1056,"caption":"Clinique \u00c9via"},"image":{"@id":"https:\/\/www.cliniqueevia.ca\/fr\/#\/schema\/logo\/image\/"},"sameAs":["https:\/\/www.facebook.com\/cliniqueevia"]}]}},"_links":{"self":[{"href":"https:\/\/www.cliniqueevia.ca\/fr\/wp-json\/wp\/v2\/product\/1291","targetHints":{"allow":["GET"]}}],"collection":[{"href":"https:\/\/www.cliniqueevia.ca\/fr\/wp-json\/wp\/v2\/product"}],"about":[{"href":"https:\/\/www.cliniqueevia.ca\/fr\/wp-json\/wp\/v2\/types\/product"}],"replies":[{"embeddable":true,"href":"https:\/\/www.cliniqueevia.ca\/fr\/wp-json\/wp\/v2\/comments?post=1291"}],"wp:featuredmedia":[{"embeddable":true,"href":"https:\/\/www.cliniqueevia.ca\/fr\/wp-json\/wp\/v2\/media\/1472"}],"wp:attachment":[{"href":"https:\/\/www.cliniqueevia.ca\/fr\/wp-json\/wp\/v2\/media?parent=1291"}],"wp:term":[{"taxonomy":"product_brand","embeddable":true,"href":"https:\/\/www.cliniqueevia.ca\/fr\/wp-json\/wp\/v2\/product_brand?post=1291"},{"taxonomy":"product_cat","embeddable":true,"href":"https:\/\/www.cliniqueevia.ca\/fr\/wp-json\/wp\/v2\/product_cat?post=1291"},{"taxonomy":"product_tag","embeddable":true,"href":"https:\/\/www.cliniqueevia.ca\/fr\/wp-json\/wp\/v2\/product_tag?post=1291"}],"curies":[{"name":"wp","href":"https:\/\/api.w.org\/{rel}","templated":true}]}}