{"id":1325,"date":"2021-01-28T20:21:19","date_gmt":"2021-02-07T15:24:34","guid":{"rendered":"https:\/\/www.cliniqueevia.ca\/product\/creme-aqua-secours\/"},"modified":"2025-11-24T08:54:49","modified_gmt":"2025-11-24T13:54:49","slug":"aquafolia-creme-aqua-secours","status":"publish","type":"product","link":"https:\/\/www.cliniqueevia.ca\/fr\/produit\/aquafolia-creme-aqua-secours\/","title":{"rendered":"Cr\u00e8me Aqua Secours"},"content":{"rendered":"<p>Cr\u00e8me intensive pour les peaux sensibles, d\u00e9shydrat\u00e9es et r\u00e9actives, bas\u00e9e sur un exopolysaccharide des sources hydrothermales profondes (extrait biotechnologique), des extraits de th\u00e9 blanc, vert et rouge et une huile de cupua\u00e7u. Hydrate et soulage les d\u00e9mangeaisons caus\u00e9es par le dess\u00e8chement de la peau. Procure une sensation de bien-\u00eatre. Diminue visiblement les rides et ridules. R\u00e9g\u00e9n\u00e8re la barri\u00e8re d\u2019hydratation de la peau<\/p>\n<ul>\n<li>R\u00e9duit l&rsquo;irritabilit\u00e9 et la sensibilit\u00e9 (extrait de bourgeons de c\u00e2pres)<\/li>\n<li>Aide \u00e0 renforcer la microcirculation<\/li>\n<li>Hydrate<sup> \u2756<\/sup> et lubrifie &#8211; fonction protectrice (huile d&rsquo;abricot, de tournesol et d&rsquo;airelle)<\/li>\n<li>Protection des cellules de Langerhans (exopolysaccharide &#8211; biotechnologie)<\/li>\n<li>Am\u00e9liore le syst\u00e8me de d\u00e9fense naturel de la peau<\/li>\n<li>R\u00e9parateur (beurre de cupua\u00e7u)<\/li>\n<li>Favorise la cicatrisation de la peau (lycosol &#8211; extrait de tomate)<\/li>\n<li>Antioxydant (extraits de th\u00e9 vert, blanc et rouge)<\/li>\n<\/ul>\n<p><strong class=\"type\">M\u00e9thode d&rsquo;utilisation<\/strong><\/p>\n<div class=\"value\">\n<p>Appliquer sur la peau apr\u00e8s le nettoyage de la peau, matin et soir. Appliquer apr\u00e8s le nettoyant et le<br \/>\n<a href=\"https:\/\/ca.aquafolia.com\/en_ca\/aqua-rescue-concentrate.html\" target=\"_blank\" rel=\"noopener noreferrer\">Concentr\u00e9 Aqua Rescue<\/a> .<\/p>\n<p><strong class=\"type\">Type de peau et conditions<\/strong><\/p>\n<div class=\"value\">Tous types de peaux sensibles, r\u00e9actives et d\u00e9shydrat\u00e9es<\/div>\n<\/div>\n","protected":false},"excerpt":{"rendered":"<p>Au secours des peaux sensibles d\u00e9shydrat\u00e9es et r\u00e9actives. Cr\u00e8me anti-rides qui diminue l&rsquo;apparence des rougeurs. Hydrate, apaise, diminue l&rsquo;apparence des rides et ridules et prot\u00e8ge des facteurs environnementaux.<\/p>\n<ul>\n<li>Pompe <i>airless<\/i><\/li>\n<li>R\u00e9duit l&rsquo;apparence des rougeurs et des d\u00e9mangeaisons gr\u00e2ce \u00e0 l&rsquo;hydratation<\/li>\n<li>Apaise et redonne du confort \u00e0 la peau<\/li>\n<li>Diminue visiblement l\u2019apparence des rides et des ridules.<\/li>\n<li><i>Hydrate<\/i> et lubrifie<\/li>\n<li>Aide \u00e0 r\u00e9tablir la barri\u00e8re cutan\u00e9e par l\u2019hydratation<\/li>\n<li>Texture l\u00e9g\u00e8re<\/li>\n<\/ul>\n","protected":false},"featured_media":1162,"comment_status":"open","ping_status":"closed","template":"","meta":[],"product_brand":[],"product_cat":[98],"product_tag":[178,255,153,162,161],"class_list":{"0":"post-1325","1":"product","2":"type-product","3":"status-publish","4":"has-post-thumbnail","6":"product_cat-hydratants","7":"product_tag-aquafolia-fr","8":"product_tag-concept-aqua-secours","9":"product_tag-peau-deshydratee","10":"product_tag-reactif","11":"product_tag-sensible","13":"first","14":"instock","15":"sale","16":"taxable","17":"shipping-taxable","18":"purchasable","19":"product-type-simple"},"yoast_head":"<!-- This site is optimized with the Yoast SEO plugin v23.9 - https:\/\/yoast.com\/wordpress\/plugins\/seo\/ -->\n<title>Cr\u00e8me Aqua Secours &#8211; Clinique \u00c9via<\/title>\n<meta name=\"robots\" content=\"index, follow, max-snippet:-1, max-image-preview:large, max-video-preview:-1\" \/>\n<link rel=\"canonical\" href=\"https:\/\/www.cliniqueevia.ca\/fr\/produit\/aquafolia-creme-aqua-secours\/\" \/>\n<meta property=\"og:locale\" content=\"fr_FR\" \/>\n<meta property=\"og:type\" content=\"article\" \/>\n<meta property=\"og:title\" content=\"Cr\u00e8me Aqua Secours &#8211; Clinique \u00c9via\" \/>\n<meta property=\"og:description\" content=\"Au secours des peaux sensibles d\u00e9shydrat\u00e9es et r\u00e9actives. Cr\u00e8me anti-rides qui diminue l&#039;apparence des rougeurs. Hydrate, apaise, diminue l&#039;apparence des rides et ridules et prot\u00e8ge des facteurs environnementaux.   Pompe airless  R\u00e9duit l&#039;apparence des rougeurs et des d\u00e9mangeaisons gr\u00e2ce \u00e0 l&#039;hydratation  Apaise et redonne du confort \u00e0 la peau  Diminue visiblement l\u2019apparence des rides et des ridules.  Hydrate et lubrifie  Aide \u00e0 r\u00e9tablir la barri\u00e8re cutan\u00e9e par l\u2019hydratation  Texture l\u00e9g\u00e8re\" \/>\n<meta property=\"og:url\" content=\"https:\/\/www.cliniqueevia.ca\/fr\/produit\/aquafolia-creme-aqua-secours\/\" \/>\n<meta property=\"og:site_name\" content=\"Clinique \u00c9via\" \/>\n<meta property=\"article:publisher\" content=\"https:\/\/www.facebook.com\/cliniqueevia\" \/>\n<meta property=\"article:modified_time\" content=\"2025-11-24T13:54:49+00:00\" \/>\n<meta property=\"og:image\" content=\"https:\/\/www.cliniqueevia.ca\/wp-content\/uploads\/2021\/01\/photo_AquaSecours_Creme_60ml_bte-scaled.jpg\" \/>\n\t<meta property=\"og:image:width\" content=\"2435\" \/>\n\t<meta property=\"og:image:height\" content=\"2560\" \/>\n\t<meta property=\"og:image:type\" content=\"image\/jpeg\" \/>\n<meta name=\"twitter:card\" content=\"summary_large_image\" \/>\n<meta name=\"twitter:label1\" content=\"Dur\u00e9e de lecture est.\" \/>\n\t<meta name=\"twitter:data1\" content=\"1 minute\" \/>\n<script type=\"application\/ld+json\" class=\"yoast-schema-graph\">{\"@context\":\"https:\/\/schema.org\",\"@graph\":[{\"@type\":\"WebPage\",\"@id\":\"https:\/\/www.cliniqueevia.ca\/fr\/produit\/aquafolia-creme-aqua-secours\/\",\"url\":\"https:\/\/www.cliniqueevia.ca\/fr\/produit\/aquafolia-creme-aqua-secours\/\",\"name\":\"Cr\u00e8me Aqua Secours &#8211; Clinique \u00c9via\",\"isPartOf\":{\"@id\":\"https:\/\/www.cliniqueevia.ca\/fr\/#website\"},\"primaryImageOfPage\":{\"@id\":\"https:\/\/www.cliniqueevia.ca\/fr\/produit\/aquafolia-creme-aqua-secours\/#primaryimage\"},\"image\":{\"@id\":\"https:\/\/www.cliniqueevia.ca\/fr\/produit\/aquafolia-creme-aqua-secours\/#primaryimage\"},\"thumbnailUrl\":\"https:\/\/www.cliniqueevia.ca\/wp-content\/uploads\/2021\/01\/photo_AquaSecours_Creme_60ml_bte-scaled.jpg\",\"datePublished\":\"2021-02-07T15:24:34+00:00\",\"dateModified\":\"2025-11-24T13:54:49+00:00\",\"breadcrumb\":{\"@id\":\"https:\/\/www.cliniqueevia.ca\/fr\/produit\/aquafolia-creme-aqua-secours\/#breadcrumb\"},\"inLanguage\":\"fr-FR\",\"potentialAction\":[{\"@type\":\"ReadAction\",\"target\":[\"https:\/\/www.cliniqueevia.ca\/fr\/produit\/aquafolia-creme-aqua-secours\/\"]}]},{\"@type\":\"ImageObject\",\"inLanguage\":\"fr-FR\",\"@id\":\"https:\/\/www.cliniqueevia.ca\/fr\/produit\/aquafolia-creme-aqua-secours\/#primaryimage\",\"url\":\"https:\/\/www.cliniqueevia.ca\/wp-content\/uploads\/2021\/01\/photo_AquaSecours_Creme_60ml_bte-scaled.jpg\",\"contentUrl\":\"https:\/\/www.cliniqueevia.ca\/wp-content\/uploads\/2021\/01\/photo_AquaSecours_Creme_60ml_bte-scaled.jpg\",\"width\":2435,\"height\":2560,\"caption\":\"Cr\u00e8me Aqua Rescue Aquafolia\"},{\"@type\":\"BreadcrumbList\",\"@id\":\"https:\/\/www.cliniqueevia.ca\/fr\/produit\/aquafolia-creme-aqua-secours\/#breadcrumb\",\"itemListElement\":[{\"@type\":\"ListItem\",\"position\":1,\"name\":\"Home\",\"item\":\"https:\/\/www.cliniqueevia.ca\/fr\/\"},{\"@type\":\"ListItem\",\"position\":2,\"name\":\"Boutique\",\"item\":\"https:\/\/www.cliniqueevia.ca\/fr\/boutique\/\"},{\"@type\":\"ListItem\",\"position\":3,\"name\":\"Cr\u00e8me Aqua Secours\"}]},{\"@type\":\"WebSite\",\"@id\":\"https:\/\/www.cliniqueevia.ca\/fr\/#website\",\"url\":\"https:\/\/www.cliniqueevia.ca\/fr\/\",\"name\":\"Clinique \u00c9via\",\"description\":\"Clinique \u00c9via traite vos conditions esth\u00e9tiques sp\u00e9cifiques gr\u00e2ce \u00e0 des technologies et des produits de haute performance.\",\"publisher\":{\"@id\":\"https:\/\/www.cliniqueevia.ca\/fr\/#organization\"},\"potentialAction\":[{\"@type\":\"SearchAction\",\"target\":{\"@type\":\"EntryPoint\",\"urlTemplate\":\"https:\/\/www.cliniqueevia.ca\/fr\/?s={search_term_string}\"},\"query-input\":{\"@type\":\"PropertyValueSpecification\",\"valueRequired\":true,\"valueName\":\"search_term_string\"}}],\"inLanguage\":\"fr-FR\"},{\"@type\":\"Organization\",\"@id\":\"https:\/\/www.cliniqueevia.ca\/fr\/#organization\",\"name\":\"Clinique \u00c9via\",\"url\":\"https:\/\/www.cliniqueevia.ca\/fr\/\",\"logo\":{\"@type\":\"ImageObject\",\"inLanguage\":\"fr-FR\",\"@id\":\"https:\/\/www.cliniqueevia.ca\/fr\/#\/schema\/logo\/image\/\",\"url\":\"https:\/\/www.cliniqueevia.ca\/wp-content\/uploads\/2020\/09\/Evia-Logo-RGB-Transparent-Black-1.png\",\"contentUrl\":\"https:\/\/www.cliniqueevia.ca\/wp-content\/uploads\/2020\/09\/Evia-Logo-RGB-Transparent-Black-1.png\",\"width\":1818,\"height\":1056,\"caption\":\"Clinique \u00c9via\"},\"image\":{\"@id\":\"https:\/\/www.cliniqueevia.ca\/fr\/#\/schema\/logo\/image\/\"},\"sameAs\":[\"https:\/\/www.facebook.com\/cliniqueevia\"]}]}<\/script>\n<!-- \/ Yoast SEO plugin. -->","yoast_head_json":{"title":"Cr\u00e8me Aqua Secours &#8211; Clinique \u00c9via","robots":{"index":"index","follow":"follow","max-snippet":"max-snippet:-1","max-image-preview":"max-image-preview:large","max-video-preview":"max-video-preview:-1"},"canonical":"https:\/\/www.cliniqueevia.ca\/fr\/produit\/aquafolia-creme-aqua-secours\/","og_locale":"fr_FR","og_type":"article","og_title":"Cr\u00e8me Aqua Secours &#8211; Clinique \u00c9via","og_description":"Au secours des peaux sensibles d\u00e9shydrat\u00e9es et r\u00e9actives. Cr\u00e8me anti-rides qui diminue l'apparence des rougeurs. Hydrate, apaise, diminue l'apparence des rides et ridules et prot\u00e8ge des facteurs environnementaux.   Pompe airless  R\u00e9duit l'apparence des rougeurs et des d\u00e9mangeaisons gr\u00e2ce \u00e0 l'hydratation  Apaise et redonne du confort \u00e0 la peau  Diminue visiblement l\u2019apparence des rides et des ridules.  Hydrate et lubrifie  Aide \u00e0 r\u00e9tablir la barri\u00e8re cutan\u00e9e par l\u2019hydratation  Texture l\u00e9g\u00e8re","og_url":"https:\/\/www.cliniqueevia.ca\/fr\/produit\/aquafolia-creme-aqua-secours\/","og_site_name":"Clinique \u00c9via","article_publisher":"https:\/\/www.facebook.com\/cliniqueevia","article_modified_time":"2025-11-24T13:54:49+00:00","og_image":[{"width":2435,"height":2560,"url":"https:\/\/www.cliniqueevia.ca\/wp-content\/uploads\/2021\/01\/photo_AquaSecours_Creme_60ml_bte-scaled.jpg","type":"image\/jpeg"}],"twitter_card":"summary_large_image","twitter_misc":{"Dur\u00e9e de lecture est.":"1 minute"},"schema":{"@context":"https:\/\/schema.org","@graph":[{"@type":"WebPage","@id":"https:\/\/www.cliniqueevia.ca\/fr\/produit\/aquafolia-creme-aqua-secours\/","url":"https:\/\/www.cliniqueevia.ca\/fr\/produit\/aquafolia-creme-aqua-secours\/","name":"Cr\u00e8me Aqua Secours &#8211; Clinique \u00c9via","isPartOf":{"@id":"https:\/\/www.cliniqueevia.ca\/fr\/#website"},"primaryImageOfPage":{"@id":"https:\/\/www.cliniqueevia.ca\/fr\/produit\/aquafolia-creme-aqua-secours\/#primaryimage"},"image":{"@id":"https:\/\/www.cliniqueevia.ca\/fr\/produit\/aquafolia-creme-aqua-secours\/#primaryimage"},"thumbnailUrl":"https:\/\/www.cliniqueevia.ca\/wp-content\/uploads\/2021\/01\/photo_AquaSecours_Creme_60ml_bte-scaled.jpg","datePublished":"2021-02-07T15:24:34+00:00","dateModified":"2025-11-24T13:54:49+00:00","breadcrumb":{"@id":"https:\/\/www.cliniqueevia.ca\/fr\/produit\/aquafolia-creme-aqua-secours\/#breadcrumb"},"inLanguage":"fr-FR","potentialAction":[{"@type":"ReadAction","target":["https:\/\/www.cliniqueevia.ca\/fr\/produit\/aquafolia-creme-aqua-secours\/"]}]},{"@type":"ImageObject","inLanguage":"fr-FR","@id":"https:\/\/www.cliniqueevia.ca\/fr\/produit\/aquafolia-creme-aqua-secours\/#primaryimage","url":"https:\/\/www.cliniqueevia.ca\/wp-content\/uploads\/2021\/01\/photo_AquaSecours_Creme_60ml_bte-scaled.jpg","contentUrl":"https:\/\/www.cliniqueevia.ca\/wp-content\/uploads\/2021\/01\/photo_AquaSecours_Creme_60ml_bte-scaled.jpg","width":2435,"height":2560,"caption":"Cr\u00e8me Aqua Rescue Aquafolia"},{"@type":"BreadcrumbList","@id":"https:\/\/www.cliniqueevia.ca\/fr\/produit\/aquafolia-creme-aqua-secours\/#breadcrumb","itemListElement":[{"@type":"ListItem","position":1,"name":"Home","item":"https:\/\/www.cliniqueevia.ca\/fr\/"},{"@type":"ListItem","position":2,"name":"Boutique","item":"https:\/\/www.cliniqueevia.ca\/fr\/boutique\/"},{"@type":"ListItem","position":3,"name":"Cr\u00e8me Aqua Secours"}]},{"@type":"WebSite","@id":"https:\/\/www.cliniqueevia.ca\/fr\/#website","url":"https:\/\/www.cliniqueevia.ca\/fr\/","name":"Clinique \u00c9via","description":"Clinique \u00c9via traite vos conditions esth\u00e9tiques sp\u00e9cifiques gr\u00e2ce \u00e0 des technologies et des produits de haute performance.","publisher":{"@id":"https:\/\/www.cliniqueevia.ca\/fr\/#organization"},"potentialAction":[{"@type":"SearchAction","target":{"@type":"EntryPoint","urlTemplate":"https:\/\/www.cliniqueevia.ca\/fr\/?s={search_term_string}"},"query-input":{"@type":"PropertyValueSpecification","valueRequired":true,"valueName":"search_term_string"}}],"inLanguage":"fr-FR"},{"@type":"Organization","@id":"https:\/\/www.cliniqueevia.ca\/fr\/#organization","name":"Clinique \u00c9via","url":"https:\/\/www.cliniqueevia.ca\/fr\/","logo":{"@type":"ImageObject","inLanguage":"fr-FR","@id":"https:\/\/www.cliniqueevia.ca\/fr\/#\/schema\/logo\/image\/","url":"https:\/\/www.cliniqueevia.ca\/wp-content\/uploads\/2020\/09\/Evia-Logo-RGB-Transparent-Black-1.png","contentUrl":"https:\/\/www.cliniqueevia.ca\/wp-content\/uploads\/2020\/09\/Evia-Logo-RGB-Transparent-Black-1.png","width":1818,"height":1056,"caption":"Clinique \u00c9via"},"image":{"@id":"https:\/\/www.cliniqueevia.ca\/fr\/#\/schema\/logo\/image\/"},"sameAs":["https:\/\/www.facebook.com\/cliniqueevia"]}]}},"_links":{"self":[{"href":"https:\/\/www.cliniqueevia.ca\/fr\/wp-json\/wp\/v2\/product\/1325","targetHints":{"allow":["GET"]}}],"collection":[{"href":"https:\/\/www.cliniqueevia.ca\/fr\/wp-json\/wp\/v2\/product"}],"about":[{"href":"https:\/\/www.cliniqueevia.ca\/fr\/wp-json\/wp\/v2\/types\/product"}],"replies":[{"embeddable":true,"href":"https:\/\/www.cliniqueevia.ca\/fr\/wp-json\/wp\/v2\/comments?post=1325"}],"wp:featuredmedia":[{"embeddable":true,"href":"https:\/\/www.cliniqueevia.ca\/fr\/wp-json\/wp\/v2\/media\/1162"}],"wp:attachment":[{"href":"https:\/\/www.cliniqueevia.ca\/fr\/wp-json\/wp\/v2\/media?parent=1325"}],"wp:term":[{"taxonomy":"product_brand","embeddable":true,"href":"https:\/\/www.cliniqueevia.ca\/fr\/wp-json\/wp\/v2\/product_brand?post=1325"},{"taxonomy":"product_cat","embeddable":true,"href":"https:\/\/www.cliniqueevia.ca\/fr\/wp-json\/wp\/v2\/product_cat?post=1325"},{"taxonomy":"product_tag","embeddable":true,"href":"https:\/\/www.cliniqueevia.ca\/fr\/wp-json\/wp\/v2\/product_tag?post=1325"}],"curies":[{"name":"wp","href":"https:\/\/api.w.org\/{rel}","templated":true}]}}