{"id":1330,"date":"2021-01-28T19:38:14","date_gmt":"2021-02-07T19:23:18","guid":{"rendered":"https:\/\/www.cliniqueevia.ca\/product\/seve-apaisante-nettoyante\/"},"modified":"2026-05-02T00:28:31","modified_gmt":"2026-05-02T04:28:31","slug":"aquafolia-seve-apaisante-nettoyante","status":"publish","type":"product","link":"https:\/\/www.cliniqueevia.ca\/fr\/produit\/aquafolia-seve-apaisante-nettoyante\/","title":{"rendered":"S\u00e8ve Apaisante Nettoyante"},"content":{"rendered":"<p>Gel nettoyant ultra-doux. Texture unique enveloppante. Nettoie et d\u00e9maquille en douceur tous types de peaux. Gr\u00e2ce \u00e0 sa formulation contenant de l\u2019extrait de saponaire et trois sortes de th\u00e9, il participe \u00e0 nettoyer et \u00e0 revigorer la peau. Am\u00e9liore l\u2019\u00e9clat et la clart\u00e9 du teint. Ne laisse aucun r\u00e9sidu. Procure une sensation de fra\u00eecheur et laisse la peau velout\u00e9e, hydrat\u00e9e<sup>\u2756<\/sup> et d\u00e9barrass\u00e9e des impuret\u00e9s.<\/p>\n<ul>\n<li>Sans huile<\/li>\n<li>Non-com\u00e9dog\u00e8ne<\/li>\n<li>Doux (saponaire agent nettoyant)<\/li>\n<li>Antioxydant (contient des flavono\u00efdes &#8211; extraits de th\u00e9 vert, blanc et rouge)<\/li>\n<li>Antioxydant et antimicrobien (extrait de feuille d&rsquo;olivier)<\/li>\n<\/ul>\n<p><strong class=\"type\">M\u00e9thode d&rsquo;utilisation<\/strong><\/p>\n<div class=\"value\">\n<p>Appliquer une petite quantit\u00e9 sur tout le visage matin et soir, masser l\u00e9g\u00e8rement dans un mouvement circulaire avec les doigts mouill\u00e9s. Rincer abondamment \u00e0 l&rsquo;eau.<\/p>\n<p><strong class=\"type\">Type de peau et conditions<\/strong><\/p>\n<div class=\"value\">Tous types de peaux. Visage et contour des yeux<\/div>\n<\/div>\n","protected":false},"excerpt":{"rendered":"<p>Nettoyeur antioxydant, calmant, vivifiant aux extraits de th\u00e9 vert, blanc et rouge<\/p>\n<ul>\n<li>Pr\u00e9sent\u00e9 dans un tube<\/li>\n<li>Texture gel douce et velout\u00e9e<\/li>\n<li>Sensation de fra\u00eecheur<\/li>\n<li>Am\u00e9liore l\u2019\u00e9clat et la clart\u00e9 du teint<\/li>\n<li>Hydrosoluble nettoie sans laisser de r\u00e9sidu<\/li>\n<li>Laisse une sensation de fra\u00eecheur<\/li>\n<li>Laisse la peau souple et apais\u00e9e<\/li>\n<li>Odeur incroyable de th\u00e9 vert<\/li>\n<li>D\u00e9maquille aussi les yeux<\/li>\n<li>Sans huile<\/li>\n<\/ul>\n","protected":false},"featured_media":1151,"comment_status":"open","ping_status":"closed","template":"","meta":[],"product_brand":[],"product_cat":[95],"product_tag":[178,61],"class_list":{"0":"post-1330","1":"product","2":"type-product","3":"status-publish","4":"has-post-thumbnail","6":"product_cat-nettoyants-et-lotions","7":"product_tag-aquafolia-fr","8":"product_tag-tous-types-de-peaux","10":"first","11":"instock","12":"sale","13":"taxable","14":"shipping-taxable","15":"purchasable","16":"product-type-simple"},"yoast_head":"<!-- This site is optimized with the Yoast SEO plugin v23.9 - https:\/\/yoast.com\/wordpress\/plugins\/seo\/ -->\n<title>S\u00e8ve Apaisante Nettoyante &#8211; Clinique \u00c9via<\/title>\n<meta name=\"robots\" content=\"index, follow, max-snippet:-1, max-image-preview:large, max-video-preview:-1\" \/>\n<link rel=\"canonical\" href=\"https:\/\/www.cliniqueevia.ca\/fr\/produit\/aquafolia-seve-apaisante-nettoyante\/\" \/>\n<meta property=\"og:locale\" content=\"fr_FR\" \/>\n<meta property=\"og:type\" content=\"article\" \/>\n<meta property=\"og:title\" content=\"S\u00e8ve Apaisante Nettoyante &#8211; Clinique \u00c9via\" \/>\n<meta property=\"og:description\" content=\"Nettoyeur antioxydant, calmant, vivifiant aux extraits de th\u00e9 vert, blanc et rouge  Pr\u00e9sent\u00e9 dans un tube  Texture gel douce et velout\u00e9e  Sensation de fra\u00eecheur  Am\u00e9liore l\u2019\u00e9clat et la clart\u00e9 du teint  Hydrosoluble nettoie sans laisser de r\u00e9sidu  Laisse une sensation de fra\u00eecheur  Laisse la peau souple et apais\u00e9e  Odeur incroyable de th\u00e9 vert  D\u00e9maquille aussi les yeux  Sans huile\" \/>\n<meta property=\"og:url\" content=\"https:\/\/www.cliniqueevia.ca\/fr\/produit\/aquafolia-seve-apaisante-nettoyante\/\" \/>\n<meta property=\"og:site_name\" content=\"Clinique \u00c9via\" \/>\n<meta property=\"article:publisher\" content=\"https:\/\/www.facebook.com\/cliniqueevia\" \/>\n<meta property=\"article:modified_time\" content=\"2026-05-02T04:28:31+00:00\" \/>\n<meta property=\"og:image\" content=\"https:\/\/www.cliniqueevia.ca\/wp-content\/uploads\/2021\/01\/photo_Seve_Apaisante_180ml_bte-scaled.jpg\" \/>\n\t<meta property=\"og:image:width\" content=\"2560\" \/>\n\t<meta property=\"og:image:height\" content=\"2188\" \/>\n\t<meta property=\"og:image:type\" content=\"image\/jpeg\" \/>\n<meta name=\"twitter:card\" content=\"summary_large_image\" \/>\n<meta name=\"twitter:label1\" content=\"Dur\u00e9e de lecture est.\" \/>\n\t<meta name=\"twitter:data1\" content=\"1 minute\" \/>\n<script type=\"application\/ld+json\" class=\"yoast-schema-graph\">{\"@context\":\"https:\/\/schema.org\",\"@graph\":[{\"@type\":\"WebPage\",\"@id\":\"https:\/\/www.cliniqueevia.ca\/fr\/produit\/aquafolia-seve-apaisante-nettoyante\/\",\"url\":\"https:\/\/www.cliniqueevia.ca\/fr\/produit\/aquafolia-seve-apaisante-nettoyante\/\",\"name\":\"S\u00e8ve Apaisante Nettoyante &#8211; Clinique \u00c9via\",\"isPartOf\":{\"@id\":\"https:\/\/www.cliniqueevia.ca\/fr\/#website\"},\"primaryImageOfPage\":{\"@id\":\"https:\/\/www.cliniqueevia.ca\/fr\/produit\/aquafolia-seve-apaisante-nettoyante\/#primaryimage\"},\"image\":{\"@id\":\"https:\/\/www.cliniqueevia.ca\/fr\/produit\/aquafolia-seve-apaisante-nettoyante\/#primaryimage\"},\"thumbnailUrl\":\"https:\/\/www.cliniqueevia.ca\/wp-content\/uploads\/2021\/01\/photo_Seve_Apaisante_180ml_bte-scaled.jpg\",\"datePublished\":\"2021-02-07T19:23:18+00:00\",\"dateModified\":\"2026-05-02T04:28:31+00:00\",\"breadcrumb\":{\"@id\":\"https:\/\/www.cliniqueevia.ca\/fr\/produit\/aquafolia-seve-apaisante-nettoyante\/#breadcrumb\"},\"inLanguage\":\"fr-FR\",\"potentialAction\":[{\"@type\":\"ReadAction\",\"target\":[\"https:\/\/www.cliniqueevia.ca\/fr\/produit\/aquafolia-seve-apaisante-nettoyante\/\"]}]},{\"@type\":\"ImageObject\",\"inLanguage\":\"fr-FR\",\"@id\":\"https:\/\/www.cliniqueevia.ca\/fr\/produit\/aquafolia-seve-apaisante-nettoyante\/#primaryimage\",\"url\":\"https:\/\/www.cliniqueevia.ca\/wp-content\/uploads\/2021\/01\/photo_Seve_Apaisante_180ml_bte-scaled.jpg\",\"contentUrl\":\"https:\/\/www.cliniqueevia.ca\/wp-content\/uploads\/2021\/01\/photo_Seve_Apaisante_180ml_bte-scaled.jpg\",\"width\":2560,\"height\":2188,\"caption\":\"S\u00e8ve Apaisante Nettoyante Aquafolia\"},{\"@type\":\"BreadcrumbList\",\"@id\":\"https:\/\/www.cliniqueevia.ca\/fr\/produit\/aquafolia-seve-apaisante-nettoyante\/#breadcrumb\",\"itemListElement\":[{\"@type\":\"ListItem\",\"position\":1,\"name\":\"Home\",\"item\":\"https:\/\/www.cliniqueevia.ca\/fr\/\"},{\"@type\":\"ListItem\",\"position\":2,\"name\":\"Boutique\",\"item\":\"https:\/\/www.cliniqueevia.ca\/fr\/boutique\/\"},{\"@type\":\"ListItem\",\"position\":3,\"name\":\"S\u00e8ve Apaisante Nettoyante\"}]},{\"@type\":\"WebSite\",\"@id\":\"https:\/\/www.cliniqueevia.ca\/fr\/#website\",\"url\":\"https:\/\/www.cliniqueevia.ca\/fr\/\",\"name\":\"Clinique \u00c9via\",\"description\":\"Clinique \u00c9via traite vos conditions esth\u00e9tiques sp\u00e9cifiques gr\u00e2ce \u00e0 des technologies et des produits de haute performance.\",\"publisher\":{\"@id\":\"https:\/\/www.cliniqueevia.ca\/fr\/#organization\"},\"potentialAction\":[{\"@type\":\"SearchAction\",\"target\":{\"@type\":\"EntryPoint\",\"urlTemplate\":\"https:\/\/www.cliniqueevia.ca\/fr\/?s={search_term_string}\"},\"query-input\":{\"@type\":\"PropertyValueSpecification\",\"valueRequired\":true,\"valueName\":\"search_term_string\"}}],\"inLanguage\":\"fr-FR\"},{\"@type\":\"Organization\",\"@id\":\"https:\/\/www.cliniqueevia.ca\/fr\/#organization\",\"name\":\"Clinique \u00c9via\",\"url\":\"https:\/\/www.cliniqueevia.ca\/fr\/\",\"logo\":{\"@type\":\"ImageObject\",\"inLanguage\":\"fr-FR\",\"@id\":\"https:\/\/www.cliniqueevia.ca\/fr\/#\/schema\/logo\/image\/\",\"url\":\"https:\/\/www.cliniqueevia.ca\/wp-content\/uploads\/2020\/09\/Evia-Logo-RGB-Transparent-Black-1.png\",\"contentUrl\":\"https:\/\/www.cliniqueevia.ca\/wp-content\/uploads\/2020\/09\/Evia-Logo-RGB-Transparent-Black-1.png\",\"width\":1818,\"height\":1056,\"caption\":\"Clinique \u00c9via\"},\"image\":{\"@id\":\"https:\/\/www.cliniqueevia.ca\/fr\/#\/schema\/logo\/image\/\"},\"sameAs\":[\"https:\/\/www.facebook.com\/cliniqueevia\"]}]}<\/script>\n<!-- \/ Yoast SEO plugin. -->","yoast_head_json":{"title":"S\u00e8ve Apaisante Nettoyante &#8211; Clinique \u00c9via","robots":{"index":"index","follow":"follow","max-snippet":"max-snippet:-1","max-image-preview":"max-image-preview:large","max-video-preview":"max-video-preview:-1"},"canonical":"https:\/\/www.cliniqueevia.ca\/fr\/produit\/aquafolia-seve-apaisante-nettoyante\/","og_locale":"fr_FR","og_type":"article","og_title":"S\u00e8ve Apaisante Nettoyante &#8211; Clinique \u00c9via","og_description":"Nettoyeur antioxydant, calmant, vivifiant aux extraits de th\u00e9 vert, blanc et rouge  Pr\u00e9sent\u00e9 dans un tube  Texture gel douce et velout\u00e9e  Sensation de fra\u00eecheur  Am\u00e9liore l\u2019\u00e9clat et la clart\u00e9 du teint  Hydrosoluble nettoie sans laisser de r\u00e9sidu  Laisse une sensation de fra\u00eecheur  Laisse la peau souple et apais\u00e9e  Odeur incroyable de th\u00e9 vert  D\u00e9maquille aussi les yeux  Sans huile","og_url":"https:\/\/www.cliniqueevia.ca\/fr\/produit\/aquafolia-seve-apaisante-nettoyante\/","og_site_name":"Clinique \u00c9via","article_publisher":"https:\/\/www.facebook.com\/cliniqueevia","article_modified_time":"2026-05-02T04:28:31+00:00","og_image":[{"width":2560,"height":2188,"url":"https:\/\/www.cliniqueevia.ca\/wp-content\/uploads\/2021\/01\/photo_Seve_Apaisante_180ml_bte-scaled.jpg","type":"image\/jpeg"}],"twitter_card":"summary_large_image","twitter_misc":{"Dur\u00e9e de lecture est.":"1 minute"},"schema":{"@context":"https:\/\/schema.org","@graph":[{"@type":"WebPage","@id":"https:\/\/www.cliniqueevia.ca\/fr\/produit\/aquafolia-seve-apaisante-nettoyante\/","url":"https:\/\/www.cliniqueevia.ca\/fr\/produit\/aquafolia-seve-apaisante-nettoyante\/","name":"S\u00e8ve Apaisante Nettoyante &#8211; Clinique \u00c9via","isPartOf":{"@id":"https:\/\/www.cliniqueevia.ca\/fr\/#website"},"primaryImageOfPage":{"@id":"https:\/\/www.cliniqueevia.ca\/fr\/produit\/aquafolia-seve-apaisante-nettoyante\/#primaryimage"},"image":{"@id":"https:\/\/www.cliniqueevia.ca\/fr\/produit\/aquafolia-seve-apaisante-nettoyante\/#primaryimage"},"thumbnailUrl":"https:\/\/www.cliniqueevia.ca\/wp-content\/uploads\/2021\/01\/photo_Seve_Apaisante_180ml_bte-scaled.jpg","datePublished":"2021-02-07T19:23:18+00:00","dateModified":"2026-05-02T04:28:31+00:00","breadcrumb":{"@id":"https:\/\/www.cliniqueevia.ca\/fr\/produit\/aquafolia-seve-apaisante-nettoyante\/#breadcrumb"},"inLanguage":"fr-FR","potentialAction":[{"@type":"ReadAction","target":["https:\/\/www.cliniqueevia.ca\/fr\/produit\/aquafolia-seve-apaisante-nettoyante\/"]}]},{"@type":"ImageObject","inLanguage":"fr-FR","@id":"https:\/\/www.cliniqueevia.ca\/fr\/produit\/aquafolia-seve-apaisante-nettoyante\/#primaryimage","url":"https:\/\/www.cliniqueevia.ca\/wp-content\/uploads\/2021\/01\/photo_Seve_Apaisante_180ml_bte-scaled.jpg","contentUrl":"https:\/\/www.cliniqueevia.ca\/wp-content\/uploads\/2021\/01\/photo_Seve_Apaisante_180ml_bte-scaled.jpg","width":2560,"height":2188,"caption":"S\u00e8ve Apaisante Nettoyante Aquafolia"},{"@type":"BreadcrumbList","@id":"https:\/\/www.cliniqueevia.ca\/fr\/produit\/aquafolia-seve-apaisante-nettoyante\/#breadcrumb","itemListElement":[{"@type":"ListItem","position":1,"name":"Home","item":"https:\/\/www.cliniqueevia.ca\/fr\/"},{"@type":"ListItem","position":2,"name":"Boutique","item":"https:\/\/www.cliniqueevia.ca\/fr\/boutique\/"},{"@type":"ListItem","position":3,"name":"S\u00e8ve Apaisante Nettoyante"}]},{"@type":"WebSite","@id":"https:\/\/www.cliniqueevia.ca\/fr\/#website","url":"https:\/\/www.cliniqueevia.ca\/fr\/","name":"Clinique \u00c9via","description":"Clinique \u00c9via traite vos conditions esth\u00e9tiques sp\u00e9cifiques gr\u00e2ce \u00e0 des technologies et des produits de haute performance.","publisher":{"@id":"https:\/\/www.cliniqueevia.ca\/fr\/#organization"},"potentialAction":[{"@type":"SearchAction","target":{"@type":"EntryPoint","urlTemplate":"https:\/\/www.cliniqueevia.ca\/fr\/?s={search_term_string}"},"query-input":{"@type":"PropertyValueSpecification","valueRequired":true,"valueName":"search_term_string"}}],"inLanguage":"fr-FR"},{"@type":"Organization","@id":"https:\/\/www.cliniqueevia.ca\/fr\/#organization","name":"Clinique \u00c9via","url":"https:\/\/www.cliniqueevia.ca\/fr\/","logo":{"@type":"ImageObject","inLanguage":"fr-FR","@id":"https:\/\/www.cliniqueevia.ca\/fr\/#\/schema\/logo\/image\/","url":"https:\/\/www.cliniqueevia.ca\/wp-content\/uploads\/2020\/09\/Evia-Logo-RGB-Transparent-Black-1.png","contentUrl":"https:\/\/www.cliniqueevia.ca\/wp-content\/uploads\/2020\/09\/Evia-Logo-RGB-Transparent-Black-1.png","width":1818,"height":1056,"caption":"Clinique \u00c9via"},"image":{"@id":"https:\/\/www.cliniqueevia.ca\/fr\/#\/schema\/logo\/image\/"},"sameAs":["https:\/\/www.facebook.com\/cliniqueevia"]}]}},"_links":{"self":[{"href":"https:\/\/www.cliniqueevia.ca\/fr\/wp-json\/wp\/v2\/product\/1330","targetHints":{"allow":["GET"]}}],"collection":[{"href":"https:\/\/www.cliniqueevia.ca\/fr\/wp-json\/wp\/v2\/product"}],"about":[{"href":"https:\/\/www.cliniqueevia.ca\/fr\/wp-json\/wp\/v2\/types\/product"}],"replies":[{"embeddable":true,"href":"https:\/\/www.cliniqueevia.ca\/fr\/wp-json\/wp\/v2\/comments?post=1330"}],"wp:featuredmedia":[{"embeddable":true,"href":"https:\/\/www.cliniqueevia.ca\/fr\/wp-json\/wp\/v2\/media\/1151"}],"wp:attachment":[{"href":"https:\/\/www.cliniqueevia.ca\/fr\/wp-json\/wp\/v2\/media?parent=1330"}],"wp:term":[{"taxonomy":"product_brand","embeddable":true,"href":"https:\/\/www.cliniqueevia.ca\/fr\/wp-json\/wp\/v2\/product_brand?post=1330"},{"taxonomy":"product_cat","embeddable":true,"href":"https:\/\/www.cliniqueevia.ca\/fr\/wp-json\/wp\/v2\/product_cat?post=1330"},{"taxonomy":"product_tag","embeddable":true,"href":"https:\/\/www.cliniqueevia.ca\/fr\/wp-json\/wp\/v2\/product_tag?post=1330"}],"curies":[{"name":"wp","href":"https:\/\/api.w.org\/{rel}","templated":true}]}}