{"id":1338,"date":"2021-01-28T18:58:36","date_gmt":"2021-02-07T19:57:26","guid":{"rendered":"https:\/\/www.cliniqueevia.ca\/product\/exfoliant-enzymatique-etape-1\/"},"modified":"2026-05-05T00:31:13","modified_gmt":"2026-05-05T04:31:13","slug":"aquafolia-enzymatique-exfoliant-step-1","status":"publish","type":"product","link":"https:\/\/www.cliniqueevia.ca\/fr\/produit\/aquafolia-enzymatique-exfoliant-step-1\/","title":{"rendered":"Exfoliant Enzymatique \u00c9tape 1"},"content":{"rendered":"<p>Syst\u00e8me enzymatique prot\u00e9g\u00e9 stimul\u00e9 lors de l&rsquo;application du<a href=\"https:\/\/ca.aquafolia.com\/en_ca\/enzymatic-exfoliant-step-2.html\" target=\"_blank\" rel=\"noopener noreferrer\"> Exfoliant enzymatique \u00c9tape 2<\/a> . Affine le grain de la peau, \u00e9limine la peau des cellules mortes. R\u00e9duit l&rsquo;apparence et la taille des pores. Revitalise et pr\u00e9pare la peau aux produits subs\u00e9quents.<\/p>\n<p>Note: Ce produit a besoin de l&rsquo;Exfoliant Enzymatique \u00c9tape 2 pour \u00eatre efficace.<\/p>\n<ul>\n<li>Sans huile<\/li>\n<li>Exfolie sans irritation<\/li>\n<li>Aucune exfoliation m\u00e9canique<\/li>\n<li>Nouveau concept novateur<\/li>\n<li>Favorise le renouvellement cellulaire &#8211; r\u00e9g\u00e9n\u00e9ration (concept protecteur de l&rsquo;activit\u00e9 enzymatique prot\u00e9olytique &#8211; enzymes papa\u00efne et brom\u00e9la\u00efne)<\/li>\n<li>Auto r\u00e9gul\u00e9<\/li>\n<\/ul>\n<p><strong class=\"type\">M\u00e9thode d&rsquo;utilisation<\/strong><\/p>\n<div class=\"value\">\n<p>S\u2019utilise 1 \u00e0 2 fois par semaine. Appliquez une petite quantit\u00e9 sur tout le visage apr\u00e8s le nettoyage. Poursuivre l&rsquo;application de la<a href=\"https:\/\/ca.aquafolia.com\/en_ca\/enzymatic-exfoliant-step-2.html\" target=\"_blank\" rel=\"noopener noreferrer\"> Exfoliant enzymatique \u00c9tape 2<\/a> . Laisser agir 3 \u00e0 5 minutes, \u00e9mulsionner, puis rincer. Avertissement: \u00e9viter tout contact avec le contour des yeux. Si le produit p\u00e9n\u00e8tre dans les yeux, rincer abondamment \u00e0 l&rsquo;eau.<\/p>\n<p><strong class=\"type\">Type de peau et conditions<\/strong><\/p>\n<div class=\"value\">Tous types de peaux &#8211; m\u00eame condition tr\u00e8s sensible et peaux \u00e0 probl\u00e8mes<\/div>\n<\/div>\n","protected":false},"excerpt":{"rendered":"<p>Affine la texture de la peau. \u00c9limine les cellules mortes de la peau.<\/p>\n<p><strong class=\"type\">Fonctions et caract\u00e9ristiques du produit<\/strong><\/p>\n<div class=\"value\">\n<ul>\n<li>Pompe <i>airless<\/i><\/li>\n<li>Exfoliation profonde et douceur<\/li>\n<li>Hydratante<\/li>\n<li>Sans de granule<\/li>\n<li>Action enzymatique<\/li>\n<li>Ne stimule pas les s\u00e9cr\u00e9tions s\u00e9bac\u00e9es<\/li>\n<li>Ne cr\u00e9e pas de micro l\u00e9sions<\/li>\n<li>Am\u00e9liore l\u2019\u00e9clat et la clart\u00e9 du teint<\/li>\n<li>Aide le renouvellement par l\u2019exfoliation<\/li>\n<li>Laisse la peau lisse, claire, au teint unifi\u00e9<\/li>\n<\/ul>\n<\/div>\n","protected":false},"featured_media":1134,"comment_status":"open","ping_status":"closed","template":"","meta":[],"product_brand":[],"product_cat":[96],"product_tag":[178,265,163,61],"class_list":{"0":"post-1338","1":"product","2":"type-product","3":"status-publish","4":"has-post-thumbnail","6":"product_cat-exfoliants-fr","7":"product_tag-aquafolia-fr","8":"product_tag-peau-sensible-fr","9":"product_tag-peau-sujette-a-buttons","10":"product_tag-tous-types-de-peaux","12":"first","13":"instock","14":"sale","15":"taxable","16":"shipping-taxable","17":"purchasable","18":"product-type-simple"},"yoast_head":"<!-- This site is optimized with the Yoast SEO plugin v23.9 - https:\/\/yoast.com\/wordpress\/plugins\/seo\/ -->\n<title>Exfoliant Enzymatique \u00c9tape 1 &#8211; Clinique \u00c9via<\/title>\n<meta name=\"robots\" content=\"index, follow, max-snippet:-1, max-image-preview:large, max-video-preview:-1\" \/>\n<link rel=\"canonical\" href=\"https:\/\/www.cliniqueevia.ca\/fr\/produit\/aquafolia-enzymatique-exfoliant-step-1\/\" \/>\n<meta property=\"og:locale\" content=\"fr_FR\" \/>\n<meta property=\"og:type\" content=\"article\" \/>\n<meta property=\"og:title\" content=\"Exfoliant Enzymatique \u00c9tape 1 &#8211; Clinique \u00c9via\" \/>\n<meta property=\"og:description\" content=\"Affine la texture de la peau. \u00c9limine les cellules mortes de la peau. Fonctions et caract\u00e9ristiques du produit   Pompe airless  Exfoliation profonde et douceur  Hydratante  Sans de granule  Action enzymatique  Ne stimule pas les s\u00e9cr\u00e9tions s\u00e9bac\u00e9es  Ne cr\u00e9e pas de micro l\u00e9sions  Am\u00e9liore l\u2019\u00e9clat et la clart\u00e9 du teint  Aide le renouvellement par l\u2019exfoliation  Laisse la peau lisse, claire, au teint unifi\u00e9\" \/>\n<meta property=\"og:url\" content=\"https:\/\/www.cliniqueevia.ca\/fr\/produit\/aquafolia-enzymatique-exfoliant-step-1\/\" \/>\n<meta property=\"og:site_name\" content=\"Clinique \u00c9via\" \/>\n<meta property=\"article:publisher\" content=\"https:\/\/www.facebook.com\/cliniqueevia\" \/>\n<meta property=\"article:modified_time\" content=\"2026-05-05T04:31:13+00:00\" \/>\n<meta property=\"og:image\" content=\"https:\/\/www.cliniqueevia.ca\/wp-content\/uploads\/2021\/01\/photo_Exfoliant_Enzym_Etape1_30ml_bte-scaled.jpg\" \/>\n\t<meta property=\"og:image:width\" content=\"2177\" \/>\n\t<meta property=\"og:image:height\" content=\"2560\" \/>\n\t<meta property=\"og:image:type\" content=\"image\/jpeg\" \/>\n<meta name=\"twitter:card\" content=\"summary_large_image\" \/>\n<meta name=\"twitter:label1\" content=\"Dur\u00e9e de lecture est.\" \/>\n\t<meta name=\"twitter:data1\" content=\"1 minute\" \/>\n<script type=\"application\/ld+json\" class=\"yoast-schema-graph\">{\"@context\":\"https:\/\/schema.org\",\"@graph\":[{\"@type\":\"WebPage\",\"@id\":\"https:\/\/www.cliniqueevia.ca\/fr\/produit\/aquafolia-enzymatique-exfoliant-step-1\/\",\"url\":\"https:\/\/www.cliniqueevia.ca\/fr\/produit\/aquafolia-enzymatique-exfoliant-step-1\/\",\"name\":\"Exfoliant Enzymatique \u00c9tape 1 &#8211; Clinique \u00c9via\",\"isPartOf\":{\"@id\":\"https:\/\/www.cliniqueevia.ca\/fr\/#website\"},\"primaryImageOfPage\":{\"@id\":\"https:\/\/www.cliniqueevia.ca\/fr\/produit\/aquafolia-enzymatique-exfoliant-step-1\/#primaryimage\"},\"image\":{\"@id\":\"https:\/\/www.cliniqueevia.ca\/fr\/produit\/aquafolia-enzymatique-exfoliant-step-1\/#primaryimage\"},\"thumbnailUrl\":\"https:\/\/www.cliniqueevia.ca\/wp-content\/uploads\/2021\/01\/photo_Exfoliant_Enzym_Etape1_30ml_bte-scaled.jpg\",\"datePublished\":\"2021-02-07T19:57:26+00:00\",\"dateModified\":\"2026-05-05T04:31:13+00:00\",\"breadcrumb\":{\"@id\":\"https:\/\/www.cliniqueevia.ca\/fr\/produit\/aquafolia-enzymatique-exfoliant-step-1\/#breadcrumb\"},\"inLanguage\":\"fr-FR\",\"potentialAction\":[{\"@type\":\"ReadAction\",\"target\":[\"https:\/\/www.cliniqueevia.ca\/fr\/produit\/aquafolia-enzymatique-exfoliant-step-1\/\"]}]},{\"@type\":\"ImageObject\",\"inLanguage\":\"fr-FR\",\"@id\":\"https:\/\/www.cliniqueevia.ca\/fr\/produit\/aquafolia-enzymatique-exfoliant-step-1\/#primaryimage\",\"url\":\"https:\/\/www.cliniqueevia.ca\/wp-content\/uploads\/2021\/01\/photo_Exfoliant_Enzym_Etape1_30ml_bte-scaled.jpg\",\"contentUrl\":\"https:\/\/www.cliniqueevia.ca\/wp-content\/uploads\/2021\/01\/photo_Exfoliant_Enzym_Etape1_30ml_bte-scaled.jpg\",\"width\":2177,\"height\":2560,\"caption\":\"Aquafolia Enzymatic Exfliant \u00c9tape 1\"},{\"@type\":\"BreadcrumbList\",\"@id\":\"https:\/\/www.cliniqueevia.ca\/fr\/produit\/aquafolia-enzymatique-exfoliant-step-1\/#breadcrumb\",\"itemListElement\":[{\"@type\":\"ListItem\",\"position\":1,\"name\":\"Home\",\"item\":\"https:\/\/www.cliniqueevia.ca\/fr\/\"},{\"@type\":\"ListItem\",\"position\":2,\"name\":\"Boutique\",\"item\":\"https:\/\/www.cliniqueevia.ca\/fr\/boutique\/\"},{\"@type\":\"ListItem\",\"position\":3,\"name\":\"Exfoliant Enzymatique \u00c9tape 1\"}]},{\"@type\":\"WebSite\",\"@id\":\"https:\/\/www.cliniqueevia.ca\/fr\/#website\",\"url\":\"https:\/\/www.cliniqueevia.ca\/fr\/\",\"name\":\"Clinique \u00c9via\",\"description\":\"Clinique \u00c9via traite vos conditions esth\u00e9tiques sp\u00e9cifiques gr\u00e2ce \u00e0 des technologies et des produits de haute performance.\",\"publisher\":{\"@id\":\"https:\/\/www.cliniqueevia.ca\/fr\/#organization\"},\"potentialAction\":[{\"@type\":\"SearchAction\",\"target\":{\"@type\":\"EntryPoint\",\"urlTemplate\":\"https:\/\/www.cliniqueevia.ca\/fr\/?s={search_term_string}\"},\"query-input\":{\"@type\":\"PropertyValueSpecification\",\"valueRequired\":true,\"valueName\":\"search_term_string\"}}],\"inLanguage\":\"fr-FR\"},{\"@type\":\"Organization\",\"@id\":\"https:\/\/www.cliniqueevia.ca\/fr\/#organization\",\"name\":\"Clinique \u00c9via\",\"url\":\"https:\/\/www.cliniqueevia.ca\/fr\/\",\"logo\":{\"@type\":\"ImageObject\",\"inLanguage\":\"fr-FR\",\"@id\":\"https:\/\/www.cliniqueevia.ca\/fr\/#\/schema\/logo\/image\/\",\"url\":\"https:\/\/www.cliniqueevia.ca\/wp-content\/uploads\/2020\/09\/Evia-Logo-RGB-Transparent-Black-1.png\",\"contentUrl\":\"https:\/\/www.cliniqueevia.ca\/wp-content\/uploads\/2020\/09\/Evia-Logo-RGB-Transparent-Black-1.png\",\"width\":1818,\"height\":1056,\"caption\":\"Clinique \u00c9via\"},\"image\":{\"@id\":\"https:\/\/www.cliniqueevia.ca\/fr\/#\/schema\/logo\/image\/\"},\"sameAs\":[\"https:\/\/www.facebook.com\/cliniqueevia\"]}]}<\/script>\n<!-- \/ Yoast SEO plugin. -->","yoast_head_json":{"title":"Exfoliant Enzymatique \u00c9tape 1 &#8211; Clinique \u00c9via","robots":{"index":"index","follow":"follow","max-snippet":"max-snippet:-1","max-image-preview":"max-image-preview:large","max-video-preview":"max-video-preview:-1"},"canonical":"https:\/\/www.cliniqueevia.ca\/fr\/produit\/aquafolia-enzymatique-exfoliant-step-1\/","og_locale":"fr_FR","og_type":"article","og_title":"Exfoliant Enzymatique \u00c9tape 1 &#8211; Clinique \u00c9via","og_description":"Affine la texture de la peau. \u00c9limine les cellules mortes de la peau. Fonctions et caract\u00e9ristiques du produit   Pompe airless  Exfoliation profonde et douceur  Hydratante  Sans de granule  Action enzymatique  Ne stimule pas les s\u00e9cr\u00e9tions s\u00e9bac\u00e9es  Ne cr\u00e9e pas de micro l\u00e9sions  Am\u00e9liore l\u2019\u00e9clat et la clart\u00e9 du teint  Aide le renouvellement par l\u2019exfoliation  Laisse la peau lisse, claire, au teint unifi\u00e9","og_url":"https:\/\/www.cliniqueevia.ca\/fr\/produit\/aquafolia-enzymatique-exfoliant-step-1\/","og_site_name":"Clinique \u00c9via","article_publisher":"https:\/\/www.facebook.com\/cliniqueevia","article_modified_time":"2026-05-05T04:31:13+00:00","og_image":[{"width":2177,"height":2560,"url":"https:\/\/www.cliniqueevia.ca\/wp-content\/uploads\/2021\/01\/photo_Exfoliant_Enzym_Etape1_30ml_bte-scaled.jpg","type":"image\/jpeg"}],"twitter_card":"summary_large_image","twitter_misc":{"Dur\u00e9e de lecture est.":"1 minute"},"schema":{"@context":"https:\/\/schema.org","@graph":[{"@type":"WebPage","@id":"https:\/\/www.cliniqueevia.ca\/fr\/produit\/aquafolia-enzymatique-exfoliant-step-1\/","url":"https:\/\/www.cliniqueevia.ca\/fr\/produit\/aquafolia-enzymatique-exfoliant-step-1\/","name":"Exfoliant Enzymatique \u00c9tape 1 &#8211; Clinique \u00c9via","isPartOf":{"@id":"https:\/\/www.cliniqueevia.ca\/fr\/#website"},"primaryImageOfPage":{"@id":"https:\/\/www.cliniqueevia.ca\/fr\/produit\/aquafolia-enzymatique-exfoliant-step-1\/#primaryimage"},"image":{"@id":"https:\/\/www.cliniqueevia.ca\/fr\/produit\/aquafolia-enzymatique-exfoliant-step-1\/#primaryimage"},"thumbnailUrl":"https:\/\/www.cliniqueevia.ca\/wp-content\/uploads\/2021\/01\/photo_Exfoliant_Enzym_Etape1_30ml_bte-scaled.jpg","datePublished":"2021-02-07T19:57:26+00:00","dateModified":"2026-05-05T04:31:13+00:00","breadcrumb":{"@id":"https:\/\/www.cliniqueevia.ca\/fr\/produit\/aquafolia-enzymatique-exfoliant-step-1\/#breadcrumb"},"inLanguage":"fr-FR","potentialAction":[{"@type":"ReadAction","target":["https:\/\/www.cliniqueevia.ca\/fr\/produit\/aquafolia-enzymatique-exfoliant-step-1\/"]}]},{"@type":"ImageObject","inLanguage":"fr-FR","@id":"https:\/\/www.cliniqueevia.ca\/fr\/produit\/aquafolia-enzymatique-exfoliant-step-1\/#primaryimage","url":"https:\/\/www.cliniqueevia.ca\/wp-content\/uploads\/2021\/01\/photo_Exfoliant_Enzym_Etape1_30ml_bte-scaled.jpg","contentUrl":"https:\/\/www.cliniqueevia.ca\/wp-content\/uploads\/2021\/01\/photo_Exfoliant_Enzym_Etape1_30ml_bte-scaled.jpg","width":2177,"height":2560,"caption":"Aquafolia Enzymatic Exfliant \u00c9tape 1"},{"@type":"BreadcrumbList","@id":"https:\/\/www.cliniqueevia.ca\/fr\/produit\/aquafolia-enzymatique-exfoliant-step-1\/#breadcrumb","itemListElement":[{"@type":"ListItem","position":1,"name":"Home","item":"https:\/\/www.cliniqueevia.ca\/fr\/"},{"@type":"ListItem","position":2,"name":"Boutique","item":"https:\/\/www.cliniqueevia.ca\/fr\/boutique\/"},{"@type":"ListItem","position":3,"name":"Exfoliant Enzymatique \u00c9tape 1"}]},{"@type":"WebSite","@id":"https:\/\/www.cliniqueevia.ca\/fr\/#website","url":"https:\/\/www.cliniqueevia.ca\/fr\/","name":"Clinique \u00c9via","description":"Clinique \u00c9via traite vos conditions esth\u00e9tiques sp\u00e9cifiques gr\u00e2ce \u00e0 des technologies et des produits de haute performance.","publisher":{"@id":"https:\/\/www.cliniqueevia.ca\/fr\/#organization"},"potentialAction":[{"@type":"SearchAction","target":{"@type":"EntryPoint","urlTemplate":"https:\/\/www.cliniqueevia.ca\/fr\/?s={search_term_string}"},"query-input":{"@type":"PropertyValueSpecification","valueRequired":true,"valueName":"search_term_string"}}],"inLanguage":"fr-FR"},{"@type":"Organization","@id":"https:\/\/www.cliniqueevia.ca\/fr\/#organization","name":"Clinique \u00c9via","url":"https:\/\/www.cliniqueevia.ca\/fr\/","logo":{"@type":"ImageObject","inLanguage":"fr-FR","@id":"https:\/\/www.cliniqueevia.ca\/fr\/#\/schema\/logo\/image\/","url":"https:\/\/www.cliniqueevia.ca\/wp-content\/uploads\/2020\/09\/Evia-Logo-RGB-Transparent-Black-1.png","contentUrl":"https:\/\/www.cliniqueevia.ca\/wp-content\/uploads\/2020\/09\/Evia-Logo-RGB-Transparent-Black-1.png","width":1818,"height":1056,"caption":"Clinique \u00c9via"},"image":{"@id":"https:\/\/www.cliniqueevia.ca\/fr\/#\/schema\/logo\/image\/"},"sameAs":["https:\/\/www.facebook.com\/cliniqueevia"]}]}},"_links":{"self":[{"href":"https:\/\/www.cliniqueevia.ca\/fr\/wp-json\/wp\/v2\/product\/1338","targetHints":{"allow":["GET"]}}],"collection":[{"href":"https:\/\/www.cliniqueevia.ca\/fr\/wp-json\/wp\/v2\/product"}],"about":[{"href":"https:\/\/www.cliniqueevia.ca\/fr\/wp-json\/wp\/v2\/types\/product"}],"replies":[{"embeddable":true,"href":"https:\/\/www.cliniqueevia.ca\/fr\/wp-json\/wp\/v2\/comments?post=1338"}],"wp:featuredmedia":[{"embeddable":true,"href":"https:\/\/www.cliniqueevia.ca\/fr\/wp-json\/wp\/v2\/media\/1134"}],"wp:attachment":[{"href":"https:\/\/www.cliniqueevia.ca\/fr\/wp-json\/wp\/v2\/media?parent=1338"}],"wp:term":[{"taxonomy":"product_brand","embeddable":true,"href":"https:\/\/www.cliniqueevia.ca\/fr\/wp-json\/wp\/v2\/product_brand?post=1338"},{"taxonomy":"product_cat","embeddable":true,"href":"https:\/\/www.cliniqueevia.ca\/fr\/wp-json\/wp\/v2\/product_cat?post=1338"},{"taxonomy":"product_tag","embeddable":true,"href":"https:\/\/www.cliniqueevia.ca\/fr\/wp-json\/wp\/v2\/product_tag?post=1338"}],"curies":[{"name":"wp","href":"https:\/\/api.w.org\/{rel}","templated":true}]}}