{"id":1339,"date":"2021-01-28T17:58:45","date_gmt":"2021-02-07T20:05:13","guid":{"rendered":"https:\/\/www.cliniqueevia.ca\/product\/concentre-aquaunde\/"},"modified":"2022-12-01T16:20:38","modified_gmt":"2022-12-01T16:20:38","slug":"aquafolia-concentre-aquaunde","status":"publish","type":"product","link":"https:\/\/www.cliniqueevia.ca\/fr\/produit\/aquafolia-concentre-aquaunde\/","title":{"rendered":"Concentr\u00e9 AquaUNDE"},"content":{"rendered":"<p>Complexe innovateur redonnant \u00e0 la peau une apparence de jeunesse lumineuse. Diminue visiblement les rides et les ridules. Clarifie et aide visiblement \u00e0 r\u00e9duire l\u2019apparence des taches pigmentaires. Unifie le teint, hydrate et favorise les d\u00e9fenses naturelles de la peau.<\/p>\n<ul>\n<li>Non photosensibilisant<\/li>\n<li>Sans hydroquinone<\/li>\n<li>Sans colorant<\/li>\n<li>Sans parfum<\/li>\n<\/ul>\n","protected":false},"excerpt":{"rendered":"<p>Redonne une \u00e9nergie cr\u00e9atrice clarifiante pour une apparence lumineuse de jeunesse. Anti-rides et anti-taches<\/p>\n<ul>\n<li>Pompe <i>airless<\/i><\/li>\n<li>Anti-\u00e2ge (diminue les signes visibles du vieillissement)<\/li>\n<li>R\u00e9duit l&rsquo;apparence des taches brunes &#8211; hyperpigmentation (peptides sp\u00e9cialis\u00e9es)<\/li>\n<li>Diminue visiblement les rides et ridules<\/li>\n<li>Peut \u00eatre utilis\u00e9 toute l&rsquo;ann\u00e9e et non photosensibilisant<\/li>\n<li>Am\u00e9liore l\u2019\u00e9clat et la clart\u00e9 du teint<\/li>\n<li>Am\u00e9liore l&rsquo;hydratation de la peau<\/li>\n<li>Am\u00e9liore l\u2019\u00e9lasticit\u00e9 cutan\u00e9e et la souplesse de la peau<\/li>\n<li>Performance sup\u00e9rieure<\/li>\n<li>Redonne \u00e0 la peau un \u00e9clat lumineux et sain<\/li>\n<\/ul>\n<p><strong class=\"type\">Type de peau et conditions<\/strong><\/p>\n<div class=\"value\">Anti-\u00e2ge pour les peaux matures, d\u00e9shydrat\u00e9es ayant des taches pigmentaires.Tous types de peaux<\/div>\n<p>&nbsp;<\/p>\n<p><strong class=\"type\">M\u00e9thode d&rsquo;utilisation<\/strong><\/p>\n<div class=\"value\">\n<p>Appliquer le matin et \/ ou le soir sous votre soin habituel. Utiliser sous la <a href=\"https:\/\/ca.aquafolia.com\/en_ca\/aquaunde-cream.html\" target=\"_blank\" rel=\"noopener noreferrer\">Cr\u00e8me AquaUNDE.<\/a><\/p>\n<\/div>\n","protected":false},"featured_media":1127,"comment_status":"open","ping_status":"closed","template":"","meta":[],"product_brand":[],"product_cat":[99],"product_tag":[264,178,247,130,61],"class_list":{"0":"post-1339","1":"product","2":"type-product","3":"status-publish","4":"has-post-thumbnail","6":"product_cat-serums-fr","7":"product_tag-anti-rides-fr","8":"product_tag-aquafolia-fr","9":"product_tag-aquaunde-fr","10":"product_tag-hyperpigmentation-fr","11":"product_tag-tous-types-de-peaux","13":"first","14":"instock","15":"sale","16":"taxable","17":"shipping-taxable","18":"purchasable","19":"product-type-variable"},"yoast_head":"<!-- This site is optimized with the Yoast SEO plugin v23.9 - https:\/\/yoast.com\/wordpress\/plugins\/seo\/ -->\n<title>Concentr\u00e9 AquaUNDE &#8211; Clinique \u00c9via<\/title>\n<meta name=\"robots\" content=\"index, follow, max-snippet:-1, max-image-preview:large, max-video-preview:-1\" \/>\n<link rel=\"canonical\" href=\"https:\/\/www.cliniqueevia.ca\/fr\/produit\/aquafolia-concentre-aquaunde\/\" \/>\n<meta property=\"og:locale\" content=\"fr_FR\" \/>\n<meta property=\"og:type\" content=\"article\" \/>\n<meta property=\"og:title\" content=\"Concentr\u00e9 AquaUNDE &#8211; Clinique \u00c9via\" \/>\n<meta property=\"og:description\" content=\"Redonne une \u00e9nergie cr\u00e9atrice clarifiante pour une apparence lumineuse de jeunesse. Anti-rides et anti-taches  Pompe airless  Anti-\u00e2ge (diminue les signes visibles du vieillissement)  R\u00e9duit l&#039;apparence des taches brunes - hyperpigmentation (peptides sp\u00e9cialis\u00e9es)  Diminue visiblement les rides et ridules  Peut \u00eatre utilis\u00e9 toute l&#039;ann\u00e9e et non photosensibilisant  Am\u00e9liore l\u2019\u00e9clat et la clart\u00e9 du teint  Am\u00e9liore l&#039;hydratation de la peau  Am\u00e9liore l\u2019\u00e9lasticit\u00e9 cutan\u00e9e et la souplesse de la peau  Performance sup\u00e9rieure  Redonne \u00e0 la peau un \u00e9clat lumineux et sain Type de peau et conditions Anti-\u00e2ge pour les peaux matures, d\u00e9shydrat\u00e9es ayant des taches pigmentaires.Tous types de peaux &nbsp; M\u00e9thode d&#039;utilisation  Appliquer le matin et \/ ou le soir sous votre soin habituel. Utiliser sous la Cr\u00e8me AquaUNDE.\" \/>\n<meta property=\"og:url\" content=\"https:\/\/www.cliniqueevia.ca\/fr\/produit\/aquafolia-concentre-aquaunde\/\" \/>\n<meta property=\"og:site_name\" content=\"Clinique \u00c9via\" \/>\n<meta property=\"article:publisher\" content=\"https:\/\/www.facebook.com\/cliniqueevia\" \/>\n<meta property=\"article:modified_time\" content=\"2022-12-01T16:20:38+00:00\" \/>\n<meta property=\"og:image\" content=\"https:\/\/www.cliniqueevia.ca\/wp-content\/uploads\/2021\/01\/photo_AquaUnde_Concentre_50ml_bte-scaled.jpg\" \/>\n\t<meta property=\"og:image:width\" content=\"1952\" \/>\n\t<meta property=\"og:image:height\" content=\"2560\" \/>\n\t<meta property=\"og:image:type\" content=\"image\/jpeg\" \/>\n<meta name=\"twitter:card\" content=\"summary_large_image\" \/>\n<script type=\"application\/ld+json\" class=\"yoast-schema-graph\">{\"@context\":\"https:\/\/schema.org\",\"@graph\":[{\"@type\":\"WebPage\",\"@id\":\"https:\/\/www.cliniqueevia.ca\/fr\/produit\/aquafolia-concentre-aquaunde\/\",\"url\":\"https:\/\/www.cliniqueevia.ca\/fr\/produit\/aquafolia-concentre-aquaunde\/\",\"name\":\"Concentr\u00e9 AquaUNDE &#8211; Clinique \u00c9via\",\"isPartOf\":{\"@id\":\"https:\/\/www.cliniqueevia.ca\/fr\/#website\"},\"primaryImageOfPage\":{\"@id\":\"https:\/\/www.cliniqueevia.ca\/fr\/produit\/aquafolia-concentre-aquaunde\/#primaryimage\"},\"image\":{\"@id\":\"https:\/\/www.cliniqueevia.ca\/fr\/produit\/aquafolia-concentre-aquaunde\/#primaryimage\"},\"thumbnailUrl\":\"https:\/\/www.cliniqueevia.ca\/wp-content\/uploads\/2021\/01\/photo_AquaUnde_Concentre_50ml_bte-scaled.jpg\",\"datePublished\":\"2021-02-07T20:05:13+00:00\",\"dateModified\":\"2022-12-01T16:20:38+00:00\",\"breadcrumb\":{\"@id\":\"https:\/\/www.cliniqueevia.ca\/fr\/produit\/aquafolia-concentre-aquaunde\/#breadcrumb\"},\"inLanguage\":\"fr-FR\",\"potentialAction\":[{\"@type\":\"ReadAction\",\"target\":[\"https:\/\/www.cliniqueevia.ca\/fr\/produit\/aquafolia-concentre-aquaunde\/\"]}]},{\"@type\":\"ImageObject\",\"inLanguage\":\"fr-FR\",\"@id\":\"https:\/\/www.cliniqueevia.ca\/fr\/produit\/aquafolia-concentre-aquaunde\/#primaryimage\",\"url\":\"https:\/\/www.cliniqueevia.ca\/wp-content\/uploads\/2021\/01\/photo_AquaUnde_Concentre_50ml_bte-scaled.jpg\",\"contentUrl\":\"https:\/\/www.cliniqueevia.ca\/wp-content\/uploads\/2021\/01\/photo_AquaUnde_Concentre_50ml_bte-scaled.jpg\",\"width\":1952,\"height\":2560,\"caption\":\"Concentr\u00e9 Aquafolia AquaUNDE 50 ml\"},{\"@type\":\"BreadcrumbList\",\"@id\":\"https:\/\/www.cliniqueevia.ca\/fr\/produit\/aquafolia-concentre-aquaunde\/#breadcrumb\",\"itemListElement\":[{\"@type\":\"ListItem\",\"position\":1,\"name\":\"Home\",\"item\":\"https:\/\/www.cliniqueevia.ca\/fr\/\"},{\"@type\":\"ListItem\",\"position\":2,\"name\":\"Boutique\",\"item\":\"https:\/\/www.cliniqueevia.ca\/fr\/boutique\/\"},{\"@type\":\"ListItem\",\"position\":3,\"name\":\"Concentr\u00e9 AquaUNDE\"}]},{\"@type\":\"WebSite\",\"@id\":\"https:\/\/www.cliniqueevia.ca\/fr\/#website\",\"url\":\"https:\/\/www.cliniqueevia.ca\/fr\/\",\"name\":\"Clinique \u00c9via\",\"description\":\"Clinique \u00c9via traite vos conditions esth\u00e9tiques sp\u00e9cifiques gr\u00e2ce \u00e0 des technologies et des produits de haute performance.\",\"publisher\":{\"@id\":\"https:\/\/www.cliniqueevia.ca\/fr\/#organization\"},\"potentialAction\":[{\"@type\":\"SearchAction\",\"target\":{\"@type\":\"EntryPoint\",\"urlTemplate\":\"https:\/\/www.cliniqueevia.ca\/fr\/?s={search_term_string}\"},\"query-input\":{\"@type\":\"PropertyValueSpecification\",\"valueRequired\":true,\"valueName\":\"search_term_string\"}}],\"inLanguage\":\"fr-FR\"},{\"@type\":\"Organization\",\"@id\":\"https:\/\/www.cliniqueevia.ca\/fr\/#organization\",\"name\":\"Clinique \u00c9via\",\"url\":\"https:\/\/www.cliniqueevia.ca\/fr\/\",\"logo\":{\"@type\":\"ImageObject\",\"inLanguage\":\"fr-FR\",\"@id\":\"https:\/\/www.cliniqueevia.ca\/fr\/#\/schema\/logo\/image\/\",\"url\":\"https:\/\/www.cliniqueevia.ca\/wp-content\/uploads\/2020\/09\/Evia-Logo-RGB-Transparent-Black-1.png\",\"contentUrl\":\"https:\/\/www.cliniqueevia.ca\/wp-content\/uploads\/2020\/09\/Evia-Logo-RGB-Transparent-Black-1.png\",\"width\":1818,\"height\":1056,\"caption\":\"Clinique \u00c9via\"},\"image\":{\"@id\":\"https:\/\/www.cliniqueevia.ca\/fr\/#\/schema\/logo\/image\/\"},\"sameAs\":[\"https:\/\/www.facebook.com\/cliniqueevia\"]}]}<\/script>\n<!-- \/ Yoast SEO plugin. -->","yoast_head_json":{"title":"Concentr\u00e9 AquaUNDE &#8211; Clinique \u00c9via","robots":{"index":"index","follow":"follow","max-snippet":"max-snippet:-1","max-image-preview":"max-image-preview:large","max-video-preview":"max-video-preview:-1"},"canonical":"https:\/\/www.cliniqueevia.ca\/fr\/produit\/aquafolia-concentre-aquaunde\/","og_locale":"fr_FR","og_type":"article","og_title":"Concentr\u00e9 AquaUNDE &#8211; Clinique \u00c9via","og_description":"Redonne une \u00e9nergie cr\u00e9atrice clarifiante pour une apparence lumineuse de jeunesse. Anti-rides et anti-taches  Pompe airless  Anti-\u00e2ge (diminue les signes visibles du vieillissement)  R\u00e9duit l'apparence des taches brunes - hyperpigmentation (peptides sp\u00e9cialis\u00e9es)  Diminue visiblement les rides et ridules  Peut \u00eatre utilis\u00e9 toute l'ann\u00e9e et non photosensibilisant  Am\u00e9liore l\u2019\u00e9clat et la clart\u00e9 du teint  Am\u00e9liore l'hydratation de la peau  Am\u00e9liore l\u2019\u00e9lasticit\u00e9 cutan\u00e9e et la souplesse de la peau  Performance sup\u00e9rieure  Redonne \u00e0 la peau un \u00e9clat lumineux et sain Type de peau et conditions Anti-\u00e2ge pour les peaux matures, d\u00e9shydrat\u00e9es ayant des taches pigmentaires.Tous types de peaux &nbsp; M\u00e9thode d'utilisation  Appliquer le matin et \/ ou le soir sous votre soin habituel. Utiliser sous la Cr\u00e8me AquaUNDE.","og_url":"https:\/\/www.cliniqueevia.ca\/fr\/produit\/aquafolia-concentre-aquaunde\/","og_site_name":"Clinique \u00c9via","article_publisher":"https:\/\/www.facebook.com\/cliniqueevia","article_modified_time":"2022-12-01T16:20:38+00:00","og_image":[{"width":1952,"height":2560,"url":"https:\/\/www.cliniqueevia.ca\/wp-content\/uploads\/2021\/01\/photo_AquaUnde_Concentre_50ml_bte-scaled.jpg","type":"image\/jpeg"}],"twitter_card":"summary_large_image","schema":{"@context":"https:\/\/schema.org","@graph":[{"@type":"WebPage","@id":"https:\/\/www.cliniqueevia.ca\/fr\/produit\/aquafolia-concentre-aquaunde\/","url":"https:\/\/www.cliniqueevia.ca\/fr\/produit\/aquafolia-concentre-aquaunde\/","name":"Concentr\u00e9 AquaUNDE &#8211; Clinique \u00c9via","isPartOf":{"@id":"https:\/\/www.cliniqueevia.ca\/fr\/#website"},"primaryImageOfPage":{"@id":"https:\/\/www.cliniqueevia.ca\/fr\/produit\/aquafolia-concentre-aquaunde\/#primaryimage"},"image":{"@id":"https:\/\/www.cliniqueevia.ca\/fr\/produit\/aquafolia-concentre-aquaunde\/#primaryimage"},"thumbnailUrl":"https:\/\/www.cliniqueevia.ca\/wp-content\/uploads\/2021\/01\/photo_AquaUnde_Concentre_50ml_bte-scaled.jpg","datePublished":"2021-02-07T20:05:13+00:00","dateModified":"2022-12-01T16:20:38+00:00","breadcrumb":{"@id":"https:\/\/www.cliniqueevia.ca\/fr\/produit\/aquafolia-concentre-aquaunde\/#breadcrumb"},"inLanguage":"fr-FR","potentialAction":[{"@type":"ReadAction","target":["https:\/\/www.cliniqueevia.ca\/fr\/produit\/aquafolia-concentre-aquaunde\/"]}]},{"@type":"ImageObject","inLanguage":"fr-FR","@id":"https:\/\/www.cliniqueevia.ca\/fr\/produit\/aquafolia-concentre-aquaunde\/#primaryimage","url":"https:\/\/www.cliniqueevia.ca\/wp-content\/uploads\/2021\/01\/photo_AquaUnde_Concentre_50ml_bte-scaled.jpg","contentUrl":"https:\/\/www.cliniqueevia.ca\/wp-content\/uploads\/2021\/01\/photo_AquaUnde_Concentre_50ml_bte-scaled.jpg","width":1952,"height":2560,"caption":"Concentr\u00e9 Aquafolia AquaUNDE 50 ml"},{"@type":"BreadcrumbList","@id":"https:\/\/www.cliniqueevia.ca\/fr\/produit\/aquafolia-concentre-aquaunde\/#breadcrumb","itemListElement":[{"@type":"ListItem","position":1,"name":"Home","item":"https:\/\/www.cliniqueevia.ca\/fr\/"},{"@type":"ListItem","position":2,"name":"Boutique","item":"https:\/\/www.cliniqueevia.ca\/fr\/boutique\/"},{"@type":"ListItem","position":3,"name":"Concentr\u00e9 AquaUNDE"}]},{"@type":"WebSite","@id":"https:\/\/www.cliniqueevia.ca\/fr\/#website","url":"https:\/\/www.cliniqueevia.ca\/fr\/","name":"Clinique \u00c9via","description":"Clinique \u00c9via traite vos conditions esth\u00e9tiques sp\u00e9cifiques gr\u00e2ce \u00e0 des technologies et des produits de haute performance.","publisher":{"@id":"https:\/\/www.cliniqueevia.ca\/fr\/#organization"},"potentialAction":[{"@type":"SearchAction","target":{"@type":"EntryPoint","urlTemplate":"https:\/\/www.cliniqueevia.ca\/fr\/?s={search_term_string}"},"query-input":{"@type":"PropertyValueSpecification","valueRequired":true,"valueName":"search_term_string"}}],"inLanguage":"fr-FR"},{"@type":"Organization","@id":"https:\/\/www.cliniqueevia.ca\/fr\/#organization","name":"Clinique \u00c9via","url":"https:\/\/www.cliniqueevia.ca\/fr\/","logo":{"@type":"ImageObject","inLanguage":"fr-FR","@id":"https:\/\/www.cliniqueevia.ca\/fr\/#\/schema\/logo\/image\/","url":"https:\/\/www.cliniqueevia.ca\/wp-content\/uploads\/2020\/09\/Evia-Logo-RGB-Transparent-Black-1.png","contentUrl":"https:\/\/www.cliniqueevia.ca\/wp-content\/uploads\/2020\/09\/Evia-Logo-RGB-Transparent-Black-1.png","width":1818,"height":1056,"caption":"Clinique \u00c9via"},"image":{"@id":"https:\/\/www.cliniqueevia.ca\/fr\/#\/schema\/logo\/image\/"},"sameAs":["https:\/\/www.facebook.com\/cliniqueevia"]}]}},"_links":{"self":[{"href":"https:\/\/www.cliniqueevia.ca\/fr\/wp-json\/wp\/v2\/product\/1339","targetHints":{"allow":["GET"]}}],"collection":[{"href":"https:\/\/www.cliniqueevia.ca\/fr\/wp-json\/wp\/v2\/product"}],"about":[{"href":"https:\/\/www.cliniqueevia.ca\/fr\/wp-json\/wp\/v2\/types\/product"}],"replies":[{"embeddable":true,"href":"https:\/\/www.cliniqueevia.ca\/fr\/wp-json\/wp\/v2\/comments?post=1339"}],"wp:featuredmedia":[{"embeddable":true,"href":"https:\/\/www.cliniqueevia.ca\/fr\/wp-json\/wp\/v2\/media\/1127"}],"wp:attachment":[{"href":"https:\/\/www.cliniqueevia.ca\/fr\/wp-json\/wp\/v2\/media?parent=1339"}],"wp:term":[{"taxonomy":"product_brand","embeddable":true,"href":"https:\/\/www.cliniqueevia.ca\/fr\/wp-json\/wp\/v2\/product_brand?post=1339"},{"taxonomy":"product_cat","embeddable":true,"href":"https:\/\/www.cliniqueevia.ca\/fr\/wp-json\/wp\/v2\/product_cat?post=1339"},{"taxonomy":"product_tag","embeddable":true,"href":"https:\/\/www.cliniqueevia.ca\/fr\/wp-json\/wp\/v2\/product_tag?post=1339"}],"curies":[{"name":"wp","href":"https:\/\/api.w.org\/{rel}","templated":true}]}}