{"id":1526,"date":"2021-11-05T19:12:35","date_gmt":"2021-11-05T19:12:35","guid":{"rendered":"https:\/\/www.cliniqueevia.ca\/?post_type=product&#038;p=1526"},"modified":"2024-11-28T21:06:34","modified_gmt":"2024-11-28T21:06:34","slug":"renaissance-glove-body-exfoliating","status":"publish","type":"product","link":"https:\/\/www.cliniqueevia.ca\/fr\/product\/renaissance-glove-body-exfoliating\/","title":{"rendered":"Renaissance Glove Exfoliating Kit"},"content":{"rendered":"<p>The Renaissance Glove is the # 1 selling exfoliating glove in Canada.<\/p>\n<ul>\n<li>It is made using an ancestral technique with respect for traditions.<\/li>\n<li>Its natural vegetal fiber is unique and exclusive<\/li>\n<li>Composed of 100% plant cellulose extracted from eucalyptus and spruce, it is uniquely woven in microscopic loops<\/li>\n<li>The combination of the fiber and the weaving offers you professional experience with the utmost respect for your skin.<\/li>\n<\/ul>\n","protected":false},"excerpt":{"rendered":"<p>The Renaissance Glove is the # 1 selling exfoliating glove in Canada. It is made using an ancestral technique with respect for traditions. Its natural vegetal fiber is unique and exclusive Composed of 100% plant cellulose extracted from eucalyptus and spruce, it is uniquely woven in microscopic loops The combination of the fiber and the [&hellip;]<\/p>\n","protected":false},"featured_media":1562,"comment_status":"open","ping_status":"closed","template":"","meta":[],"product_brand":[],"product_cat":[94],"product_tag":[156,169],"class_list":{"0":"post-1526","1":"product","2":"type-product","3":"status-publish","4":"has-post-thumbnail","6":"product_cat-corps","7":"product_tag-corps","8":"product_tag-exfoliate","10":"first","11":"instock","12":"taxable","13":"shipping-taxable","14":"purchasable","15":"product-type-variable"},"yoast_head":"<!-- This site is optimized with the Yoast SEO plugin v23.9 - https:\/\/yoast.com\/wordpress\/plugins\/seo\/ -->\n<title>Renaissance Glove Exfoliating Kit &#8211; Clinique \u00c9via<\/title>\n<meta name=\"robots\" content=\"index, follow, max-snippet:-1, max-image-preview:large, max-video-preview:-1\" \/>\n<link rel=\"canonical\" href=\"https:\/\/www.cliniqueevia.ca\/fr\/product\/renaissance-glove-body-exfoliating\/\" \/>\n<meta property=\"og:locale\" content=\"fr_FR\" \/>\n<meta property=\"og:type\" content=\"article\" \/>\n<meta property=\"og:title\" content=\"Renaissance Glove Exfoliating Kit &#8211; Clinique \u00c9via\" \/>\n<meta property=\"og:description\" content=\"The Renaissance Glove is the # 1 selling exfoliating glove in Canada. It is made using an ancestral technique with respect for traditions. Its natural vegetal fiber is unique and exclusive Composed of 100% plant cellulose extracted from eucalyptus and spruce, it is uniquely woven in microscopic loops The combination of the fiber and the [&hellip;]\" \/>\n<meta property=\"og:url\" content=\"https:\/\/www.cliniqueevia.ca\/fr\/product\/renaissance-glove-body-exfoliating\/\" \/>\n<meta property=\"og:site_name\" content=\"Clinique \u00c9via\" \/>\n<meta property=\"article:publisher\" content=\"https:\/\/www.facebook.com\/cliniqueevia\" \/>\n<meta property=\"article:modified_time\" content=\"2024-11-28T21:06:34+00:00\" \/>\n<meta property=\"og:image\" content=\"https:\/\/www.cliniqueevia.ca\/wp-content\/uploads\/2021\/11\/gant-renaissance-glove-exfoliation-bleu-zenith-blue.jpg\" \/>\n\t<meta property=\"og:image:width\" content=\"959\" \/>\n\t<meta property=\"og:image:height\" content=\"816\" \/>\n\t<meta property=\"og:image:type\" content=\"image\/jpeg\" \/>\n<meta name=\"twitter:card\" content=\"summary_large_image\" \/>\n<meta name=\"twitter:label1\" content=\"Dur\u00e9e de lecture est.\" \/>\n\t<meta name=\"twitter:data1\" content=\"1 minute\" \/>\n<script type=\"application\/ld+json\" class=\"yoast-schema-graph\">{\"@context\":\"https:\/\/schema.org\",\"@graph\":[{\"@type\":\"WebPage\",\"@id\":\"https:\/\/www.cliniqueevia.ca\/fr\/product\/renaissance-glove-body-exfoliating\/\",\"url\":\"https:\/\/www.cliniqueevia.ca\/fr\/product\/renaissance-glove-body-exfoliating\/\",\"name\":\"Renaissance Glove Exfoliating Kit &#8211; Clinique \u00c9via\",\"isPartOf\":{\"@id\":\"https:\/\/www.cliniqueevia.ca\/fr\/#website\"},\"primaryImageOfPage\":{\"@id\":\"https:\/\/www.cliniqueevia.ca\/fr\/product\/renaissance-glove-body-exfoliating\/#primaryimage\"},\"image\":{\"@id\":\"https:\/\/www.cliniqueevia.ca\/fr\/product\/renaissance-glove-body-exfoliating\/#primaryimage\"},\"thumbnailUrl\":\"https:\/\/www.cliniqueevia.ca\/wp-content\/uploads\/2021\/11\/gant-renaissance-glove-exfoliation-bleu-zenith-blue.jpg\",\"datePublished\":\"2021-11-05T19:12:35+00:00\",\"dateModified\":\"2024-11-28T21:06:34+00:00\",\"breadcrumb\":{\"@id\":\"https:\/\/www.cliniqueevia.ca\/fr\/product\/renaissance-glove-body-exfoliating\/#breadcrumb\"},\"inLanguage\":\"fr-FR\",\"potentialAction\":[{\"@type\":\"ReadAction\",\"target\":[\"https:\/\/www.cliniqueevia.ca\/fr\/product\/renaissance-glove-body-exfoliating\/\"]}]},{\"@type\":\"ImageObject\",\"inLanguage\":\"fr-FR\",\"@id\":\"https:\/\/www.cliniqueevia.ca\/fr\/product\/renaissance-glove-body-exfoliating\/#primaryimage\",\"url\":\"https:\/\/www.cliniqueevia.ca\/wp-content\/uploads\/2021\/11\/gant-renaissance-glove-exfoliation-bleu-zenith-blue.jpg\",\"contentUrl\":\"https:\/\/www.cliniqueevia.ca\/wp-content\/uploads\/2021\/11\/gant-renaissance-glove-exfoliation-bleu-zenith-blue.jpg\",\"width\":959,\"height\":816},{\"@type\":\"BreadcrumbList\",\"@id\":\"https:\/\/www.cliniqueevia.ca\/fr\/product\/renaissance-glove-body-exfoliating\/#breadcrumb\",\"itemListElement\":[{\"@type\":\"ListItem\",\"position\":1,\"name\":\"Home\",\"item\":\"https:\/\/www.cliniqueevia.ca\/fr\/\"},{\"@type\":\"ListItem\",\"position\":2,\"name\":\"Boutique\",\"item\":\"https:\/\/www.cliniqueevia.ca\/fr\/boutique\/\"},{\"@type\":\"ListItem\",\"position\":3,\"name\":\"Renaissance Glove Exfoliating Kit\"}]},{\"@type\":\"WebSite\",\"@id\":\"https:\/\/www.cliniqueevia.ca\/fr\/#website\",\"url\":\"https:\/\/www.cliniqueevia.ca\/fr\/\",\"name\":\"Clinique \u00c9via\",\"description\":\"Clinique \u00c9via traite vos conditions esth\u00e9tiques sp\u00e9cifiques gr\u00e2ce \u00e0 des technologies et des produits de haute performance.\",\"publisher\":{\"@id\":\"https:\/\/www.cliniqueevia.ca\/fr\/#organization\"},\"potentialAction\":[{\"@type\":\"SearchAction\",\"target\":{\"@type\":\"EntryPoint\",\"urlTemplate\":\"https:\/\/www.cliniqueevia.ca\/fr\/?s={search_term_string}\"},\"query-input\":{\"@type\":\"PropertyValueSpecification\",\"valueRequired\":true,\"valueName\":\"search_term_string\"}}],\"inLanguage\":\"fr-FR\"},{\"@type\":\"Organization\",\"@id\":\"https:\/\/www.cliniqueevia.ca\/fr\/#organization\",\"name\":\"Clinique \u00c9via\",\"url\":\"https:\/\/www.cliniqueevia.ca\/fr\/\",\"logo\":{\"@type\":\"ImageObject\",\"inLanguage\":\"fr-FR\",\"@id\":\"https:\/\/www.cliniqueevia.ca\/fr\/#\/schema\/logo\/image\/\",\"url\":\"https:\/\/www.cliniqueevia.ca\/wp-content\/uploads\/2020\/09\/Evia-Logo-RGB-Transparent-Black-1.png\",\"contentUrl\":\"https:\/\/www.cliniqueevia.ca\/wp-content\/uploads\/2020\/09\/Evia-Logo-RGB-Transparent-Black-1.png\",\"width\":1818,\"height\":1056,\"caption\":\"Clinique \u00c9via\"},\"image\":{\"@id\":\"https:\/\/www.cliniqueevia.ca\/fr\/#\/schema\/logo\/image\/\"},\"sameAs\":[\"https:\/\/www.facebook.com\/cliniqueevia\"]}]}<\/script>\n<!-- \/ Yoast SEO plugin. -->","yoast_head_json":{"title":"Renaissance Glove Exfoliating Kit &#8211; Clinique \u00c9via","robots":{"index":"index","follow":"follow","max-snippet":"max-snippet:-1","max-image-preview":"max-image-preview:large","max-video-preview":"max-video-preview:-1"},"canonical":"https:\/\/www.cliniqueevia.ca\/fr\/product\/renaissance-glove-body-exfoliating\/","og_locale":"fr_FR","og_type":"article","og_title":"Renaissance Glove Exfoliating Kit &#8211; Clinique \u00c9via","og_description":"The Renaissance Glove is the # 1 selling exfoliating glove in Canada. It is made using an ancestral technique with respect for traditions. Its natural vegetal fiber is unique and exclusive Composed of 100% plant cellulose extracted from eucalyptus and spruce, it is uniquely woven in microscopic loops The combination of the fiber and the [&hellip;]","og_url":"https:\/\/www.cliniqueevia.ca\/fr\/product\/renaissance-glove-body-exfoliating\/","og_site_name":"Clinique \u00c9via","article_publisher":"https:\/\/www.facebook.com\/cliniqueevia","article_modified_time":"2024-11-28T21:06:34+00:00","og_image":[{"width":959,"height":816,"url":"https:\/\/www.cliniqueevia.ca\/wp-content\/uploads\/2021\/11\/gant-renaissance-glove-exfoliation-bleu-zenith-blue.jpg","type":"image\/jpeg"}],"twitter_card":"summary_large_image","twitter_misc":{"Dur\u00e9e de lecture est.":"1 minute"},"schema":{"@context":"https:\/\/schema.org","@graph":[{"@type":"WebPage","@id":"https:\/\/www.cliniqueevia.ca\/fr\/product\/renaissance-glove-body-exfoliating\/","url":"https:\/\/www.cliniqueevia.ca\/fr\/product\/renaissance-glove-body-exfoliating\/","name":"Renaissance Glove Exfoliating Kit &#8211; Clinique \u00c9via","isPartOf":{"@id":"https:\/\/www.cliniqueevia.ca\/fr\/#website"},"primaryImageOfPage":{"@id":"https:\/\/www.cliniqueevia.ca\/fr\/product\/renaissance-glove-body-exfoliating\/#primaryimage"},"image":{"@id":"https:\/\/www.cliniqueevia.ca\/fr\/product\/renaissance-glove-body-exfoliating\/#primaryimage"},"thumbnailUrl":"https:\/\/www.cliniqueevia.ca\/wp-content\/uploads\/2021\/11\/gant-renaissance-glove-exfoliation-bleu-zenith-blue.jpg","datePublished":"2021-11-05T19:12:35+00:00","dateModified":"2024-11-28T21:06:34+00:00","breadcrumb":{"@id":"https:\/\/www.cliniqueevia.ca\/fr\/product\/renaissance-glove-body-exfoliating\/#breadcrumb"},"inLanguage":"fr-FR","potentialAction":[{"@type":"ReadAction","target":["https:\/\/www.cliniqueevia.ca\/fr\/product\/renaissance-glove-body-exfoliating\/"]}]},{"@type":"ImageObject","inLanguage":"fr-FR","@id":"https:\/\/www.cliniqueevia.ca\/fr\/product\/renaissance-glove-body-exfoliating\/#primaryimage","url":"https:\/\/www.cliniqueevia.ca\/wp-content\/uploads\/2021\/11\/gant-renaissance-glove-exfoliation-bleu-zenith-blue.jpg","contentUrl":"https:\/\/www.cliniqueevia.ca\/wp-content\/uploads\/2021\/11\/gant-renaissance-glove-exfoliation-bleu-zenith-blue.jpg","width":959,"height":816},{"@type":"BreadcrumbList","@id":"https:\/\/www.cliniqueevia.ca\/fr\/product\/renaissance-glove-body-exfoliating\/#breadcrumb","itemListElement":[{"@type":"ListItem","position":1,"name":"Home","item":"https:\/\/www.cliniqueevia.ca\/fr\/"},{"@type":"ListItem","position":2,"name":"Boutique","item":"https:\/\/www.cliniqueevia.ca\/fr\/boutique\/"},{"@type":"ListItem","position":3,"name":"Renaissance Glove Exfoliating Kit"}]},{"@type":"WebSite","@id":"https:\/\/www.cliniqueevia.ca\/fr\/#website","url":"https:\/\/www.cliniqueevia.ca\/fr\/","name":"Clinique \u00c9via","description":"Clinique \u00c9via traite vos conditions esth\u00e9tiques sp\u00e9cifiques gr\u00e2ce \u00e0 des technologies et des produits de haute performance.","publisher":{"@id":"https:\/\/www.cliniqueevia.ca\/fr\/#organization"},"potentialAction":[{"@type":"SearchAction","target":{"@type":"EntryPoint","urlTemplate":"https:\/\/www.cliniqueevia.ca\/fr\/?s={search_term_string}"},"query-input":{"@type":"PropertyValueSpecification","valueRequired":true,"valueName":"search_term_string"}}],"inLanguage":"fr-FR"},{"@type":"Organization","@id":"https:\/\/www.cliniqueevia.ca\/fr\/#organization","name":"Clinique \u00c9via","url":"https:\/\/www.cliniqueevia.ca\/fr\/","logo":{"@type":"ImageObject","inLanguage":"fr-FR","@id":"https:\/\/www.cliniqueevia.ca\/fr\/#\/schema\/logo\/image\/","url":"https:\/\/www.cliniqueevia.ca\/wp-content\/uploads\/2020\/09\/Evia-Logo-RGB-Transparent-Black-1.png","contentUrl":"https:\/\/www.cliniqueevia.ca\/wp-content\/uploads\/2020\/09\/Evia-Logo-RGB-Transparent-Black-1.png","width":1818,"height":1056,"caption":"Clinique \u00c9via"},"image":{"@id":"https:\/\/www.cliniqueevia.ca\/fr\/#\/schema\/logo\/image\/"},"sameAs":["https:\/\/www.facebook.com\/cliniqueevia"]}]}},"_links":{"self":[{"href":"https:\/\/www.cliniqueevia.ca\/fr\/wp-json\/wp\/v2\/product\/1526","targetHints":{"allow":["GET"]}}],"collection":[{"href":"https:\/\/www.cliniqueevia.ca\/fr\/wp-json\/wp\/v2\/product"}],"about":[{"href":"https:\/\/www.cliniqueevia.ca\/fr\/wp-json\/wp\/v2\/types\/product"}],"replies":[{"embeddable":true,"href":"https:\/\/www.cliniqueevia.ca\/fr\/wp-json\/wp\/v2\/comments?post=1526"}],"wp:featuredmedia":[{"embeddable":true,"href":"https:\/\/www.cliniqueevia.ca\/fr\/wp-json\/wp\/v2\/media\/1562"}],"wp:attachment":[{"href":"https:\/\/www.cliniqueevia.ca\/fr\/wp-json\/wp\/v2\/media?parent=1526"}],"wp:term":[{"taxonomy":"product_brand","embeddable":true,"href":"https:\/\/www.cliniqueevia.ca\/fr\/wp-json\/wp\/v2\/product_brand?post=1526"},{"taxonomy":"product_cat","embeddable":true,"href":"https:\/\/www.cliniqueevia.ca\/fr\/wp-json\/wp\/v2\/product_cat?post=1526"},{"taxonomy":"product_tag","embeddable":true,"href":"https:\/\/www.cliniqueevia.ca\/fr\/wp-json\/wp\/v2\/product_tag?post=1526"}],"curies":[{"name":"wp","href":"https:\/\/api.w.org\/{rel}","templated":true}]}}