{"id":1840,"date":"2022-11-15T04:13:13","date_gmt":"2022-11-15T17:55:11","guid":{"rendered":"https:\/\/www.cliniqueevia.ca\/?post_type=product&#038;p=1840"},"modified":"2022-11-15T17:55:11","modified_gmt":"2022-11-15T17:55:11","slug":"preventive-creme-nouveau","status":"publish","type":"product","link":"https:\/\/www.cliniqueevia.ca\/fr\/produit\/preventive-creme-nouveau\/","title":{"rendered":"Pr\u00e9ventive Cr\u00e8me &#8211; Nouveau"},"content":{"rendered":"<p><strong>Recommandations<\/strong><br \/>\nUtilisez \u00e0 partir de 25 ans. Tous types de peaux.<\/p>\n<p><strong>Caract\u00e9ristiques et fonctions du produit<br \/>\n<\/strong><\/p>\n<ul>\n<li>Hydrate\u00a0et prot\u00e8ge la peau contre les agressions ext\u00e9rieures<\/li>\n<li>Pr\u00e9serve le microbiote cutan\u00e9<\/li>\n<li>Diminue les premiers signes visibles du vieillissement cutan\u00e9<\/li>\n<li>Non com\u00e9dog\u00e8ne<\/li>\n<li>Efficacit\u00e9 prouv\u00e9e cliniquement<\/li>\n<\/ul>\n<p>&nbsp;<\/p>\n<p><strong>Texture<br \/>\n<\/strong>Fine \u00e0 absorption rapide<\/p>\n<p><strong>Mode d&#8217;emploi<br \/>\n<\/strong>Appliquer le matin et le soir sur le visage et le cou nettoy\u00e9s.<\/p>\n","protected":false},"excerpt":{"rendered":"<p>Cr\u00e8me Cellulaire Revitalisante aux Extraits Cellulaires CytoPep (IC 3) et au Complexe de Postbiotiques. Formul\u00e9 \u00e0 base d&rsquo;Extraits Cellulaires CytoPep, le soin Pr\u00e9ventive \u00e0 l&rsquo;indice cellulaire de degr\u00e9 3 revitalise la peau. Le Complexe de Postbiotiques d&rsquo;origine marine r\u00e9v\u00e8le l&rsquo;\u00e9clat du teint.<\/p>\n","protected":false},"featured_media":1801,"comment_status":"open","ping_status":"closed","template":"","meta":[],"product_brand":[],"product_cat":[98],"product_tag":[179,211,227,219],"class_list":{"0":"post-1840","1":"product","2":"type-product","3":"status-publish","4":"has-post-thumbnail","6":"product_cat-hydratants","7":"product_tag-cellcosmet-fr","8":"product_tag-microbiome-fr","9":"product_tag-non-comedogene","10":"product_tag-revitalize-fr","12":"first","13":"instock","14":"sale","15":"taxable","16":"shipping-taxable","17":"purchasable","18":"product-type-simple"},"yoast_head":"<!-- This site is optimized with the Yoast SEO plugin v23.9 - https:\/\/yoast.com\/wordpress\/plugins\/seo\/ -->\n<title>Pr\u00e9ventive Cr\u00e8me - Nouveau &#8211; Clinique \u00c9via<\/title>\n<meta name=\"robots\" content=\"index, follow, max-snippet:-1, max-image-preview:large, max-video-preview:-1\" \/>\n<link rel=\"canonical\" href=\"https:\/\/www.cliniqueevia.ca\/fr\/produit\/preventive-creme-nouveau\/\" \/>\n<meta property=\"og:locale\" content=\"fr_FR\" \/>\n<meta property=\"og:type\" content=\"article\" \/>\n<meta property=\"og:title\" content=\"Pr\u00e9ventive Cr\u00e8me - Nouveau &#8211; Clinique \u00c9via\" \/>\n<meta property=\"og:description\" content=\"Cr\u00e8me Cellulaire Revitalisante aux Extraits Cellulaires CytoPep (IC 3) et au Complexe de Postbiotiques. Formul\u00e9 \u00e0 base d&#039;Extraits Cellulaires CytoPep, le soin Pr\u00e9ventive \u00e0 l&#039;indice cellulaire de degr\u00e9 3 revitalise la peau. Le Complexe de Postbiotiques d&#039;origine marine r\u00e9v\u00e8le l&#039;\u00e9clat du teint.\" \/>\n<meta property=\"og:url\" content=\"https:\/\/www.cliniqueevia.ca\/fr\/produit\/preventive-creme-nouveau\/\" \/>\n<meta property=\"og:site_name\" content=\"Clinique \u00c9via\" \/>\n<meta property=\"article:publisher\" content=\"https:\/\/www.facebook.com\/cliniqueevia\" \/>\n<meta property=\"og:image\" content=\"https:\/\/www.cliniqueevia.ca\/wp-content\/uploads\/2022\/09\/cellcosmet-preventive-GEN2.0-50-main-view.png\" \/>\n\t<meta property=\"og:image:width\" content=\"1200\" \/>\n\t<meta property=\"og:image:height\" content=\"1200\" \/>\n\t<meta property=\"og:image:type\" content=\"image\/png\" \/>\n<meta name=\"twitter:card\" content=\"summary_large_image\" \/>\n<meta name=\"twitter:label1\" content=\"Dur\u00e9e de lecture est.\" \/>\n\t<meta name=\"twitter:data1\" content=\"1 minute\" \/>\n<script type=\"application\/ld+json\" class=\"yoast-schema-graph\">{\"@context\":\"https:\/\/schema.org\",\"@graph\":[{\"@type\":\"WebPage\",\"@id\":\"https:\/\/www.cliniqueevia.ca\/fr\/produit\/preventive-creme-nouveau\/\",\"url\":\"https:\/\/www.cliniqueevia.ca\/fr\/produit\/preventive-creme-nouveau\/\",\"name\":\"Pr\u00e9ventive Cr\u00e8me - Nouveau &#8211; Clinique \u00c9via\",\"isPartOf\":{\"@id\":\"https:\/\/www.cliniqueevia.ca\/fr\/#website\"},\"primaryImageOfPage\":{\"@id\":\"https:\/\/www.cliniqueevia.ca\/fr\/produit\/preventive-creme-nouveau\/#primaryimage\"},\"image\":{\"@id\":\"https:\/\/www.cliniqueevia.ca\/fr\/produit\/preventive-creme-nouveau\/#primaryimage\"},\"thumbnailUrl\":\"https:\/\/www.cliniqueevia.ca\/wp-content\/uploads\/2022\/09\/cellcosmet-preventive-GEN2.0-50-main-view.png\",\"datePublished\":\"2022-11-15T17:55:11+00:00\",\"dateModified\":\"2022-11-15T17:55:11+00:00\",\"breadcrumb\":{\"@id\":\"https:\/\/www.cliniqueevia.ca\/fr\/produit\/preventive-creme-nouveau\/#breadcrumb\"},\"inLanguage\":\"fr-FR\",\"potentialAction\":[{\"@type\":\"ReadAction\",\"target\":[\"https:\/\/www.cliniqueevia.ca\/fr\/produit\/preventive-creme-nouveau\/\"]}]},{\"@type\":\"ImageObject\",\"inLanguage\":\"fr-FR\",\"@id\":\"https:\/\/www.cliniqueevia.ca\/fr\/produit\/preventive-creme-nouveau\/#primaryimage\",\"url\":\"https:\/\/www.cliniqueevia.ca\/wp-content\/uploads\/2022\/09\/cellcosmet-preventive-GEN2.0-50-main-view.png\",\"contentUrl\":\"https:\/\/www.cliniqueevia.ca\/wp-content\/uploads\/2022\/09\/cellcosmet-preventive-GEN2.0-50-main-view.png\",\"width\":1200,\"height\":1200,\"caption\":\"cellcosmet-preventive-GEN2.0-50-main-view\"},{\"@type\":\"BreadcrumbList\",\"@id\":\"https:\/\/www.cliniqueevia.ca\/fr\/produit\/preventive-creme-nouveau\/#breadcrumb\",\"itemListElement\":[{\"@type\":\"ListItem\",\"position\":1,\"name\":\"Home\",\"item\":\"https:\/\/www.cliniqueevia.ca\/fr\/\"},{\"@type\":\"ListItem\",\"position\":2,\"name\":\"Boutique\",\"item\":\"https:\/\/www.cliniqueevia.ca\/fr\/boutique\/\"},{\"@type\":\"ListItem\",\"position\":3,\"name\":\"Pr\u00e9ventive Cr\u00e8me &#8211; Nouveau\"}]},{\"@type\":\"WebSite\",\"@id\":\"https:\/\/www.cliniqueevia.ca\/fr\/#website\",\"url\":\"https:\/\/www.cliniqueevia.ca\/fr\/\",\"name\":\"Clinique \u00c9via\",\"description\":\"Clinique \u00c9via traite vos conditions esth\u00e9tiques sp\u00e9cifiques gr\u00e2ce \u00e0 des technologies et des produits de haute performance.\",\"publisher\":{\"@id\":\"https:\/\/www.cliniqueevia.ca\/fr\/#organization\"},\"potentialAction\":[{\"@type\":\"SearchAction\",\"target\":{\"@type\":\"EntryPoint\",\"urlTemplate\":\"https:\/\/www.cliniqueevia.ca\/fr\/?s={search_term_string}\"},\"query-input\":{\"@type\":\"PropertyValueSpecification\",\"valueRequired\":true,\"valueName\":\"search_term_string\"}}],\"inLanguage\":\"fr-FR\"},{\"@type\":\"Organization\",\"@id\":\"https:\/\/www.cliniqueevia.ca\/fr\/#organization\",\"name\":\"Clinique \u00c9via\",\"url\":\"https:\/\/www.cliniqueevia.ca\/fr\/\",\"logo\":{\"@type\":\"ImageObject\",\"inLanguage\":\"fr-FR\",\"@id\":\"https:\/\/www.cliniqueevia.ca\/fr\/#\/schema\/logo\/image\/\",\"url\":\"https:\/\/www.cliniqueevia.ca\/wp-content\/uploads\/2020\/09\/Evia-Logo-RGB-Transparent-Black-1.png\",\"contentUrl\":\"https:\/\/www.cliniqueevia.ca\/wp-content\/uploads\/2020\/09\/Evia-Logo-RGB-Transparent-Black-1.png\",\"width\":1818,\"height\":1056,\"caption\":\"Clinique \u00c9via\"},\"image\":{\"@id\":\"https:\/\/www.cliniqueevia.ca\/fr\/#\/schema\/logo\/image\/\"},\"sameAs\":[\"https:\/\/www.facebook.com\/cliniqueevia\"]}]}<\/script>\n<!-- \/ Yoast SEO plugin. -->","yoast_head_json":{"title":"Pr\u00e9ventive Cr\u00e8me - Nouveau &#8211; Clinique \u00c9via","robots":{"index":"index","follow":"follow","max-snippet":"max-snippet:-1","max-image-preview":"max-image-preview:large","max-video-preview":"max-video-preview:-1"},"canonical":"https:\/\/www.cliniqueevia.ca\/fr\/produit\/preventive-creme-nouveau\/","og_locale":"fr_FR","og_type":"article","og_title":"Pr\u00e9ventive Cr\u00e8me - Nouveau &#8211; Clinique \u00c9via","og_description":"Cr\u00e8me Cellulaire Revitalisante aux Extraits Cellulaires CytoPep (IC 3) et au Complexe de Postbiotiques. Formul\u00e9 \u00e0 base d'Extraits Cellulaires CytoPep, le soin Pr\u00e9ventive \u00e0 l'indice cellulaire de degr\u00e9 3 revitalise la peau. Le Complexe de Postbiotiques d'origine marine r\u00e9v\u00e8le l'\u00e9clat du teint.","og_url":"https:\/\/www.cliniqueevia.ca\/fr\/produit\/preventive-creme-nouveau\/","og_site_name":"Clinique \u00c9via","article_publisher":"https:\/\/www.facebook.com\/cliniqueevia","og_image":[{"width":1200,"height":1200,"url":"https:\/\/www.cliniqueevia.ca\/wp-content\/uploads\/2022\/09\/cellcosmet-preventive-GEN2.0-50-main-view.png","type":"image\/png"}],"twitter_card":"summary_large_image","twitter_misc":{"Dur\u00e9e de lecture est.":"1 minute"},"schema":{"@context":"https:\/\/schema.org","@graph":[{"@type":"WebPage","@id":"https:\/\/www.cliniqueevia.ca\/fr\/produit\/preventive-creme-nouveau\/","url":"https:\/\/www.cliniqueevia.ca\/fr\/produit\/preventive-creme-nouveau\/","name":"Pr\u00e9ventive Cr\u00e8me - Nouveau &#8211; Clinique \u00c9via","isPartOf":{"@id":"https:\/\/www.cliniqueevia.ca\/fr\/#website"},"primaryImageOfPage":{"@id":"https:\/\/www.cliniqueevia.ca\/fr\/produit\/preventive-creme-nouveau\/#primaryimage"},"image":{"@id":"https:\/\/www.cliniqueevia.ca\/fr\/produit\/preventive-creme-nouveau\/#primaryimage"},"thumbnailUrl":"https:\/\/www.cliniqueevia.ca\/wp-content\/uploads\/2022\/09\/cellcosmet-preventive-GEN2.0-50-main-view.png","datePublished":"2022-11-15T17:55:11+00:00","dateModified":"2022-11-15T17:55:11+00:00","breadcrumb":{"@id":"https:\/\/www.cliniqueevia.ca\/fr\/produit\/preventive-creme-nouveau\/#breadcrumb"},"inLanguage":"fr-FR","potentialAction":[{"@type":"ReadAction","target":["https:\/\/www.cliniqueevia.ca\/fr\/produit\/preventive-creme-nouveau\/"]}]},{"@type":"ImageObject","inLanguage":"fr-FR","@id":"https:\/\/www.cliniqueevia.ca\/fr\/produit\/preventive-creme-nouveau\/#primaryimage","url":"https:\/\/www.cliniqueevia.ca\/wp-content\/uploads\/2022\/09\/cellcosmet-preventive-GEN2.0-50-main-view.png","contentUrl":"https:\/\/www.cliniqueevia.ca\/wp-content\/uploads\/2022\/09\/cellcosmet-preventive-GEN2.0-50-main-view.png","width":1200,"height":1200,"caption":"cellcosmet-preventive-GEN2.0-50-main-view"},{"@type":"BreadcrumbList","@id":"https:\/\/www.cliniqueevia.ca\/fr\/produit\/preventive-creme-nouveau\/#breadcrumb","itemListElement":[{"@type":"ListItem","position":1,"name":"Home","item":"https:\/\/www.cliniqueevia.ca\/fr\/"},{"@type":"ListItem","position":2,"name":"Boutique","item":"https:\/\/www.cliniqueevia.ca\/fr\/boutique\/"},{"@type":"ListItem","position":3,"name":"Pr\u00e9ventive Cr\u00e8me &#8211; Nouveau"}]},{"@type":"WebSite","@id":"https:\/\/www.cliniqueevia.ca\/fr\/#website","url":"https:\/\/www.cliniqueevia.ca\/fr\/","name":"Clinique \u00c9via","description":"Clinique \u00c9via traite vos conditions esth\u00e9tiques sp\u00e9cifiques gr\u00e2ce \u00e0 des technologies et des produits de haute performance.","publisher":{"@id":"https:\/\/www.cliniqueevia.ca\/fr\/#organization"},"potentialAction":[{"@type":"SearchAction","target":{"@type":"EntryPoint","urlTemplate":"https:\/\/www.cliniqueevia.ca\/fr\/?s={search_term_string}"},"query-input":{"@type":"PropertyValueSpecification","valueRequired":true,"valueName":"search_term_string"}}],"inLanguage":"fr-FR"},{"@type":"Organization","@id":"https:\/\/www.cliniqueevia.ca\/fr\/#organization","name":"Clinique \u00c9via","url":"https:\/\/www.cliniqueevia.ca\/fr\/","logo":{"@type":"ImageObject","inLanguage":"fr-FR","@id":"https:\/\/www.cliniqueevia.ca\/fr\/#\/schema\/logo\/image\/","url":"https:\/\/www.cliniqueevia.ca\/wp-content\/uploads\/2020\/09\/Evia-Logo-RGB-Transparent-Black-1.png","contentUrl":"https:\/\/www.cliniqueevia.ca\/wp-content\/uploads\/2020\/09\/Evia-Logo-RGB-Transparent-Black-1.png","width":1818,"height":1056,"caption":"Clinique \u00c9via"},"image":{"@id":"https:\/\/www.cliniqueevia.ca\/fr\/#\/schema\/logo\/image\/"},"sameAs":["https:\/\/www.facebook.com\/cliniqueevia"]}]}},"_links":{"self":[{"href":"https:\/\/www.cliniqueevia.ca\/fr\/wp-json\/wp\/v2\/product\/1840","targetHints":{"allow":["GET"]}}],"collection":[{"href":"https:\/\/www.cliniqueevia.ca\/fr\/wp-json\/wp\/v2\/product"}],"about":[{"href":"https:\/\/www.cliniqueevia.ca\/fr\/wp-json\/wp\/v2\/types\/product"}],"replies":[{"embeddable":true,"href":"https:\/\/www.cliniqueevia.ca\/fr\/wp-json\/wp\/v2\/comments?post=1840"}],"wp:featuredmedia":[{"embeddable":true,"href":"https:\/\/www.cliniqueevia.ca\/fr\/wp-json\/wp\/v2\/media\/1801"}],"wp:attachment":[{"href":"https:\/\/www.cliniqueevia.ca\/fr\/wp-json\/wp\/v2\/media?parent=1840"}],"wp:term":[{"taxonomy":"product_brand","embeddable":true,"href":"https:\/\/www.cliniqueevia.ca\/fr\/wp-json\/wp\/v2\/product_brand?post=1840"},{"taxonomy":"product_cat","embeddable":true,"href":"https:\/\/www.cliniqueevia.ca\/fr\/wp-json\/wp\/v2\/product_cat?post=1840"},{"taxonomy":"product_tag","embeddable":true,"href":"https:\/\/www.cliniqueevia.ca\/fr\/wp-json\/wp\/v2\/product_tag?post=1840"}],"curies":[{"name":"wp","href":"https:\/\/api.w.org\/{rel}","templated":true}]}}