{"id":1851,"date":"2022-11-15T19:13:42","date_gmt":"2022-11-15T19:16:31","guid":{"rendered":"https:\/\/www.cliniqueevia.ca\/?post_type=product&#038;p=1851"},"modified":"2022-11-15T19:16:31","modified_gmt":"2022-11-15T19:16:31","slug":"ultracell-intensive-nouveau","status":"publish","type":"product","link":"https:\/\/www.cliniqueevia.ca\/fr\/produit\/ultracell-intensive-nouveau\/","title":{"rendered":"UltraCell Intensive &#8211; Nouveau"},"content":{"rendered":"<p><strong>Recommandations<\/strong><br \/>\nUtilisez d\u00e8s 30 ans en programme de soin 4-5 fois par ann\u00e9e. Tous types de peaux. Il est sp\u00e9cialement recommand\u00e9 pour les peaux matures, d&rsquo;apparence stress\u00e9e et d\u00e9shydrat\u00e9e. R\u00e9serv\u00e9 \u00e0 l&rsquo;usage externe.<\/p>\n<p><strong>Caract\u00e9ristiques et fonctions du produit<br \/>\n<\/strong><\/p>\n<ul>\n<li>Pr\u00e9serve le microbiote cutan\u00e9<\/li>\n<li>Am\u00e9liore la souplesse et la fermet\u00e9 de la peau<\/li>\n<li>\u00c9nergise la peau<\/li>\n<li>Redonne de l&rsquo;\u00e9clat au teint<\/li>\n<li>Affine le grain de la peau<\/li>\n<li>Estompe visiblement les rides\u00a0et les plis d&rsquo;expression<\/li>\n<li>Efficacit\u00e9 prouv\u00e9e cliniquement<\/li>\n<\/ul>\n<p>&nbsp;<\/p>\n<p><strong>Texture<br \/>\n<\/strong>Liquide \u00e0 absorption rapide<\/p>\n<p><strong>Mode d&#8217;emploi<br \/>\n<\/strong>Appliquez pendant 12 jours cons\u00e9cutifs une ampoule le soir sur le visage et le cou. Pendant et apr\u00e8s le programme UltraCell Intensive, il est sugg\u00e9r\u00e9 de continuer l&rsquo;application d&rsquo;un soin cellulaire Cellcosmet adapt\u00e9 \u00e0 l&rsquo;\u00e2ge physiologique de la peau et \u00e0 sa sensibilit\u00e9.<\/p>\n","protected":false},"excerpt":{"rendered":"<p>Concentr\u00e9 Cellulaire Revitalisant Intensif aux Extraits Cellulaires CytoPep et au Complexe de Postbiotiques. Formul\u00e9 \u00e0 base d&rsquo;Extraits Cellulaires CytoPep<sup>\u00a0<\/sup>, le soin UltraCell Intensive \u00e0 l&rsquo;indice cellulaire de degr\u00e9 6 revitalise intens\u00e9ment la peau. Le Complexe de Postbiotiques d&rsquo;origine marine r\u00e9v\u00e8le l&rsquo;\u00e9clat du teint.<\/p>\n","protected":false},"featured_media":3881,"comment_status":"open","ping_status":"closed","template":"","meta":[],"product_brand":[],"product_cat":[99],"product_tag":[179,245],"class_list":{"0":"post-1851","1":"product","2":"type-product","3":"status-publish","4":"has-post-thumbnail","6":"product_cat-serums-fr","7":"product_tag-cellcosmet-fr","8":"product_tag-ultracell-intensive-fr","10":"first","11":"onbackorder","12":"taxable","13":"shipping-taxable","14":"purchasable","15":"product-type-simple"},"yoast_head":"<!-- This site is optimized with the Yoast SEO plugin v23.9 - https:\/\/yoast.com\/wordpress\/plugins\/seo\/ -->\n<title>UltraCell Intensive - Nouveau &#8211; Clinique \u00c9via<\/title>\n<meta name=\"robots\" content=\"index, follow, max-snippet:-1, max-image-preview:large, max-video-preview:-1\" \/>\n<link rel=\"canonical\" href=\"https:\/\/www.cliniqueevia.ca\/fr\/produit\/ultracell-intensive-nouveau\/\" \/>\n<meta property=\"og:locale\" content=\"fr_FR\" \/>\n<meta property=\"og:type\" content=\"article\" \/>\n<meta property=\"og:title\" content=\"UltraCell Intensive - Nouveau &#8211; Clinique \u00c9via\" \/>\n<meta property=\"og:description\" content=\"Concentr\u00e9 Cellulaire Revitalisant Intensif aux Extraits Cellulaires CytoPep et au Complexe de Postbiotiques. Formul\u00e9 \u00e0 base d&#039;Extraits Cellulaires CytoPep\u00a0, le soin UltraCell Intensive \u00e0 l&#039;indice cellulaire de degr\u00e9 6 revitalise intens\u00e9ment la peau. Le Complexe de Postbiotiques d&#039;origine marine r\u00e9v\u00e8le l&#039;\u00e9clat du teint.\" \/>\n<meta property=\"og:url\" content=\"https:\/\/www.cliniqueevia.ca\/fr\/produit\/ultracell-intensive-nouveau\/\" \/>\n<meta property=\"og:site_name\" content=\"Clinique \u00c9via\" \/>\n<meta property=\"article:publisher\" content=\"https:\/\/www.facebook.com\/cliniqueevia\" \/>\n<meta property=\"og:image\" content=\"https:\/\/www.cliniqueevia.ca\/wp-content\/uploads\/2022\/11\/cellcosmet-ultracell-intensive-main-view-GEN2.0.png\" \/>\n\t<meta property=\"og:image:width\" content=\"1200\" \/>\n\t<meta property=\"og:image:height\" content=\"1200\" \/>\n\t<meta property=\"og:image:type\" content=\"image\/png\" \/>\n<meta name=\"twitter:card\" content=\"summary_large_image\" \/>\n<meta name=\"twitter:label1\" content=\"Dur\u00e9e de lecture est.\" \/>\n\t<meta name=\"twitter:data1\" content=\"1 minute\" \/>\n<script type=\"application\/ld+json\" class=\"yoast-schema-graph\">{\"@context\":\"https:\/\/schema.org\",\"@graph\":[{\"@type\":\"WebPage\",\"@id\":\"https:\/\/www.cliniqueevia.ca\/fr\/produit\/ultracell-intensive-nouveau\/\",\"url\":\"https:\/\/www.cliniqueevia.ca\/fr\/produit\/ultracell-intensive-nouveau\/\",\"name\":\"UltraCell Intensive - Nouveau &#8211; Clinique \u00c9via\",\"isPartOf\":{\"@id\":\"https:\/\/www.cliniqueevia.ca\/fr\/#website\"},\"primaryImageOfPage\":{\"@id\":\"https:\/\/www.cliniqueevia.ca\/fr\/produit\/ultracell-intensive-nouveau\/#primaryimage\"},\"image\":{\"@id\":\"https:\/\/www.cliniqueevia.ca\/fr\/produit\/ultracell-intensive-nouveau\/#primaryimage\"},\"thumbnailUrl\":\"https:\/\/www.cliniqueevia.ca\/wp-content\/uploads\/2022\/11\/CellCosmet-UltraCell-Intensive-01-1400x1400-min.jpg\",\"datePublished\":\"2022-11-15T19:16:31+00:00\",\"dateModified\":\"2022-11-15T19:16:31+00:00\",\"breadcrumb\":{\"@id\":\"https:\/\/www.cliniqueevia.ca\/fr\/produit\/ultracell-intensive-nouveau\/#breadcrumb\"},\"inLanguage\":\"fr-FR\",\"potentialAction\":[{\"@type\":\"ReadAction\",\"target\":[\"https:\/\/www.cliniqueevia.ca\/fr\/produit\/ultracell-intensive-nouveau\/\"]}]},{\"@type\":\"ImageObject\",\"inLanguage\":\"fr-FR\",\"@id\":\"https:\/\/www.cliniqueevia.ca\/fr\/produit\/ultracell-intensive-nouveau\/#primaryimage\",\"url\":\"https:\/\/www.cliniqueevia.ca\/wp-content\/uploads\/2022\/11\/CellCosmet-UltraCell-Intensive-01-1400x1400-min.jpg\",\"contentUrl\":\"https:\/\/www.cliniqueevia.ca\/wp-content\/uploads\/2022\/11\/CellCosmet-UltraCell-Intensive-01-1400x1400-min.jpg\",\"width\":1400,\"height\":1400},{\"@type\":\"BreadcrumbList\",\"@id\":\"https:\/\/www.cliniqueevia.ca\/fr\/produit\/ultracell-intensive-nouveau\/#breadcrumb\",\"itemListElement\":[{\"@type\":\"ListItem\",\"position\":1,\"name\":\"Home\",\"item\":\"https:\/\/www.cliniqueevia.ca\/fr\/\"},{\"@type\":\"ListItem\",\"position\":2,\"name\":\"Boutique\",\"item\":\"https:\/\/www.cliniqueevia.ca\/fr\/boutique\/\"},{\"@type\":\"ListItem\",\"position\":3,\"name\":\"UltraCell Intensive &#8211; Nouveau\"}]},{\"@type\":\"WebSite\",\"@id\":\"https:\/\/www.cliniqueevia.ca\/fr\/#website\",\"url\":\"https:\/\/www.cliniqueevia.ca\/fr\/\",\"name\":\"Clinique \u00c9via\",\"description\":\"Clinique \u00c9via traite vos conditions esth\u00e9tiques sp\u00e9cifiques gr\u00e2ce \u00e0 des technologies et des produits de haute performance.\",\"publisher\":{\"@id\":\"https:\/\/www.cliniqueevia.ca\/fr\/#organization\"},\"potentialAction\":[{\"@type\":\"SearchAction\",\"target\":{\"@type\":\"EntryPoint\",\"urlTemplate\":\"https:\/\/www.cliniqueevia.ca\/fr\/?s={search_term_string}\"},\"query-input\":{\"@type\":\"PropertyValueSpecification\",\"valueRequired\":true,\"valueName\":\"search_term_string\"}}],\"inLanguage\":\"fr-FR\"},{\"@type\":\"Organization\",\"@id\":\"https:\/\/www.cliniqueevia.ca\/fr\/#organization\",\"name\":\"Clinique \u00c9via\",\"url\":\"https:\/\/www.cliniqueevia.ca\/fr\/\",\"logo\":{\"@type\":\"ImageObject\",\"inLanguage\":\"fr-FR\",\"@id\":\"https:\/\/www.cliniqueevia.ca\/fr\/#\/schema\/logo\/image\/\",\"url\":\"https:\/\/www.cliniqueevia.ca\/wp-content\/uploads\/2020\/09\/Evia-Logo-RGB-Transparent-Black-1.png\",\"contentUrl\":\"https:\/\/www.cliniqueevia.ca\/wp-content\/uploads\/2020\/09\/Evia-Logo-RGB-Transparent-Black-1.png\",\"width\":1818,\"height\":1056,\"caption\":\"Clinique \u00c9via\"},\"image\":{\"@id\":\"https:\/\/www.cliniqueevia.ca\/fr\/#\/schema\/logo\/image\/\"},\"sameAs\":[\"https:\/\/www.facebook.com\/cliniqueevia\"]}]}<\/script>\n<!-- \/ Yoast SEO plugin. -->","yoast_head_json":{"title":"UltraCell Intensive - Nouveau &#8211; Clinique \u00c9via","robots":{"index":"index","follow":"follow","max-snippet":"max-snippet:-1","max-image-preview":"max-image-preview:large","max-video-preview":"max-video-preview:-1"},"canonical":"https:\/\/www.cliniqueevia.ca\/fr\/produit\/ultracell-intensive-nouveau\/","og_locale":"fr_FR","og_type":"article","og_title":"UltraCell Intensive - Nouveau &#8211; Clinique \u00c9via","og_description":"Concentr\u00e9 Cellulaire Revitalisant Intensif aux Extraits Cellulaires CytoPep et au Complexe de Postbiotiques. Formul\u00e9 \u00e0 base d'Extraits Cellulaires CytoPep\u00a0, le soin UltraCell Intensive \u00e0 l'indice cellulaire de degr\u00e9 6 revitalise intens\u00e9ment la peau. Le Complexe de Postbiotiques d'origine marine r\u00e9v\u00e8le l'\u00e9clat du teint.","og_url":"https:\/\/www.cliniqueevia.ca\/fr\/produit\/ultracell-intensive-nouveau\/","og_site_name":"Clinique \u00c9via","article_publisher":"https:\/\/www.facebook.com\/cliniqueevia","og_image":[{"width":1200,"height":1200,"url":"https:\/\/www.cliniqueevia.ca\/wp-content\/uploads\/2022\/11\/cellcosmet-ultracell-intensive-main-view-GEN2.0.png","type":"image\/png"}],"twitter_card":"summary_large_image","twitter_misc":{"Dur\u00e9e de lecture est.":"1 minute"},"schema":{"@context":"https:\/\/schema.org","@graph":[{"@type":"WebPage","@id":"https:\/\/www.cliniqueevia.ca\/fr\/produit\/ultracell-intensive-nouveau\/","url":"https:\/\/www.cliniqueevia.ca\/fr\/produit\/ultracell-intensive-nouveau\/","name":"UltraCell Intensive - Nouveau &#8211; Clinique \u00c9via","isPartOf":{"@id":"https:\/\/www.cliniqueevia.ca\/fr\/#website"},"primaryImageOfPage":{"@id":"https:\/\/www.cliniqueevia.ca\/fr\/produit\/ultracell-intensive-nouveau\/#primaryimage"},"image":{"@id":"https:\/\/www.cliniqueevia.ca\/fr\/produit\/ultracell-intensive-nouveau\/#primaryimage"},"thumbnailUrl":"https:\/\/www.cliniqueevia.ca\/wp-content\/uploads\/2022\/11\/CellCosmet-UltraCell-Intensive-01-1400x1400-min.jpg","datePublished":"2022-11-15T19:16:31+00:00","dateModified":"2022-11-15T19:16:31+00:00","breadcrumb":{"@id":"https:\/\/www.cliniqueevia.ca\/fr\/produit\/ultracell-intensive-nouveau\/#breadcrumb"},"inLanguage":"fr-FR","potentialAction":[{"@type":"ReadAction","target":["https:\/\/www.cliniqueevia.ca\/fr\/produit\/ultracell-intensive-nouveau\/"]}]},{"@type":"ImageObject","inLanguage":"fr-FR","@id":"https:\/\/www.cliniqueevia.ca\/fr\/produit\/ultracell-intensive-nouveau\/#primaryimage","url":"https:\/\/www.cliniqueevia.ca\/wp-content\/uploads\/2022\/11\/CellCosmet-UltraCell-Intensive-01-1400x1400-min.jpg","contentUrl":"https:\/\/www.cliniqueevia.ca\/wp-content\/uploads\/2022\/11\/CellCosmet-UltraCell-Intensive-01-1400x1400-min.jpg","width":1400,"height":1400},{"@type":"BreadcrumbList","@id":"https:\/\/www.cliniqueevia.ca\/fr\/produit\/ultracell-intensive-nouveau\/#breadcrumb","itemListElement":[{"@type":"ListItem","position":1,"name":"Home","item":"https:\/\/www.cliniqueevia.ca\/fr\/"},{"@type":"ListItem","position":2,"name":"Boutique","item":"https:\/\/www.cliniqueevia.ca\/fr\/boutique\/"},{"@type":"ListItem","position":3,"name":"UltraCell Intensive &#8211; Nouveau"}]},{"@type":"WebSite","@id":"https:\/\/www.cliniqueevia.ca\/fr\/#website","url":"https:\/\/www.cliniqueevia.ca\/fr\/","name":"Clinique \u00c9via","description":"Clinique \u00c9via traite vos conditions esth\u00e9tiques sp\u00e9cifiques gr\u00e2ce \u00e0 des technologies et des produits de haute performance.","publisher":{"@id":"https:\/\/www.cliniqueevia.ca\/fr\/#organization"},"potentialAction":[{"@type":"SearchAction","target":{"@type":"EntryPoint","urlTemplate":"https:\/\/www.cliniqueevia.ca\/fr\/?s={search_term_string}"},"query-input":{"@type":"PropertyValueSpecification","valueRequired":true,"valueName":"search_term_string"}}],"inLanguage":"fr-FR"},{"@type":"Organization","@id":"https:\/\/www.cliniqueevia.ca\/fr\/#organization","name":"Clinique \u00c9via","url":"https:\/\/www.cliniqueevia.ca\/fr\/","logo":{"@type":"ImageObject","inLanguage":"fr-FR","@id":"https:\/\/www.cliniqueevia.ca\/fr\/#\/schema\/logo\/image\/","url":"https:\/\/www.cliniqueevia.ca\/wp-content\/uploads\/2020\/09\/Evia-Logo-RGB-Transparent-Black-1.png","contentUrl":"https:\/\/www.cliniqueevia.ca\/wp-content\/uploads\/2020\/09\/Evia-Logo-RGB-Transparent-Black-1.png","width":1818,"height":1056,"caption":"Clinique \u00c9via"},"image":{"@id":"https:\/\/www.cliniqueevia.ca\/fr\/#\/schema\/logo\/image\/"},"sameAs":["https:\/\/www.facebook.com\/cliniqueevia"]}]}},"_links":{"self":[{"href":"https:\/\/www.cliniqueevia.ca\/fr\/wp-json\/wp\/v2\/product\/1851","targetHints":{"allow":["GET"]}}],"collection":[{"href":"https:\/\/www.cliniqueevia.ca\/fr\/wp-json\/wp\/v2\/product"}],"about":[{"href":"https:\/\/www.cliniqueevia.ca\/fr\/wp-json\/wp\/v2\/types\/product"}],"replies":[{"embeddable":true,"href":"https:\/\/www.cliniqueevia.ca\/fr\/wp-json\/wp\/v2\/comments?post=1851"}],"wp:featuredmedia":[{"embeddable":true,"href":"https:\/\/www.cliniqueevia.ca\/fr\/wp-json\/wp\/v2\/media\/3881"}],"wp:attachment":[{"href":"https:\/\/www.cliniqueevia.ca\/fr\/wp-json\/wp\/v2\/media?parent=1851"}],"wp:term":[{"taxonomy":"product_brand","embeddable":true,"href":"https:\/\/www.cliniqueevia.ca\/fr\/wp-json\/wp\/v2\/product_brand?post=1851"},{"taxonomy":"product_cat","embeddable":true,"href":"https:\/\/www.cliniqueevia.ca\/fr\/wp-json\/wp\/v2\/product_cat?post=1851"},{"taxonomy":"product_tag","embeddable":true,"href":"https:\/\/www.cliniqueevia.ca\/fr\/wp-json\/wp\/v2\/product_tag?post=1851"}],"curies":[{"name":"wp","href":"https:\/\/api.w.org\/{rel}","templated":true}]}}