{"id":1852,"date":"2022-11-13T12:28:59","date_gmt":"2022-11-15T19:29:11","guid":{"rendered":"https:\/\/www.cliniqueevia.ca\/?post_type=product&#038;p=1852"},"modified":"2022-11-15T19:29:59","modified_gmt":"2022-11-15T19:29:59","slug":"lotion-prolongatrice-de-bronzage-lait-de-soin-corps-apres-soleil","status":"publish","type":"product","link":"https:\/\/www.cliniqueevia.ca\/fr\/produit\/lotion-prolongatrice-de-bronzage-lait-de-soin-corps-apres-soleil\/","title":{"rendered":"Lotion Prolongateur De Bronzage &#8211; Lait de Soin Corps Apr\u00e8s-Soleil"},"content":{"rendered":"<div class=\"product__collapse \">\n<h3 class=\"h5\">BIENFAITS<\/h3>\n<div id=\"benefits-bienfaits\" class=\"product__collapse-panel\">\n<p>La peau est r\u00e9confort\u00e9e et r\u00e9hydrat\u00e9e entre deux expositions. Le bronzage est \u00e9clatant et longue dur\u00e9e. La peau semble plus souple, douce et \u00e9clatante de jeunesse.<\/p>\n<\/div>\n<\/div>\n<div class=\"product__collapse \">\n<h3 class=\"h5\">CONSEILS D&rsquo;APPLICATION<\/h3>\n<div id=\"benefits-conseils\" class=\"product__collapse-panel\">\n<p>Appliquer g\u00e9n\u00e9reusement sur le corps apr\u00e8s chaque sortie et quotidiennement au retour des vacances.<\/p>\n<\/div>\n<\/div>\n","protected":false},"excerpt":{"rendered":"<p>Une formule confortable qui r\u00e9hydrate la peau pour minimiser le risque de desquamation et prolonge durablement l\u2019\u00e9clat du bronzage longtemps apr\u00e8s l\u2019exposition solaire. Formul\u00e9 avec un complexe apaisant au sulfate de Dextran et extrait de r\u00e9glisse, l\u2019Apr\u00e8s-Soleil Prolongateur de Bronzage diminue les sensations d\u2019inconfort.<\/p>\n","protected":false},"featured_media":3705,"comment_status":"open","ping_status":"closed","template":"","meta":[],"product_brand":[],"product_cat":[94,100],"product_tag":[209],"class_list":{"0":"post-1852","1":"product","2":"type-product","3":"status-publish","4":"has-post-thumbnail","6":"product_cat-corps","7":"product_cat-protection-solaire","8":"product_tag-esthederm-fr","10":"first","11":"instock","12":"taxable","13":"shipping-taxable","14":"purchasable","15":"product-type-simple"},"yoast_head":"<!-- This site is optimized with the Yoast SEO plugin v23.9 - https:\/\/yoast.com\/wordpress\/plugins\/seo\/ -->\n<title>Lotion Prolongateur De Bronzage - Lait de Soin Corps Apr\u00e8s-Soleil &#8211; Clinique \u00c9via<\/title>\n<meta name=\"robots\" content=\"index, follow, max-snippet:-1, max-image-preview:large, max-video-preview:-1\" \/>\n<link rel=\"canonical\" href=\"https:\/\/www.cliniqueevia.ca\/fr\/produit\/lotion-prolongatrice-de-bronzage-lait-de-soin-corps-apres-soleil\/\" \/>\n<meta property=\"og:locale\" content=\"fr_FR\" \/>\n<meta property=\"og:type\" content=\"article\" \/>\n<meta property=\"og:title\" content=\"Lotion Prolongateur De Bronzage - Lait de Soin Corps Apr\u00e8s-Soleil &#8211; Clinique \u00c9via\" \/>\n<meta property=\"og:description\" content=\"Une formule confortable qui r\u00e9hydrate la peau pour minimiser le risque de desquamation et prolonge durablement l\u2019\u00e9clat du bronzage longtemps apr\u00e8s l\u2019exposition solaire. Formul\u00e9 avec un complexe apaisant au sulfate de Dextran et extrait de r\u00e9glisse, l\u2019Apr\u00e8s-Soleil Prolongateur de Bronzage diminue les sensations d\u2019inconfort.\" \/>\n<meta property=\"og:url\" content=\"https:\/\/www.cliniqueevia.ca\/fr\/produit\/lotion-prolongatrice-de-bronzage-lait-de-soin-corps-apres-soleil\/\" \/>\n<meta property=\"og:site_name\" content=\"Clinique \u00c9via\" \/>\n<meta property=\"article:publisher\" content=\"https:\/\/www.facebook.com\/cliniqueevia\" \/>\n<meta property=\"article:modified_time\" content=\"2022-11-15T19:29:59+00:00\" \/>\n<meta property=\"og:image\" content=\"https:\/\/www.cliniqueevia.ca\/wp-content\/uploads\/2022\/11\/Esthederm-Tan-Prolonging-Body-Lotion.jpg\" \/>\n\t<meta property=\"og:image:width\" content=\"1400\" \/>\n\t<meta property=\"og:image:height\" content=\"1400\" \/>\n\t<meta property=\"og:image:type\" content=\"image\/jpeg\" \/>\n<meta name=\"twitter:card\" content=\"summary_large_image\" \/>\n<meta name=\"twitter:label1\" content=\"Dur\u00e9e de lecture est.\" \/>\n\t<meta name=\"twitter:data1\" content=\"1 minute\" \/>\n<script type=\"application\/ld+json\" class=\"yoast-schema-graph\">{\"@context\":\"https:\/\/schema.org\",\"@graph\":[{\"@type\":\"WebPage\",\"@id\":\"https:\/\/www.cliniqueevia.ca\/fr\/produit\/lotion-prolongatrice-de-bronzage-lait-de-soin-corps-apres-soleil\/\",\"url\":\"https:\/\/www.cliniqueevia.ca\/fr\/produit\/lotion-prolongatrice-de-bronzage-lait-de-soin-corps-apres-soleil\/\",\"name\":\"Lotion Prolongateur De Bronzage - Lait de Soin Corps Apr\u00e8s-Soleil &#8211; Clinique \u00c9via\",\"isPartOf\":{\"@id\":\"https:\/\/www.cliniqueevia.ca\/fr\/#website\"},\"primaryImageOfPage\":{\"@id\":\"https:\/\/www.cliniqueevia.ca\/fr\/produit\/lotion-prolongatrice-de-bronzage-lait-de-soin-corps-apres-soleil\/#primaryimage\"},\"image\":{\"@id\":\"https:\/\/www.cliniqueevia.ca\/fr\/produit\/lotion-prolongatrice-de-bronzage-lait-de-soin-corps-apres-soleil\/#primaryimage\"},\"thumbnailUrl\":\"https:\/\/www.cliniqueevia.ca\/wp-content\/uploads\/2022\/11\/Esthederm-Tan-Prolonging-Body-Lotion.jpg\",\"datePublished\":\"2022-11-15T19:29:11+00:00\",\"dateModified\":\"2022-11-15T19:29:59+00:00\",\"breadcrumb\":{\"@id\":\"https:\/\/www.cliniqueevia.ca\/fr\/produit\/lotion-prolongatrice-de-bronzage-lait-de-soin-corps-apres-soleil\/#breadcrumb\"},\"inLanguage\":\"fr-FR\",\"potentialAction\":[{\"@type\":\"ReadAction\",\"target\":[\"https:\/\/www.cliniqueevia.ca\/fr\/produit\/lotion-prolongatrice-de-bronzage-lait-de-soin-corps-apres-soleil\/\"]}]},{\"@type\":\"ImageObject\",\"inLanguage\":\"fr-FR\",\"@id\":\"https:\/\/www.cliniqueevia.ca\/fr\/produit\/lotion-prolongatrice-de-bronzage-lait-de-soin-corps-apres-soleil\/#primaryimage\",\"url\":\"https:\/\/www.cliniqueevia.ca\/wp-content\/uploads\/2022\/11\/Esthederm-Tan-Prolonging-Body-Lotion.jpg\",\"contentUrl\":\"https:\/\/www.cliniqueevia.ca\/wp-content\/uploads\/2022\/11\/Esthederm-Tan-Prolonging-Body-Lotion.jpg\",\"width\":1400,\"height\":1400},{\"@type\":\"BreadcrumbList\",\"@id\":\"https:\/\/www.cliniqueevia.ca\/fr\/produit\/lotion-prolongatrice-de-bronzage-lait-de-soin-corps-apres-soleil\/#breadcrumb\",\"itemListElement\":[{\"@type\":\"ListItem\",\"position\":1,\"name\":\"Home\",\"item\":\"https:\/\/www.cliniqueevia.ca\/fr\/\"},{\"@type\":\"ListItem\",\"position\":2,\"name\":\"Boutique\",\"item\":\"https:\/\/www.cliniqueevia.ca\/fr\/boutique\/\"},{\"@type\":\"ListItem\",\"position\":3,\"name\":\"Lotion Prolongateur De Bronzage &#8211; Lait de Soin Corps Apr\u00e8s-Soleil\"}]},{\"@type\":\"WebSite\",\"@id\":\"https:\/\/www.cliniqueevia.ca\/fr\/#website\",\"url\":\"https:\/\/www.cliniqueevia.ca\/fr\/\",\"name\":\"Clinique \u00c9via\",\"description\":\"Clinique \u00c9via traite vos conditions esth\u00e9tiques sp\u00e9cifiques gr\u00e2ce \u00e0 des technologies et des produits de haute performance.\",\"publisher\":{\"@id\":\"https:\/\/www.cliniqueevia.ca\/fr\/#organization\"},\"potentialAction\":[{\"@type\":\"SearchAction\",\"target\":{\"@type\":\"EntryPoint\",\"urlTemplate\":\"https:\/\/www.cliniqueevia.ca\/fr\/?s={search_term_string}\"},\"query-input\":{\"@type\":\"PropertyValueSpecification\",\"valueRequired\":true,\"valueName\":\"search_term_string\"}}],\"inLanguage\":\"fr-FR\"},{\"@type\":\"Organization\",\"@id\":\"https:\/\/www.cliniqueevia.ca\/fr\/#organization\",\"name\":\"Clinique \u00c9via\",\"url\":\"https:\/\/www.cliniqueevia.ca\/fr\/\",\"logo\":{\"@type\":\"ImageObject\",\"inLanguage\":\"fr-FR\",\"@id\":\"https:\/\/www.cliniqueevia.ca\/fr\/#\/schema\/logo\/image\/\",\"url\":\"https:\/\/www.cliniqueevia.ca\/wp-content\/uploads\/2020\/09\/Evia-Logo-RGB-Transparent-Black-1.png\",\"contentUrl\":\"https:\/\/www.cliniqueevia.ca\/wp-content\/uploads\/2020\/09\/Evia-Logo-RGB-Transparent-Black-1.png\",\"width\":1818,\"height\":1056,\"caption\":\"Clinique \u00c9via\"},\"image\":{\"@id\":\"https:\/\/www.cliniqueevia.ca\/fr\/#\/schema\/logo\/image\/\"},\"sameAs\":[\"https:\/\/www.facebook.com\/cliniqueevia\"]}]}<\/script>\n<!-- \/ Yoast SEO plugin. -->","yoast_head_json":{"title":"Lotion Prolongateur De Bronzage - Lait de Soin Corps Apr\u00e8s-Soleil &#8211; Clinique \u00c9via","robots":{"index":"index","follow":"follow","max-snippet":"max-snippet:-1","max-image-preview":"max-image-preview:large","max-video-preview":"max-video-preview:-1"},"canonical":"https:\/\/www.cliniqueevia.ca\/fr\/produit\/lotion-prolongatrice-de-bronzage-lait-de-soin-corps-apres-soleil\/","og_locale":"fr_FR","og_type":"article","og_title":"Lotion Prolongateur De Bronzage - Lait de Soin Corps Apr\u00e8s-Soleil &#8211; Clinique \u00c9via","og_description":"Une formule confortable qui r\u00e9hydrate la peau pour minimiser le risque de desquamation et prolonge durablement l\u2019\u00e9clat du bronzage longtemps apr\u00e8s l\u2019exposition solaire. Formul\u00e9 avec un complexe apaisant au sulfate de Dextran et extrait de r\u00e9glisse, l\u2019Apr\u00e8s-Soleil Prolongateur de Bronzage diminue les sensations d\u2019inconfort.","og_url":"https:\/\/www.cliniqueevia.ca\/fr\/produit\/lotion-prolongatrice-de-bronzage-lait-de-soin-corps-apres-soleil\/","og_site_name":"Clinique \u00c9via","article_publisher":"https:\/\/www.facebook.com\/cliniqueevia","article_modified_time":"2022-11-15T19:29:59+00:00","og_image":[{"width":1400,"height":1400,"url":"https:\/\/www.cliniqueevia.ca\/wp-content\/uploads\/2022\/11\/Esthederm-Tan-Prolonging-Body-Lotion.jpg","type":"image\/jpeg"}],"twitter_card":"summary_large_image","twitter_misc":{"Dur\u00e9e de lecture est.":"1 minute"},"schema":{"@context":"https:\/\/schema.org","@graph":[{"@type":"WebPage","@id":"https:\/\/www.cliniqueevia.ca\/fr\/produit\/lotion-prolongatrice-de-bronzage-lait-de-soin-corps-apres-soleil\/","url":"https:\/\/www.cliniqueevia.ca\/fr\/produit\/lotion-prolongatrice-de-bronzage-lait-de-soin-corps-apres-soleil\/","name":"Lotion Prolongateur De Bronzage - Lait de Soin Corps Apr\u00e8s-Soleil &#8211; Clinique \u00c9via","isPartOf":{"@id":"https:\/\/www.cliniqueevia.ca\/fr\/#website"},"primaryImageOfPage":{"@id":"https:\/\/www.cliniqueevia.ca\/fr\/produit\/lotion-prolongatrice-de-bronzage-lait-de-soin-corps-apres-soleil\/#primaryimage"},"image":{"@id":"https:\/\/www.cliniqueevia.ca\/fr\/produit\/lotion-prolongatrice-de-bronzage-lait-de-soin-corps-apres-soleil\/#primaryimage"},"thumbnailUrl":"https:\/\/www.cliniqueevia.ca\/wp-content\/uploads\/2022\/11\/Esthederm-Tan-Prolonging-Body-Lotion.jpg","datePublished":"2022-11-15T19:29:11+00:00","dateModified":"2022-11-15T19:29:59+00:00","breadcrumb":{"@id":"https:\/\/www.cliniqueevia.ca\/fr\/produit\/lotion-prolongatrice-de-bronzage-lait-de-soin-corps-apres-soleil\/#breadcrumb"},"inLanguage":"fr-FR","potentialAction":[{"@type":"ReadAction","target":["https:\/\/www.cliniqueevia.ca\/fr\/produit\/lotion-prolongatrice-de-bronzage-lait-de-soin-corps-apres-soleil\/"]}]},{"@type":"ImageObject","inLanguage":"fr-FR","@id":"https:\/\/www.cliniqueevia.ca\/fr\/produit\/lotion-prolongatrice-de-bronzage-lait-de-soin-corps-apres-soleil\/#primaryimage","url":"https:\/\/www.cliniqueevia.ca\/wp-content\/uploads\/2022\/11\/Esthederm-Tan-Prolonging-Body-Lotion.jpg","contentUrl":"https:\/\/www.cliniqueevia.ca\/wp-content\/uploads\/2022\/11\/Esthederm-Tan-Prolonging-Body-Lotion.jpg","width":1400,"height":1400},{"@type":"BreadcrumbList","@id":"https:\/\/www.cliniqueevia.ca\/fr\/produit\/lotion-prolongatrice-de-bronzage-lait-de-soin-corps-apres-soleil\/#breadcrumb","itemListElement":[{"@type":"ListItem","position":1,"name":"Home","item":"https:\/\/www.cliniqueevia.ca\/fr\/"},{"@type":"ListItem","position":2,"name":"Boutique","item":"https:\/\/www.cliniqueevia.ca\/fr\/boutique\/"},{"@type":"ListItem","position":3,"name":"Lotion Prolongateur De Bronzage &#8211; Lait de Soin Corps Apr\u00e8s-Soleil"}]},{"@type":"WebSite","@id":"https:\/\/www.cliniqueevia.ca\/fr\/#website","url":"https:\/\/www.cliniqueevia.ca\/fr\/","name":"Clinique \u00c9via","description":"Clinique \u00c9via traite vos conditions esth\u00e9tiques sp\u00e9cifiques gr\u00e2ce \u00e0 des technologies et des produits de haute performance.","publisher":{"@id":"https:\/\/www.cliniqueevia.ca\/fr\/#organization"},"potentialAction":[{"@type":"SearchAction","target":{"@type":"EntryPoint","urlTemplate":"https:\/\/www.cliniqueevia.ca\/fr\/?s={search_term_string}"},"query-input":{"@type":"PropertyValueSpecification","valueRequired":true,"valueName":"search_term_string"}}],"inLanguage":"fr-FR"},{"@type":"Organization","@id":"https:\/\/www.cliniqueevia.ca\/fr\/#organization","name":"Clinique \u00c9via","url":"https:\/\/www.cliniqueevia.ca\/fr\/","logo":{"@type":"ImageObject","inLanguage":"fr-FR","@id":"https:\/\/www.cliniqueevia.ca\/fr\/#\/schema\/logo\/image\/","url":"https:\/\/www.cliniqueevia.ca\/wp-content\/uploads\/2020\/09\/Evia-Logo-RGB-Transparent-Black-1.png","contentUrl":"https:\/\/www.cliniqueevia.ca\/wp-content\/uploads\/2020\/09\/Evia-Logo-RGB-Transparent-Black-1.png","width":1818,"height":1056,"caption":"Clinique \u00c9via"},"image":{"@id":"https:\/\/www.cliniqueevia.ca\/fr\/#\/schema\/logo\/image\/"},"sameAs":["https:\/\/www.facebook.com\/cliniqueevia"]}]}},"_links":{"self":[{"href":"https:\/\/www.cliniqueevia.ca\/fr\/wp-json\/wp\/v2\/product\/1852","targetHints":{"allow":["GET"]}}],"collection":[{"href":"https:\/\/www.cliniqueevia.ca\/fr\/wp-json\/wp\/v2\/product"}],"about":[{"href":"https:\/\/www.cliniqueevia.ca\/fr\/wp-json\/wp\/v2\/types\/product"}],"replies":[{"embeddable":true,"href":"https:\/\/www.cliniqueevia.ca\/fr\/wp-json\/wp\/v2\/comments?post=1852"}],"wp:featuredmedia":[{"embeddable":true,"href":"https:\/\/www.cliniqueevia.ca\/fr\/wp-json\/wp\/v2\/media\/3705"}],"wp:attachment":[{"href":"https:\/\/www.cliniqueevia.ca\/fr\/wp-json\/wp\/v2\/media?parent=1852"}],"wp:term":[{"taxonomy":"product_brand","embeddable":true,"href":"https:\/\/www.cliniqueevia.ca\/fr\/wp-json\/wp\/v2\/product_brand?post=1852"},{"taxonomy":"product_cat","embeddable":true,"href":"https:\/\/www.cliniqueevia.ca\/fr\/wp-json\/wp\/v2\/product_cat?post=1852"},{"taxonomy":"product_tag","embeddable":true,"href":"https:\/\/www.cliniqueevia.ca\/fr\/wp-json\/wp\/v2\/product_tag?post=1852"}],"curies":[{"name":"wp","href":"https:\/\/api.w.org\/{rel}","templated":true}]}}