{"id":1867,"date":"2022-04-12T15:51:23","date_gmt":"2022-11-16T03:11:58","guid":{"rendered":"https:\/\/www.cliniqueevia.ca\/?post_type=product&#038;p=1867"},"modified":"2022-11-16T03:11:59","modified_gmt":"2022-11-16T03:11:59","slug":"sun-ultimate-creme-visage-fps-30","status":"publish","type":"product","link":"https:\/\/www.cliniqueevia.ca\/fr\/produit\/sun-ultimate-creme-visage-fps-30\/","title":{"rendered":"Sun Ultimate Cr\u00e8me Visage \u2013 FPS 30"},"content":{"rendered":"<div class=\"product__collapse \">\n<h3 class=\"h5\">BIENFAITS<\/h3>\n<div id=\"benefits-bienfaits\" class=\"product__collapse-panel\">\n<p>Aide \u00e0 pr\u00e9venir des coups de soleil et diminue la sensibilit\u00e9. La peau est apais\u00e9e, id\u00e9alement hydrat\u00e9e et \u00e9clatante de jeunesse.<\/p>\n<\/div>\n<\/div>\n<div class=\"product__collapse \">\n<h3 class=\"h5\">CONSEILS D&rsquo;APPLICATION<\/h3>\n<div id=\"benefits-conseils\" class=\"product__collapse-panel\">\n<p>Appliquer g\u00e9n\u00e9reusement, puis \u00e9taler uniform\u00e9ment avec les mains 15 minutes avant l\u2019exposition au soleil.<br \/>\nRenouveler au moins toutes les 2 heures.<\/p>\n<\/div>\n<\/div>\n","protected":false},"excerpt":{"rendered":"<p>Le soin protecteur visage pour les peaux d\u00e9licates qui aide \u00e0 pr\u00e9venir les coups de soleil et contribue \u00e0 r\u00e9duire la sensibilit\u00e9. Sun Ultimate Cr\u00e8me est un soin solaire qui cible les facteurs responsables du vieillissement cutan\u00e9, la peau est id\u00e9alement hydrat\u00e9e souple et \u00e9clatante de jeunesse.<\/p>\n","protected":false},"featured_media":1878,"comment_status":"open","ping_status":"closed","template":"","meta":[],"product_brand":[],"product_cat":[100],"product_tag":[232,229,209,125,150],"class_list":{"0":"post-1867","1":"product","2":"type-product","3":"status-publish","4":"has-post-thumbnail","6":"product_cat-protection-solaire","7":"product_tag-creme-solaire","8":"product_tag-fps-30","9":"product_tag-esthederm-fr","10":"product_tag-peau-sensible","11":"product_tag-protection-solaire","13":"first","14":"instock","15":"sale","16":"taxable","17":"shipping-taxable","18":"purchasable","19":"product-type-simple"},"yoast_head":"<!-- This site is optimized with the Yoast SEO plugin v23.9 - https:\/\/yoast.com\/wordpress\/plugins\/seo\/ -->\n<title>Sun Ultimate Cr\u00e8me Visage \u2013 FPS 30 &#8211; Clinique \u00c9via<\/title>\n<meta name=\"robots\" content=\"index, follow, max-snippet:-1, max-image-preview:large, max-video-preview:-1\" \/>\n<link rel=\"canonical\" href=\"https:\/\/www.cliniqueevia.ca\/fr\/produit\/sun-ultimate-creme-visage-fps-30\/\" \/>\n<meta property=\"og:locale\" content=\"fr_FR\" \/>\n<meta property=\"og:type\" content=\"article\" \/>\n<meta property=\"og:title\" content=\"Sun Ultimate Cr\u00e8me Visage \u2013 FPS 30 &#8211; Clinique \u00c9via\" \/>\n<meta property=\"og:description\" content=\"Le soin protecteur visage pour les peaux d\u00e9licates qui aide \u00e0 pr\u00e9venir les coups de soleil et contribue \u00e0 r\u00e9duire la sensibilit\u00e9. Sun Ultimate Cr\u00e8me est un soin solaire qui cible les facteurs responsables du vieillissement cutan\u00e9, la peau est id\u00e9alement hydrat\u00e9e souple et \u00e9clatante de jeunesse.\" \/>\n<meta property=\"og:url\" content=\"https:\/\/www.cliniqueevia.ca\/fr\/produit\/sun-ultimate-creme-visage-fps-30\/\" \/>\n<meta property=\"og:site_name\" content=\"Clinique \u00c9via\" \/>\n<meta property=\"article:publisher\" content=\"https:\/\/www.facebook.com\/cliniqueevia\" \/>\n<meta property=\"article:modified_time\" content=\"2022-11-16T03:11:59+00:00\" \/>\n<meta property=\"og:image\" content=\"https:\/\/www.cliniqueevia.ca\/wp-content\/uploads\/2022\/04\/esthederm-sun-ultimate-creme-spf-30-min.png\" \/>\n\t<meta property=\"og:image:width\" content=\"1400\" \/>\n\t<meta property=\"og:image:height\" content=\"1400\" \/>\n\t<meta property=\"og:image:type\" content=\"image\/png\" \/>\n<meta name=\"twitter:card\" content=\"summary_large_image\" \/>\n<meta name=\"twitter:label1\" content=\"Dur\u00e9e de lecture est.\" \/>\n\t<meta name=\"twitter:data1\" content=\"1 minute\" \/>\n<script type=\"application\/ld+json\" class=\"yoast-schema-graph\">{\"@context\":\"https:\/\/schema.org\",\"@graph\":[{\"@type\":\"WebPage\",\"@id\":\"https:\/\/www.cliniqueevia.ca\/fr\/produit\/sun-ultimate-creme-visage-fps-30\/\",\"url\":\"https:\/\/www.cliniqueevia.ca\/fr\/produit\/sun-ultimate-creme-visage-fps-30\/\",\"name\":\"Sun Ultimate Cr\u00e8me Visage \u2013 FPS 30 &#8211; Clinique \u00c9via\",\"isPartOf\":{\"@id\":\"https:\/\/www.cliniqueevia.ca\/fr\/#website\"},\"primaryImageOfPage\":{\"@id\":\"https:\/\/www.cliniqueevia.ca\/fr\/produit\/sun-ultimate-creme-visage-fps-30\/#primaryimage\"},\"image\":{\"@id\":\"https:\/\/www.cliniqueevia.ca\/fr\/produit\/sun-ultimate-creme-visage-fps-30\/#primaryimage\"},\"thumbnailUrl\":\"https:\/\/www.cliniqueevia.ca\/wp-content\/uploads\/2022\/04\/esthederm-sun-ultimate-creme-spf-30-min.png\",\"datePublished\":\"2022-11-16T03:11:58+00:00\",\"dateModified\":\"2022-11-16T03:11:59+00:00\",\"breadcrumb\":{\"@id\":\"https:\/\/www.cliniqueevia.ca\/fr\/produit\/sun-ultimate-creme-visage-fps-30\/#breadcrumb\"},\"inLanguage\":\"fr-FR\",\"potentialAction\":[{\"@type\":\"ReadAction\",\"target\":[\"https:\/\/www.cliniqueevia.ca\/fr\/produit\/sun-ultimate-creme-visage-fps-30\/\"]}]},{\"@type\":\"ImageObject\",\"inLanguage\":\"fr-FR\",\"@id\":\"https:\/\/www.cliniqueevia.ca\/fr\/produit\/sun-ultimate-creme-visage-fps-30\/#primaryimage\",\"url\":\"https:\/\/www.cliniqueevia.ca\/wp-content\/uploads\/2022\/04\/esthederm-sun-ultimate-creme-spf-30-min.png\",\"contentUrl\":\"https:\/\/www.cliniqueevia.ca\/wp-content\/uploads\/2022\/04\/esthederm-sun-ultimate-creme-spf-30-min.png\",\"width\":1400,\"height\":1400},{\"@type\":\"BreadcrumbList\",\"@id\":\"https:\/\/www.cliniqueevia.ca\/fr\/produit\/sun-ultimate-creme-visage-fps-30\/#breadcrumb\",\"itemListElement\":[{\"@type\":\"ListItem\",\"position\":1,\"name\":\"Home\",\"item\":\"https:\/\/www.cliniqueevia.ca\/fr\/\"},{\"@type\":\"ListItem\",\"position\":2,\"name\":\"Boutique\",\"item\":\"https:\/\/www.cliniqueevia.ca\/fr\/boutique\/\"},{\"@type\":\"ListItem\",\"position\":3,\"name\":\"Sun Ultimate Cr\u00e8me Visage \u2013 FPS 30\"}]},{\"@type\":\"WebSite\",\"@id\":\"https:\/\/www.cliniqueevia.ca\/fr\/#website\",\"url\":\"https:\/\/www.cliniqueevia.ca\/fr\/\",\"name\":\"Clinique \u00c9via\",\"description\":\"Clinique \u00c9via traite vos conditions esth\u00e9tiques sp\u00e9cifiques gr\u00e2ce \u00e0 des technologies et des produits de haute performance.\",\"publisher\":{\"@id\":\"https:\/\/www.cliniqueevia.ca\/fr\/#organization\"},\"potentialAction\":[{\"@type\":\"SearchAction\",\"target\":{\"@type\":\"EntryPoint\",\"urlTemplate\":\"https:\/\/www.cliniqueevia.ca\/fr\/?s={search_term_string}\"},\"query-input\":{\"@type\":\"PropertyValueSpecification\",\"valueRequired\":true,\"valueName\":\"search_term_string\"}}],\"inLanguage\":\"fr-FR\"},{\"@type\":\"Organization\",\"@id\":\"https:\/\/www.cliniqueevia.ca\/fr\/#organization\",\"name\":\"Clinique \u00c9via\",\"url\":\"https:\/\/www.cliniqueevia.ca\/fr\/\",\"logo\":{\"@type\":\"ImageObject\",\"inLanguage\":\"fr-FR\",\"@id\":\"https:\/\/www.cliniqueevia.ca\/fr\/#\/schema\/logo\/image\/\",\"url\":\"https:\/\/www.cliniqueevia.ca\/wp-content\/uploads\/2020\/09\/Evia-Logo-RGB-Transparent-Black-1.png\",\"contentUrl\":\"https:\/\/www.cliniqueevia.ca\/wp-content\/uploads\/2020\/09\/Evia-Logo-RGB-Transparent-Black-1.png\",\"width\":1818,\"height\":1056,\"caption\":\"Clinique \u00c9via\"},\"image\":{\"@id\":\"https:\/\/www.cliniqueevia.ca\/fr\/#\/schema\/logo\/image\/\"},\"sameAs\":[\"https:\/\/www.facebook.com\/cliniqueevia\"]}]}<\/script>\n<!-- \/ Yoast SEO plugin. -->","yoast_head_json":{"title":"Sun Ultimate Cr\u00e8me Visage \u2013 FPS 30 &#8211; Clinique \u00c9via","robots":{"index":"index","follow":"follow","max-snippet":"max-snippet:-1","max-image-preview":"max-image-preview:large","max-video-preview":"max-video-preview:-1"},"canonical":"https:\/\/www.cliniqueevia.ca\/fr\/produit\/sun-ultimate-creme-visage-fps-30\/","og_locale":"fr_FR","og_type":"article","og_title":"Sun Ultimate Cr\u00e8me Visage \u2013 FPS 30 &#8211; Clinique \u00c9via","og_description":"Le soin protecteur visage pour les peaux d\u00e9licates qui aide \u00e0 pr\u00e9venir les coups de soleil et contribue \u00e0 r\u00e9duire la sensibilit\u00e9. Sun Ultimate Cr\u00e8me est un soin solaire qui cible les facteurs responsables du vieillissement cutan\u00e9, la peau est id\u00e9alement hydrat\u00e9e souple et \u00e9clatante de jeunesse.","og_url":"https:\/\/www.cliniqueevia.ca\/fr\/produit\/sun-ultimate-creme-visage-fps-30\/","og_site_name":"Clinique \u00c9via","article_publisher":"https:\/\/www.facebook.com\/cliniqueevia","article_modified_time":"2022-11-16T03:11:59+00:00","og_image":[{"width":1400,"height":1400,"url":"https:\/\/www.cliniqueevia.ca\/wp-content\/uploads\/2022\/04\/esthederm-sun-ultimate-creme-spf-30-min.png","type":"image\/png"}],"twitter_card":"summary_large_image","twitter_misc":{"Dur\u00e9e de lecture est.":"1 minute"},"schema":{"@context":"https:\/\/schema.org","@graph":[{"@type":"WebPage","@id":"https:\/\/www.cliniqueevia.ca\/fr\/produit\/sun-ultimate-creme-visage-fps-30\/","url":"https:\/\/www.cliniqueevia.ca\/fr\/produit\/sun-ultimate-creme-visage-fps-30\/","name":"Sun Ultimate Cr\u00e8me Visage \u2013 FPS 30 &#8211; Clinique \u00c9via","isPartOf":{"@id":"https:\/\/www.cliniqueevia.ca\/fr\/#website"},"primaryImageOfPage":{"@id":"https:\/\/www.cliniqueevia.ca\/fr\/produit\/sun-ultimate-creme-visage-fps-30\/#primaryimage"},"image":{"@id":"https:\/\/www.cliniqueevia.ca\/fr\/produit\/sun-ultimate-creme-visage-fps-30\/#primaryimage"},"thumbnailUrl":"https:\/\/www.cliniqueevia.ca\/wp-content\/uploads\/2022\/04\/esthederm-sun-ultimate-creme-spf-30-min.png","datePublished":"2022-11-16T03:11:58+00:00","dateModified":"2022-11-16T03:11:59+00:00","breadcrumb":{"@id":"https:\/\/www.cliniqueevia.ca\/fr\/produit\/sun-ultimate-creme-visage-fps-30\/#breadcrumb"},"inLanguage":"fr-FR","potentialAction":[{"@type":"ReadAction","target":["https:\/\/www.cliniqueevia.ca\/fr\/produit\/sun-ultimate-creme-visage-fps-30\/"]}]},{"@type":"ImageObject","inLanguage":"fr-FR","@id":"https:\/\/www.cliniqueevia.ca\/fr\/produit\/sun-ultimate-creme-visage-fps-30\/#primaryimage","url":"https:\/\/www.cliniqueevia.ca\/wp-content\/uploads\/2022\/04\/esthederm-sun-ultimate-creme-spf-30-min.png","contentUrl":"https:\/\/www.cliniqueevia.ca\/wp-content\/uploads\/2022\/04\/esthederm-sun-ultimate-creme-spf-30-min.png","width":1400,"height":1400},{"@type":"BreadcrumbList","@id":"https:\/\/www.cliniqueevia.ca\/fr\/produit\/sun-ultimate-creme-visage-fps-30\/#breadcrumb","itemListElement":[{"@type":"ListItem","position":1,"name":"Home","item":"https:\/\/www.cliniqueevia.ca\/fr\/"},{"@type":"ListItem","position":2,"name":"Boutique","item":"https:\/\/www.cliniqueevia.ca\/fr\/boutique\/"},{"@type":"ListItem","position":3,"name":"Sun Ultimate Cr\u00e8me Visage \u2013 FPS 30"}]},{"@type":"WebSite","@id":"https:\/\/www.cliniqueevia.ca\/fr\/#website","url":"https:\/\/www.cliniqueevia.ca\/fr\/","name":"Clinique \u00c9via","description":"Clinique \u00c9via traite vos conditions esth\u00e9tiques sp\u00e9cifiques gr\u00e2ce \u00e0 des technologies et des produits de haute performance.","publisher":{"@id":"https:\/\/www.cliniqueevia.ca\/fr\/#organization"},"potentialAction":[{"@type":"SearchAction","target":{"@type":"EntryPoint","urlTemplate":"https:\/\/www.cliniqueevia.ca\/fr\/?s={search_term_string}"},"query-input":{"@type":"PropertyValueSpecification","valueRequired":true,"valueName":"search_term_string"}}],"inLanguage":"fr-FR"},{"@type":"Organization","@id":"https:\/\/www.cliniqueevia.ca\/fr\/#organization","name":"Clinique \u00c9via","url":"https:\/\/www.cliniqueevia.ca\/fr\/","logo":{"@type":"ImageObject","inLanguage":"fr-FR","@id":"https:\/\/www.cliniqueevia.ca\/fr\/#\/schema\/logo\/image\/","url":"https:\/\/www.cliniqueevia.ca\/wp-content\/uploads\/2020\/09\/Evia-Logo-RGB-Transparent-Black-1.png","contentUrl":"https:\/\/www.cliniqueevia.ca\/wp-content\/uploads\/2020\/09\/Evia-Logo-RGB-Transparent-Black-1.png","width":1818,"height":1056,"caption":"Clinique \u00c9via"},"image":{"@id":"https:\/\/www.cliniqueevia.ca\/fr\/#\/schema\/logo\/image\/"},"sameAs":["https:\/\/www.facebook.com\/cliniqueevia"]}]}},"_links":{"self":[{"href":"https:\/\/www.cliniqueevia.ca\/fr\/wp-json\/wp\/v2\/product\/1867","targetHints":{"allow":["GET"]}}],"collection":[{"href":"https:\/\/www.cliniqueevia.ca\/fr\/wp-json\/wp\/v2\/product"}],"about":[{"href":"https:\/\/www.cliniqueevia.ca\/fr\/wp-json\/wp\/v2\/types\/product"}],"replies":[{"embeddable":true,"href":"https:\/\/www.cliniqueevia.ca\/fr\/wp-json\/wp\/v2\/comments?post=1867"}],"wp:featuredmedia":[{"embeddable":true,"href":"https:\/\/www.cliniqueevia.ca\/fr\/wp-json\/wp\/v2\/media\/1878"}],"wp:attachment":[{"href":"https:\/\/www.cliniqueevia.ca\/fr\/wp-json\/wp\/v2\/media?parent=1867"}],"wp:term":[{"taxonomy":"product_brand","embeddable":true,"href":"https:\/\/www.cliniqueevia.ca\/fr\/wp-json\/wp\/v2\/product_brand?post=1867"},{"taxonomy":"product_cat","embeddable":true,"href":"https:\/\/www.cliniqueevia.ca\/fr\/wp-json\/wp\/v2\/product_cat?post=1867"},{"taxonomy":"product_tag","embeddable":true,"href":"https:\/\/www.cliniqueevia.ca\/fr\/wp-json\/wp\/v2\/product_tag?post=1867"}],"curies":[{"name":"wp","href":"https:\/\/api.w.org\/{rel}","templated":true}]}}