{"id":3469,"date":"2023-09-11T15:44:59","date_gmt":"2023-09-11T16:29:38","guid":{"rendered":"https:\/\/www.cliniqueevia.ca\/?post_type=product&#038;p=3469"},"modified":"2026-03-01T19:00:32","modified_gmt":"2026-03-02T00:00:32","slug":"rd-derma-collagen-gel-regenerant-anti-age","status":"publish","type":"product","link":"https:\/\/www.cliniqueevia.ca\/fr\/produit\/rd-derma-collagen-gel-regenerant-anti-age\/","title":{"rendered":"RD Derma Collagen Gel R\u00e9g\u00e9n\u00e9rant Anti-\u00c2ge"},"content":{"rendered":"<p><strong>RD Cosmetic Derma Collagen<\/strong> est un Gel R\u00e9g\u00e9n\u00e9rant Anti-\u00c2ge intensif qui agit comme une alternative au r\u00e9tinol hautement efficace et non irritante. Con\u00e7ue avec de l&rsquo;eau oxyg\u00e9n\u00e9e encapsul\u00e9e dans des nanobulles, cette formule p\u00e9n\u00e8tre 30 fois plus profond\u00e9ment que les soins standards pour stimuler la production de collag\u00e8ne de type I et III directement au c\u0153ur du derme. En combinant du collag\u00e8ne marin bio-disponible avec des cellules souches organiques et de l&rsquo;acide hyaluronique, Derma Collagen procure une hydratation profonde, comble les rides fines et acc\u00e9l\u00e8re la r\u00e9cup\u00e9ration cellulaire \u2014 ce qui en fait une solution essentielle pour la gu\u00e9rison post-traitement (lasers ou peelings) et les soins anti-\u00e2ge quotidiens.<\/p>\n<h4><strong>Eau oxyg\u00e9n\u00e9e<\/strong><\/h4>\n<p>Permet une p\u00e9n\u00e9tration 30x plus rapide que l\u2019eau traditionnellement utilis\u00e9e dans les produits cosm\u00e9tiques et cosm\u00e9ceutiques. L\u2019eau oxyg\u00e9n\u00e9e joue un r\u00f4le de v\u00e9hicule pour l\u2019oxyg\u00e8ne, de l\u2019\u00e9piderme au derme: un ph\u00e9nom\u00e8ne connu pour stimuler l\u2019\u00e9pith\u00e9lisation.<\/p>\n<h4><strong>Collag\u00e8ne marin<\/strong><\/h4>\n<p>Hydratant et comblant, ce type de collag\u00e8ne augmente de mani\u00e8re consid\u00e9rable les propri\u00e9t\u00e9s repulpantes et r\u00e9g\u00e9n\u00e9rantes naturelles de la matrice extra cellulaire du derme.<\/p>\n<h4><strong>Cellules souches organiques \u2013 Acide Hyaluronique<\/strong><\/h4>\n<p>Est capable d\u2019annuler les cons\u00e9quences du stress et prot\u00e9ger la peau en toute circonstance. Normalise la structure de la jonction-dermo-\u00e9pidemique. Am\u00e9liore la r\u00e9g\u00e9n\u00e9ration des fibres de collag\u00e8ne et am\u00e9liore la densit\u00e9 du derme. Hydrate en profondeur.<\/p>\n<p><strong>Nos produits ne contiennent aucun parfum.<\/strong><\/p>\n<h4>D\u00e9but<strong>\u00a020taine<\/strong><\/h4>\n<p>Il n\u2019est pas n\u00e9cessaire d\u2019utiliser nos produits \u00e0 cet \u00e2ge. Nous vous recommandons d\u2019opter pour de saines habitudes de vie et une bonne protection solaire en tout\u200b temps.<\/p>\n<h4><strong>La 30taine<\/strong><\/h4>\n<p><strong>Gel R\u00e9g\u00e9n\u00e9rant Anti-\u00c2ge Derma Collagen\u1d39\u1d30\u00a0<\/strong>: Application matin et soir, \u00e0 tous les jours.<\/p>\n<h4><strong>La 40taine et +<\/strong><\/h4>\n<p><strong>Gel Fermet\u00e9 Derma Elastin\u1d39\u1d30\u00a0<\/strong>: Application matin, \u00e0 tous les jours.<\/p>\n<p><strong>Gel R\u00e9g\u00e9n\u00e9rant Anti-\u00c2ge Derma Collagen\u1d39\u1d30\u00a0<\/strong>: Application soir, \u00e0 tous les jours.<\/p>\n<p>Pour la juxtaposition des produits, appliquer le Derma Collagen\u1d39\u1d30 en premier, puis le Derma Elastin\u1d39\u1d30 en second, pour traiter en intensif la r\u00e9g\u00e9n\u00e9ration et fermet\u00e9 de la peau.<\/p>\n","protected":false},"excerpt":{"rendered":"<ul>\n<li>Diminue significativement l\u2019apparence des rides et ridules<\/li>\n<li>R\u00e9g\u00e9n\u00e8re et hydrate la peau en profondeur jusqu\u2019au derme<\/li>\n<li>Augmente la production du collag\u00e8ne du type I et III de la peau<\/li>\n<li>Acc\u00e9l\u00e8re la r\u00e9cup\u00e9ration cellulaire de l\u2019\u00e9piderme et la cicatrisation apr\u00e8s des traitements de laser, de peeling chimique et de microdermabrasion<\/li>\n<li>S\u2019int\u00e8gre au protocole de soin r\u00e9gulier et convient \u00e0 tous les types de peau (s\u00e8ches, normales, grasses, sensibles)<\/li>\n<li>Intervient avec efficacit\u00e9 dans la diminution de l\u2019apparence des vergetures et cicatrices<\/li>\n<\/ul>\n<div class=\"woocommerce-tabs wc-tabs-wrapper product-details-tabs desc-layout-boxed\">\n<div id=\"tab-usage\" class=\"woocommerce-Tabs-panel woocommerce-Tabs-panel--usage panel entry-content wc-tab\" role=\"tabpanel\" aria-labelledby=\"tab-title-usage\">\n<div class=\"container\">\n<div class=\"row\">\n<div class=\"col tab-panel-inner\">\n<div class=\"desc-layout-boxed\">\n<h4><\/h4>\n<\/div>\n<\/div>\n<\/div>\n<\/div>\n<\/div>\n<\/div>\n","protected":false},"featured_media":4109,"comment_status":"open","ping_status":"closed","template":"","meta":[],"product_brand":[],"product_cat":[99],"product_tag":[128,262,263,265,296,278],"class_list":{"0":"post-3469","1":"product","2":"type-product","3":"status-publish","4":"has-post-thumbnail","6":"product_cat-serums-fr","7":"product_tag-la-peau-grasse","8":"product_tag-peau-normale","9":"product_tag-peau-seche-fr","10":"product_tag-peau-sensible-fr","11":"product_tag-rd-cosmetic-fr","12":"product_tag-rd-derma-fr","14":"first","15":"instock","16":"taxable","17":"shipping-taxable","18":"purchasable","19":"product-type-variable"},"yoast_head":"<!-- This site is optimized with the Yoast SEO plugin v23.9 - https:\/\/yoast.com\/wordpress\/plugins\/seo\/ -->\n<title>RD Cosmetic - Derma Collagen Gel Anti-\u00c2ge | Boutique &#8211; Clinique \u00c9via<\/title>\n<meta name=\"description\" content=\"Pour tout types de peau, rides, ridules, rosac\u00e9e, taches s\u00e9niles, vergetures et cicatrices apparentes le Gel R\u00e9g\u00e9n\u00e9rant Anti-\u00c2ge Derma Collagen\u1d39\u1d30 intervient dans la r\u00e9g\u00e9n\u00e9ration cellulaire et la fermet\u00e9 des couches profondes de la peau. La p\u00e9n\u00e9tration percutan\u00e9e (de l\u2019\u00e9piderme au derme), ainsi qu\u2019une composition d\u2019ingr\u00e9dients bioactifs, r\u00e9g\u00e9n\u00e8re les fibres de collag\u00e8ne, en renfor\u00e7ant la barri\u00e8re cutan\u00e9e.\" \/>\n<meta name=\"robots\" content=\"index, follow, max-snippet:-1, max-image-preview:large, max-video-preview:-1\" \/>\n<link rel=\"canonical\" href=\"https:\/\/www.cliniqueevia.ca\/fr\/produit\/rd-derma-collagen-gel-regenerant-anti-age\/\" \/>\n<meta property=\"og:locale\" content=\"fr_FR\" \/>\n<meta property=\"og:type\" content=\"article\" \/>\n<meta property=\"og:title\" content=\"RD Cosmetic - Derma Collagen Gel Anti-\u00c2ge | Boutique &#8211; Clinique \u00c9via\" \/>\n<meta property=\"og:description\" content=\"Pour tout types de peau, rides, ridules, rosac\u00e9e, taches s\u00e9niles, vergetures et cicatrices apparentes le Gel R\u00e9g\u00e9n\u00e9rant Anti-\u00c2ge Derma Collagen\u1d39\u1d30 intervient dans la r\u00e9g\u00e9n\u00e9ration cellulaire et la fermet\u00e9 des couches profondes de la peau. La p\u00e9n\u00e9tration percutan\u00e9e (de l\u2019\u00e9piderme au derme), ainsi qu\u2019une composition d\u2019ingr\u00e9dients bioactifs, r\u00e9g\u00e9n\u00e8re les fibres de collag\u00e8ne, en renfor\u00e7ant la barri\u00e8re cutan\u00e9e.\" \/>\n<meta property=\"og:url\" content=\"https:\/\/www.cliniqueevia.ca\/fr\/produit\/rd-derma-collagen-gel-regenerant-anti-age\/\" \/>\n<meta property=\"og:site_name\" content=\"Clinique \u00c9via\" \/>\n<meta property=\"article:publisher\" content=\"https:\/\/www.facebook.com\/cliniqueevia\" \/>\n<meta property=\"article:modified_time\" content=\"2026-03-02T00:00:32+00:00\" \/>\n<meta property=\"og:image\" content=\"https:\/\/www.cliniqueevia.ca\/wp-content\/uploads\/2024\/11\/RD-Cosmetic-Derma-Collagen-60ml-02.jpg\" \/>\n\t<meta property=\"og:image:width\" content=\"1000\" \/>\n\t<meta property=\"og:image:height\" content=\"1000\" \/>\n\t<meta property=\"og:image:type\" content=\"image\/jpeg\" \/>\n<meta name=\"twitter:card\" content=\"summary_large_image\" \/>\n<meta name=\"twitter:label1\" content=\"Dur\u00e9e de lecture est.\" \/>\n\t<meta name=\"twitter:data1\" content=\"2 minutes\" \/>\n<script type=\"application\/ld+json\" class=\"yoast-schema-graph\">{\"@context\":\"https:\/\/schema.org\",\"@graph\":[{\"@type\":\"WebPage\",\"@id\":\"https:\/\/www.cliniqueevia.ca\/fr\/produit\/rd-derma-collagen-gel-regenerant-anti-age\/\",\"url\":\"https:\/\/www.cliniqueevia.ca\/fr\/produit\/rd-derma-collagen-gel-regenerant-anti-age\/\",\"name\":\"RD Cosmetic - Derma Collagen Gel Anti-\u00c2ge | Boutique &#8211; Clinique \u00c9via\",\"isPartOf\":{\"@id\":\"https:\/\/www.cliniqueevia.ca\/fr\/#website\"},\"primaryImageOfPage\":{\"@id\":\"https:\/\/www.cliniqueevia.ca\/fr\/produit\/rd-derma-collagen-gel-regenerant-anti-age\/#primaryimage\"},\"image\":{\"@id\":\"https:\/\/www.cliniqueevia.ca\/fr\/produit\/rd-derma-collagen-gel-regenerant-anti-age\/#primaryimage\"},\"thumbnailUrl\":\"https:\/\/www.cliniqueevia.ca\/wp-content\/uploads\/2024\/11\/RD-Cosmetic-Derma-Collagen-60ml-02.jpg\",\"datePublished\":\"2023-09-11T16:29:38+00:00\",\"dateModified\":\"2026-03-02T00:00:32+00:00\",\"description\":\"Pour tout types de peau, rides, ridules, rosac\u00e9e, taches s\u00e9niles, vergetures et cicatrices apparentes le Gel R\u00e9g\u00e9n\u00e9rant Anti-\u00c2ge Derma Collagen\u1d39\u1d30 intervient dans la r\u00e9g\u00e9n\u00e9ration cellulaire et la fermet\u00e9 des couches profondes de la peau. La p\u00e9n\u00e9tration percutan\u00e9e (de l\u2019\u00e9piderme au derme), ainsi qu\u2019une composition d\u2019ingr\u00e9dients bioactifs, r\u00e9g\u00e9n\u00e8re les fibres de collag\u00e8ne, en renfor\u00e7ant la barri\u00e8re cutan\u00e9e.\",\"breadcrumb\":{\"@id\":\"https:\/\/www.cliniqueevia.ca\/fr\/produit\/rd-derma-collagen-gel-regenerant-anti-age\/#breadcrumb\"},\"inLanguage\":\"fr-FR\",\"potentialAction\":[{\"@type\":\"ReadAction\",\"target\":[\"https:\/\/www.cliniqueevia.ca\/fr\/produit\/rd-derma-collagen-gel-regenerant-anti-age\/\"]}]},{\"@type\":\"ImageObject\",\"inLanguage\":\"fr-FR\",\"@id\":\"https:\/\/www.cliniqueevia.ca\/fr\/produit\/rd-derma-collagen-gel-regenerant-anti-age\/#primaryimage\",\"url\":\"https:\/\/www.cliniqueevia.ca\/wp-content\/uploads\/2024\/11\/RD-Cosmetic-Derma-Collagen-60ml-02.jpg\",\"contentUrl\":\"https:\/\/www.cliniqueevia.ca\/wp-content\/uploads\/2024\/11\/RD-Cosmetic-Derma-Collagen-60ml-02.jpg\",\"width\":1000,\"height\":1000,\"caption\":\"RD Cosmetic Derma Collagen Regenerative Anti-Aging Gel 60ml tube and gold-accented retail box.\"},{\"@type\":\"BreadcrumbList\",\"@id\":\"https:\/\/www.cliniqueevia.ca\/fr\/produit\/rd-derma-collagen-gel-regenerant-anti-age\/#breadcrumb\",\"itemListElement\":[{\"@type\":\"ListItem\",\"position\":1,\"name\":\"Home\",\"item\":\"https:\/\/www.cliniqueevia.ca\/fr\/\"},{\"@type\":\"ListItem\",\"position\":2,\"name\":\"Boutique\",\"item\":\"https:\/\/www.cliniqueevia.ca\/fr\/boutique\/\"},{\"@type\":\"ListItem\",\"position\":3,\"name\":\"RD Derma Collagen Gel R\u00e9g\u00e9n\u00e9rant Anti-\u00c2ge\"}]},{\"@type\":\"WebSite\",\"@id\":\"https:\/\/www.cliniqueevia.ca\/fr\/#website\",\"url\":\"https:\/\/www.cliniqueevia.ca\/fr\/\",\"name\":\"Clinique \u00c9via\",\"description\":\"Clinique \u00c9via traite vos conditions esth\u00e9tiques sp\u00e9cifiques gr\u00e2ce \u00e0 des technologies et des produits de haute performance.\",\"publisher\":{\"@id\":\"https:\/\/www.cliniqueevia.ca\/fr\/#organization\"},\"potentialAction\":[{\"@type\":\"SearchAction\",\"target\":{\"@type\":\"EntryPoint\",\"urlTemplate\":\"https:\/\/www.cliniqueevia.ca\/fr\/?s={search_term_string}\"},\"query-input\":{\"@type\":\"PropertyValueSpecification\",\"valueRequired\":true,\"valueName\":\"search_term_string\"}}],\"inLanguage\":\"fr-FR\"},{\"@type\":\"Organization\",\"@id\":\"https:\/\/www.cliniqueevia.ca\/fr\/#organization\",\"name\":\"Clinique \u00c9via\",\"url\":\"https:\/\/www.cliniqueevia.ca\/fr\/\",\"logo\":{\"@type\":\"ImageObject\",\"inLanguage\":\"fr-FR\",\"@id\":\"https:\/\/www.cliniqueevia.ca\/fr\/#\/schema\/logo\/image\/\",\"url\":\"https:\/\/www.cliniqueevia.ca\/wp-content\/uploads\/2020\/09\/Evia-Logo-RGB-Transparent-Black-1.png\",\"contentUrl\":\"https:\/\/www.cliniqueevia.ca\/wp-content\/uploads\/2020\/09\/Evia-Logo-RGB-Transparent-Black-1.png\",\"width\":1818,\"height\":1056,\"caption\":\"Clinique \u00c9via\"},\"image\":{\"@id\":\"https:\/\/www.cliniqueevia.ca\/fr\/#\/schema\/logo\/image\/\"},\"sameAs\":[\"https:\/\/www.facebook.com\/cliniqueevia\"]}]}<\/script>\n<!-- \/ Yoast SEO plugin. -->","yoast_head_json":{"title":"RD Cosmetic - Derma Collagen Gel Anti-\u00c2ge | Boutique &#8211; Clinique \u00c9via","description":"Pour tout types de peau, rides, ridules, rosac\u00e9e, taches s\u00e9niles, vergetures et cicatrices apparentes le Gel R\u00e9g\u00e9n\u00e9rant Anti-\u00c2ge Derma Collagen\u1d39\u1d30 intervient dans la r\u00e9g\u00e9n\u00e9ration cellulaire et la fermet\u00e9 des couches profondes de la peau. La p\u00e9n\u00e9tration percutan\u00e9e (de l\u2019\u00e9piderme au derme), ainsi qu\u2019une composition d\u2019ingr\u00e9dients bioactifs, r\u00e9g\u00e9n\u00e8re les fibres de collag\u00e8ne, en renfor\u00e7ant la barri\u00e8re cutan\u00e9e.","robots":{"index":"index","follow":"follow","max-snippet":"max-snippet:-1","max-image-preview":"max-image-preview:large","max-video-preview":"max-video-preview:-1"},"canonical":"https:\/\/www.cliniqueevia.ca\/fr\/produit\/rd-derma-collagen-gel-regenerant-anti-age\/","og_locale":"fr_FR","og_type":"article","og_title":"RD Cosmetic - Derma Collagen Gel Anti-\u00c2ge | Boutique &#8211; Clinique \u00c9via","og_description":"Pour tout types de peau, rides, ridules, rosac\u00e9e, taches s\u00e9niles, vergetures et cicatrices apparentes le Gel R\u00e9g\u00e9n\u00e9rant Anti-\u00c2ge Derma Collagen\u1d39\u1d30 intervient dans la r\u00e9g\u00e9n\u00e9ration cellulaire et la fermet\u00e9 des couches profondes de la peau. La p\u00e9n\u00e9tration percutan\u00e9e (de l\u2019\u00e9piderme au derme), ainsi qu\u2019une composition d\u2019ingr\u00e9dients bioactifs, r\u00e9g\u00e9n\u00e8re les fibres de collag\u00e8ne, en renfor\u00e7ant la barri\u00e8re cutan\u00e9e.","og_url":"https:\/\/www.cliniqueevia.ca\/fr\/produit\/rd-derma-collagen-gel-regenerant-anti-age\/","og_site_name":"Clinique \u00c9via","article_publisher":"https:\/\/www.facebook.com\/cliniqueevia","article_modified_time":"2026-03-02T00:00:32+00:00","og_image":[{"width":1000,"height":1000,"url":"https:\/\/www.cliniqueevia.ca\/wp-content\/uploads\/2024\/11\/RD-Cosmetic-Derma-Collagen-60ml-02.jpg","type":"image\/jpeg"}],"twitter_card":"summary_large_image","twitter_misc":{"Dur\u00e9e de lecture est.":"2 minutes"},"schema":{"@context":"https:\/\/schema.org","@graph":[{"@type":"WebPage","@id":"https:\/\/www.cliniqueevia.ca\/fr\/produit\/rd-derma-collagen-gel-regenerant-anti-age\/","url":"https:\/\/www.cliniqueevia.ca\/fr\/produit\/rd-derma-collagen-gel-regenerant-anti-age\/","name":"RD Cosmetic - Derma Collagen Gel Anti-\u00c2ge | Boutique &#8211; Clinique \u00c9via","isPartOf":{"@id":"https:\/\/www.cliniqueevia.ca\/fr\/#website"},"primaryImageOfPage":{"@id":"https:\/\/www.cliniqueevia.ca\/fr\/produit\/rd-derma-collagen-gel-regenerant-anti-age\/#primaryimage"},"image":{"@id":"https:\/\/www.cliniqueevia.ca\/fr\/produit\/rd-derma-collagen-gel-regenerant-anti-age\/#primaryimage"},"thumbnailUrl":"https:\/\/www.cliniqueevia.ca\/wp-content\/uploads\/2024\/11\/RD-Cosmetic-Derma-Collagen-60ml-02.jpg","datePublished":"2023-09-11T16:29:38+00:00","dateModified":"2026-03-02T00:00:32+00:00","description":"Pour tout types de peau, rides, ridules, rosac\u00e9e, taches s\u00e9niles, vergetures et cicatrices apparentes le Gel R\u00e9g\u00e9n\u00e9rant Anti-\u00c2ge Derma Collagen\u1d39\u1d30 intervient dans la r\u00e9g\u00e9n\u00e9ration cellulaire et la fermet\u00e9 des couches profondes de la peau. La p\u00e9n\u00e9tration percutan\u00e9e (de l\u2019\u00e9piderme au derme), ainsi qu\u2019une composition d\u2019ingr\u00e9dients bioactifs, r\u00e9g\u00e9n\u00e8re les fibres de collag\u00e8ne, en renfor\u00e7ant la barri\u00e8re cutan\u00e9e.","breadcrumb":{"@id":"https:\/\/www.cliniqueevia.ca\/fr\/produit\/rd-derma-collagen-gel-regenerant-anti-age\/#breadcrumb"},"inLanguage":"fr-FR","potentialAction":[{"@type":"ReadAction","target":["https:\/\/www.cliniqueevia.ca\/fr\/produit\/rd-derma-collagen-gel-regenerant-anti-age\/"]}]},{"@type":"ImageObject","inLanguage":"fr-FR","@id":"https:\/\/www.cliniqueevia.ca\/fr\/produit\/rd-derma-collagen-gel-regenerant-anti-age\/#primaryimage","url":"https:\/\/www.cliniqueevia.ca\/wp-content\/uploads\/2024\/11\/RD-Cosmetic-Derma-Collagen-60ml-02.jpg","contentUrl":"https:\/\/www.cliniqueevia.ca\/wp-content\/uploads\/2024\/11\/RD-Cosmetic-Derma-Collagen-60ml-02.jpg","width":1000,"height":1000,"caption":"RD Cosmetic Derma Collagen Regenerative Anti-Aging Gel 60ml tube and gold-accented retail box."},{"@type":"BreadcrumbList","@id":"https:\/\/www.cliniqueevia.ca\/fr\/produit\/rd-derma-collagen-gel-regenerant-anti-age\/#breadcrumb","itemListElement":[{"@type":"ListItem","position":1,"name":"Home","item":"https:\/\/www.cliniqueevia.ca\/fr\/"},{"@type":"ListItem","position":2,"name":"Boutique","item":"https:\/\/www.cliniqueevia.ca\/fr\/boutique\/"},{"@type":"ListItem","position":3,"name":"RD Derma Collagen Gel R\u00e9g\u00e9n\u00e9rant Anti-\u00c2ge"}]},{"@type":"WebSite","@id":"https:\/\/www.cliniqueevia.ca\/fr\/#website","url":"https:\/\/www.cliniqueevia.ca\/fr\/","name":"Clinique \u00c9via","description":"Clinique \u00c9via traite vos conditions esth\u00e9tiques sp\u00e9cifiques gr\u00e2ce \u00e0 des technologies et des produits de haute performance.","publisher":{"@id":"https:\/\/www.cliniqueevia.ca\/fr\/#organization"},"potentialAction":[{"@type":"SearchAction","target":{"@type":"EntryPoint","urlTemplate":"https:\/\/www.cliniqueevia.ca\/fr\/?s={search_term_string}"},"query-input":{"@type":"PropertyValueSpecification","valueRequired":true,"valueName":"search_term_string"}}],"inLanguage":"fr-FR"},{"@type":"Organization","@id":"https:\/\/www.cliniqueevia.ca\/fr\/#organization","name":"Clinique \u00c9via","url":"https:\/\/www.cliniqueevia.ca\/fr\/","logo":{"@type":"ImageObject","inLanguage":"fr-FR","@id":"https:\/\/www.cliniqueevia.ca\/fr\/#\/schema\/logo\/image\/","url":"https:\/\/www.cliniqueevia.ca\/wp-content\/uploads\/2020\/09\/Evia-Logo-RGB-Transparent-Black-1.png","contentUrl":"https:\/\/www.cliniqueevia.ca\/wp-content\/uploads\/2020\/09\/Evia-Logo-RGB-Transparent-Black-1.png","width":1818,"height":1056,"caption":"Clinique \u00c9via"},"image":{"@id":"https:\/\/www.cliniqueevia.ca\/fr\/#\/schema\/logo\/image\/"},"sameAs":["https:\/\/www.facebook.com\/cliniqueevia"]}]}},"_links":{"self":[{"href":"https:\/\/www.cliniqueevia.ca\/fr\/wp-json\/wp\/v2\/product\/3469","targetHints":{"allow":["GET"]}}],"collection":[{"href":"https:\/\/www.cliniqueevia.ca\/fr\/wp-json\/wp\/v2\/product"}],"about":[{"href":"https:\/\/www.cliniqueevia.ca\/fr\/wp-json\/wp\/v2\/types\/product"}],"replies":[{"embeddable":true,"href":"https:\/\/www.cliniqueevia.ca\/fr\/wp-json\/wp\/v2\/comments?post=3469"}],"wp:featuredmedia":[{"embeddable":true,"href":"https:\/\/www.cliniqueevia.ca\/fr\/wp-json\/wp\/v2\/media\/4109"}],"wp:attachment":[{"href":"https:\/\/www.cliniqueevia.ca\/fr\/wp-json\/wp\/v2\/media?parent=3469"}],"wp:term":[{"taxonomy":"product_brand","embeddable":true,"href":"https:\/\/www.cliniqueevia.ca\/fr\/wp-json\/wp\/v2\/product_brand?post=3469"},{"taxonomy":"product_cat","embeddable":true,"href":"https:\/\/www.cliniqueevia.ca\/fr\/wp-json\/wp\/v2\/product_cat?post=3469"},{"taxonomy":"product_tag","embeddable":true,"href":"https:\/\/www.cliniqueevia.ca\/fr\/wp-json\/wp\/v2\/product_tag?post=3469"}],"curies":[{"name":"wp","href":"https:\/\/api.w.org\/{rel}","templated":true}]}}