{"id":3542,"date":"2024-11-14T19:17:51","date_gmt":"2024-11-14T19:56:07","guid":{"rendered":"https:\/\/www.cliniqueevia.ca\/?post_type=product&#038;p=3542"},"modified":"2024-11-15T03:19:13","modified_gmt":"2024-11-15T03:19:13","slug":"phytic-tc-serum","status":"publish","type":"product","link":"https:\/\/www.cliniqueevia.ca\/fr\/produit\/phytic-tc-serum\/","title":{"rendered":"Phytic [TC] Serum"},"content":{"rendered":"<p>Sans parfum, sans conservateur, sans paraben, sans alcool, sans hydroquinone. Aide \u00e0 r\u00e9duire les signes du vieillissement et \u00e0 lisser les rides.De nombreux avantages tels que l&rsquo;am\u00e9lioration de l&rsquo;apparence de la peau et le resserrement des pores. ALPHASCIENCE PHYTIC [TC] SERUM prot\u00e8ge des agressions environnementales. C&rsquo;est bon pour les peaux \u00e0 tendance acn\u00e9ique et grasse.<\/p>\n<h3>INGREDIENTS<\/h3>\n<ul>\n<li><strong>Acide L-Ascorbique stabilis\u00e9 8 %<\/strong><br \/>\nAm\u00e9liore l&rsquo;\u00e9clat de la peau et aide \u00e0 r\u00e9duire les rides.<\/li>\n<li><strong>Acide Phytique 2 %<\/strong><br \/>\nAntioxydant, pprot\u00e9ge des facteurs de stress environnementaux.<\/li>\n<li><strong>Acide tannique 0,2 %<\/strong><br \/>\nAide \u00e0 r\u00e9duire l&rsquo;apparence des rides d&rsquo;\u00e2ge et soulage les rougeurs.<\/li>\n<li><strong>Concentr\u00e9 de Ginkgo biloba<\/strong><br \/>\nAntioxydant pour une peau saine, jeune et \u00e9clatante.<br \/>\nDonne le parfum caract\u00e9ristique et la couleur dor\u00e9e.<\/li>\n<\/ul>\n<h3>COMMENT L\u2019UTILISER<\/h3>\n<p>Appliquer 3-4 gouttes une fois le matin \u00e0 l&rsquo;aide d&rsquo;un massage doux au visage. cou et d\u00e9collet\u00e9 avant d&rsquo;appliquer votre hydratant normal.<\/p>\n<h3>Type de peau:<\/h3>\n<ul>\n<li>Peau normal<\/li>\n<li>Peaux grasses et mixtes<\/li>\n<\/ul>\n<h3>Probl\u00e8mes de peau :<\/h3>\n<ul>\n<li>Exc\u00e8s de s\u00e9bum<\/li>\n<li>Rides et ridules<\/li>\n<li>Imperfections et cicatrices d&rsquo;acn\u00e9<\/li>\n<\/ul>\n<p>&nbsp;<\/p>\n<p>&nbsp;<\/p>\n","protected":false},"excerpt":{"rendered":"<p>Un s\u00e9rum antioxydant qui lisse les rides, resserre les pores et illumine la peau. Id\u00e9al pour les peaux grasses et \u00e0 tendance acn\u00e9ique, il prot\u00e8ge contre le stress environnemental. Contient de la vitamine C stabilis\u00e9e, de l&rsquo;acide phytique et de l&rsquo;acide tannique. Sans parfum, sans conservateurs et sans parab\u00e8nes.<\/p>\n","protected":false},"featured_media":3539,"comment_status":"open","ping_status":"closed","template":"","meta":[],"product_brand":[],"product_cat":[99],"product_tag":[102,261,264,119,262],"class_list":{"0":"post-3542","1":"product","2":"type-product","3":"status-publish","4":"has-post-thumbnail","6":"product_cat-serums-fr","7":"product_tag-acne-fr","8":"product_tag-alphascience-fr","9":"product_tag-anti-rides-fr","10":"product_tag-combinaison-a-huileux","11":"product_tag-peau-normale","13":"first","14":"instock","15":"taxable","16":"shipping-taxable","17":"purchasable","18":"product-type-variable","19":"has-default-attributes"},"yoast_head":"<!-- This site is optimized with the Yoast SEO plugin v23.9 - https:\/\/yoast.com\/wordpress\/plugins\/seo\/ -->\n<title>ALPHASCIENCE Phytic [TC] Serum &#8211; Clinique \u00c9via<\/title>\n<meta name=\"robots\" content=\"index, follow, max-snippet:-1, max-image-preview:large, max-video-preview:-1\" \/>\n<link rel=\"canonical\" href=\"https:\/\/www.cliniqueevia.ca\/fr\/produit\/phytic-tc-serum\/\" \/>\n<meta property=\"og:locale\" content=\"fr_FR\" \/>\n<meta property=\"og:type\" content=\"article\" \/>\n<meta property=\"og:title\" content=\"ALPHASCIENCE Phytic [TC] Serum &#8211; Clinique \u00c9via\" \/>\n<meta property=\"og:description\" content=\"Un s\u00e9rum antioxydant qui lisse les rides, resserre les pores et illumine la peau. Id\u00e9al pour les peaux grasses et \u00e0 tendance acn\u00e9ique, il prot\u00e8ge contre le stress environnemental. Contient de la vitamine C stabilis\u00e9e, de l&#039;acide phytique et de l&#039;acide tannique. Sans parfum, sans conservateurs et sans parab\u00e8nes.\" \/>\n<meta property=\"og:url\" content=\"https:\/\/www.cliniqueevia.ca\/fr\/produit\/phytic-tc-serum\/\" \/>\n<meta property=\"og:site_name\" content=\"Clinique \u00c9via\" \/>\n<meta property=\"article:publisher\" content=\"https:\/\/www.facebook.com\/cliniqueevia\" \/>\n<meta property=\"article:modified_time\" content=\"2024-11-15T03:19:13+00:00\" \/>\n<meta property=\"og:image\" content=\"https:\/\/www.cliniqueevia.ca\/wp-content\/uploads\/2024\/11\/Alphascience_Phytic_tc_serum-min.jpg\" \/>\n\t<meta property=\"og:image:width\" content=\"1400\" \/>\n\t<meta property=\"og:image:height\" content=\"1400\" \/>\n\t<meta property=\"og:image:type\" content=\"image\/jpeg\" \/>\n<meta name=\"twitter:card\" content=\"summary_large_image\" \/>\n<meta name=\"twitter:label1\" content=\"Dur\u00e9e de lecture est.\" \/>\n\t<meta name=\"twitter:data1\" content=\"1 minute\" \/>\n<script type=\"application\/ld+json\" class=\"yoast-schema-graph\">{\"@context\":\"https:\/\/schema.org\",\"@graph\":[{\"@type\":\"WebPage\",\"@id\":\"https:\/\/www.cliniqueevia.ca\/fr\/produit\/phytic-tc-serum\/\",\"url\":\"https:\/\/www.cliniqueevia.ca\/fr\/produit\/phytic-tc-serum\/\",\"name\":\"ALPHASCIENCE Phytic [TC] Serum &#8211; Clinique \u00c9via\",\"isPartOf\":{\"@id\":\"https:\/\/www.cliniqueevia.ca\/fr\/#website\"},\"primaryImageOfPage\":{\"@id\":\"https:\/\/www.cliniqueevia.ca\/fr\/produit\/phytic-tc-serum\/#primaryimage\"},\"image\":{\"@id\":\"https:\/\/www.cliniqueevia.ca\/fr\/produit\/phytic-tc-serum\/#primaryimage\"},\"thumbnailUrl\":\"https:\/\/www.cliniqueevia.ca\/wp-content\/uploads\/2024\/11\/Alphascience_Phytic_tc_serum-min.jpg\",\"datePublished\":\"2024-11-14T19:56:07+00:00\",\"dateModified\":\"2024-11-15T03:19:13+00:00\",\"breadcrumb\":{\"@id\":\"https:\/\/www.cliniqueevia.ca\/fr\/produit\/phytic-tc-serum\/#breadcrumb\"},\"inLanguage\":\"fr-FR\",\"potentialAction\":[{\"@type\":\"ReadAction\",\"target\":[\"https:\/\/www.cliniqueevia.ca\/fr\/produit\/phytic-tc-serum\/\"]}]},{\"@type\":\"ImageObject\",\"inLanguage\":\"fr-FR\",\"@id\":\"https:\/\/www.cliniqueevia.ca\/fr\/produit\/phytic-tc-serum\/#primaryimage\",\"url\":\"https:\/\/www.cliniqueevia.ca\/wp-content\/uploads\/2024\/11\/Alphascience_Phytic_tc_serum-min.jpg\",\"contentUrl\":\"https:\/\/www.cliniqueevia.ca\/wp-content\/uploads\/2024\/11\/Alphascience_Phytic_tc_serum-min.jpg\",\"width\":1400,\"height\":1400},{\"@type\":\"BreadcrumbList\",\"@id\":\"https:\/\/www.cliniqueevia.ca\/fr\/produit\/phytic-tc-serum\/#breadcrumb\",\"itemListElement\":[{\"@type\":\"ListItem\",\"position\":1,\"name\":\"Home\",\"item\":\"https:\/\/www.cliniqueevia.ca\/fr\/\"},{\"@type\":\"ListItem\",\"position\":2,\"name\":\"Boutique\",\"item\":\"https:\/\/www.cliniqueevia.ca\/fr\/boutique\/\"},{\"@type\":\"ListItem\",\"position\":3,\"name\":\"Phytic [TC] Serum\"}]},{\"@type\":\"WebSite\",\"@id\":\"https:\/\/www.cliniqueevia.ca\/fr\/#website\",\"url\":\"https:\/\/www.cliniqueevia.ca\/fr\/\",\"name\":\"Clinique \u00c9via\",\"description\":\"Clinique \u00c9via traite vos conditions esth\u00e9tiques sp\u00e9cifiques gr\u00e2ce \u00e0 des technologies et des produits de haute performance.\",\"publisher\":{\"@id\":\"https:\/\/www.cliniqueevia.ca\/fr\/#organization\"},\"potentialAction\":[{\"@type\":\"SearchAction\",\"target\":{\"@type\":\"EntryPoint\",\"urlTemplate\":\"https:\/\/www.cliniqueevia.ca\/fr\/?s={search_term_string}\"},\"query-input\":{\"@type\":\"PropertyValueSpecification\",\"valueRequired\":true,\"valueName\":\"search_term_string\"}}],\"inLanguage\":\"fr-FR\"},{\"@type\":\"Organization\",\"@id\":\"https:\/\/www.cliniqueevia.ca\/fr\/#organization\",\"name\":\"Clinique \u00c9via\",\"url\":\"https:\/\/www.cliniqueevia.ca\/fr\/\",\"logo\":{\"@type\":\"ImageObject\",\"inLanguage\":\"fr-FR\",\"@id\":\"https:\/\/www.cliniqueevia.ca\/fr\/#\/schema\/logo\/image\/\",\"url\":\"https:\/\/www.cliniqueevia.ca\/wp-content\/uploads\/2020\/09\/Evia-Logo-RGB-Transparent-Black-1.png\",\"contentUrl\":\"https:\/\/www.cliniqueevia.ca\/wp-content\/uploads\/2020\/09\/Evia-Logo-RGB-Transparent-Black-1.png\",\"width\":1818,\"height\":1056,\"caption\":\"Clinique \u00c9via\"},\"image\":{\"@id\":\"https:\/\/www.cliniqueevia.ca\/fr\/#\/schema\/logo\/image\/\"},\"sameAs\":[\"https:\/\/www.facebook.com\/cliniqueevia\"]}]}<\/script>\n<!-- \/ Yoast SEO plugin. -->","yoast_head_json":{"title":"ALPHASCIENCE Phytic [TC] Serum &#8211; Clinique \u00c9via","robots":{"index":"index","follow":"follow","max-snippet":"max-snippet:-1","max-image-preview":"max-image-preview:large","max-video-preview":"max-video-preview:-1"},"canonical":"https:\/\/www.cliniqueevia.ca\/fr\/produit\/phytic-tc-serum\/","og_locale":"fr_FR","og_type":"article","og_title":"ALPHASCIENCE Phytic [TC] Serum &#8211; Clinique \u00c9via","og_description":"Un s\u00e9rum antioxydant qui lisse les rides, resserre les pores et illumine la peau. Id\u00e9al pour les peaux grasses et \u00e0 tendance acn\u00e9ique, il prot\u00e8ge contre le stress environnemental. Contient de la vitamine C stabilis\u00e9e, de l'acide phytique et de l'acide tannique. Sans parfum, sans conservateurs et sans parab\u00e8nes.","og_url":"https:\/\/www.cliniqueevia.ca\/fr\/produit\/phytic-tc-serum\/","og_site_name":"Clinique \u00c9via","article_publisher":"https:\/\/www.facebook.com\/cliniqueevia","article_modified_time":"2024-11-15T03:19:13+00:00","og_image":[{"width":1400,"height":1400,"url":"https:\/\/www.cliniqueevia.ca\/wp-content\/uploads\/2024\/11\/Alphascience_Phytic_tc_serum-min.jpg","type":"image\/jpeg"}],"twitter_card":"summary_large_image","twitter_misc":{"Dur\u00e9e de lecture est.":"1 minute"},"schema":{"@context":"https:\/\/schema.org","@graph":[{"@type":"WebPage","@id":"https:\/\/www.cliniqueevia.ca\/fr\/produit\/phytic-tc-serum\/","url":"https:\/\/www.cliniqueevia.ca\/fr\/produit\/phytic-tc-serum\/","name":"ALPHASCIENCE Phytic [TC] Serum &#8211; Clinique \u00c9via","isPartOf":{"@id":"https:\/\/www.cliniqueevia.ca\/fr\/#website"},"primaryImageOfPage":{"@id":"https:\/\/www.cliniqueevia.ca\/fr\/produit\/phytic-tc-serum\/#primaryimage"},"image":{"@id":"https:\/\/www.cliniqueevia.ca\/fr\/produit\/phytic-tc-serum\/#primaryimage"},"thumbnailUrl":"https:\/\/www.cliniqueevia.ca\/wp-content\/uploads\/2024\/11\/Alphascience_Phytic_tc_serum-min.jpg","datePublished":"2024-11-14T19:56:07+00:00","dateModified":"2024-11-15T03:19:13+00:00","breadcrumb":{"@id":"https:\/\/www.cliniqueevia.ca\/fr\/produit\/phytic-tc-serum\/#breadcrumb"},"inLanguage":"fr-FR","potentialAction":[{"@type":"ReadAction","target":["https:\/\/www.cliniqueevia.ca\/fr\/produit\/phytic-tc-serum\/"]}]},{"@type":"ImageObject","inLanguage":"fr-FR","@id":"https:\/\/www.cliniqueevia.ca\/fr\/produit\/phytic-tc-serum\/#primaryimage","url":"https:\/\/www.cliniqueevia.ca\/wp-content\/uploads\/2024\/11\/Alphascience_Phytic_tc_serum-min.jpg","contentUrl":"https:\/\/www.cliniqueevia.ca\/wp-content\/uploads\/2024\/11\/Alphascience_Phytic_tc_serum-min.jpg","width":1400,"height":1400},{"@type":"BreadcrumbList","@id":"https:\/\/www.cliniqueevia.ca\/fr\/produit\/phytic-tc-serum\/#breadcrumb","itemListElement":[{"@type":"ListItem","position":1,"name":"Home","item":"https:\/\/www.cliniqueevia.ca\/fr\/"},{"@type":"ListItem","position":2,"name":"Boutique","item":"https:\/\/www.cliniqueevia.ca\/fr\/boutique\/"},{"@type":"ListItem","position":3,"name":"Phytic [TC] Serum"}]},{"@type":"WebSite","@id":"https:\/\/www.cliniqueevia.ca\/fr\/#website","url":"https:\/\/www.cliniqueevia.ca\/fr\/","name":"Clinique \u00c9via","description":"Clinique \u00c9via traite vos conditions esth\u00e9tiques sp\u00e9cifiques gr\u00e2ce \u00e0 des technologies et des produits de haute performance.","publisher":{"@id":"https:\/\/www.cliniqueevia.ca\/fr\/#organization"},"potentialAction":[{"@type":"SearchAction","target":{"@type":"EntryPoint","urlTemplate":"https:\/\/www.cliniqueevia.ca\/fr\/?s={search_term_string}"},"query-input":{"@type":"PropertyValueSpecification","valueRequired":true,"valueName":"search_term_string"}}],"inLanguage":"fr-FR"},{"@type":"Organization","@id":"https:\/\/www.cliniqueevia.ca\/fr\/#organization","name":"Clinique \u00c9via","url":"https:\/\/www.cliniqueevia.ca\/fr\/","logo":{"@type":"ImageObject","inLanguage":"fr-FR","@id":"https:\/\/www.cliniqueevia.ca\/fr\/#\/schema\/logo\/image\/","url":"https:\/\/www.cliniqueevia.ca\/wp-content\/uploads\/2020\/09\/Evia-Logo-RGB-Transparent-Black-1.png","contentUrl":"https:\/\/www.cliniqueevia.ca\/wp-content\/uploads\/2020\/09\/Evia-Logo-RGB-Transparent-Black-1.png","width":1818,"height":1056,"caption":"Clinique \u00c9via"},"image":{"@id":"https:\/\/www.cliniqueevia.ca\/fr\/#\/schema\/logo\/image\/"},"sameAs":["https:\/\/www.facebook.com\/cliniqueevia"]}]}},"_links":{"self":[{"href":"https:\/\/www.cliniqueevia.ca\/fr\/wp-json\/wp\/v2\/product\/3542","targetHints":{"allow":["GET"]}}],"collection":[{"href":"https:\/\/www.cliniqueevia.ca\/fr\/wp-json\/wp\/v2\/product"}],"about":[{"href":"https:\/\/www.cliniqueevia.ca\/fr\/wp-json\/wp\/v2\/types\/product"}],"replies":[{"embeddable":true,"href":"https:\/\/www.cliniqueevia.ca\/fr\/wp-json\/wp\/v2\/comments?post=3542"}],"wp:featuredmedia":[{"embeddable":true,"href":"https:\/\/www.cliniqueevia.ca\/fr\/wp-json\/wp\/v2\/media\/3539"}],"wp:attachment":[{"href":"https:\/\/www.cliniqueevia.ca\/fr\/wp-json\/wp\/v2\/media?parent=3542"}],"wp:term":[{"taxonomy":"product_brand","embeddable":true,"href":"https:\/\/www.cliniqueevia.ca\/fr\/wp-json\/wp\/v2\/product_brand?post=3542"},{"taxonomy":"product_cat","embeddable":true,"href":"https:\/\/www.cliniqueevia.ca\/fr\/wp-json\/wp\/v2\/product_cat?post=3542"},{"taxonomy":"product_tag","embeddable":true,"href":"https:\/\/www.cliniqueevia.ca\/fr\/wp-json\/wp\/v2\/product_tag?post=3542"}],"curies":[{"name":"wp","href":"https:\/\/api.w.org\/{rel}","templated":true}]}}