{"id":3747,"date":"2024-11-26T19:55:31","date_gmt":"2024-11-26T20:00:27","guid":{"rendered":"https:\/\/www.cliniqueevia.ca\/?post_type=product&#038;p=3747"},"modified":"2024-11-26T20:00:27","modified_gmt":"2024-11-26T20:00:27","slug":"lpg-creme-micro-peeling","status":"publish","type":"product","link":"https:\/\/www.cliniqueevia.ca\/fr\/produit\/lpg-creme-micro-peeling\/","title":{"rendered":"LPG Cr\u00e8me Micro-Peeling"},"content":{"rendered":"<h3>ACTION<\/h3>\n<p>PRODUIT INCONTOURNABLE DE TOUTE CURE endermologie\u00ae, cette cr\u00e8me fluide et l\u00e9g\u00e8re enveloppe le corps et p\u00e9n\u00e8tre rapidement, laissant le grain de peau ultra-lisse, doux, hydrat\u00e9 et r\u00e9gulier. Enrichie d\u2019un complexe d\u2019AHAs et sans grain, elle va permettre une exfoliation douce des couches sup\u00e9rieures de l\u2019\u00e9piderme pour r\u00e9duire ses irr\u00e9gularit\u00e9s et stimuler le renouvellement cellulaire.<br \/>\nCe soin exfolie, hydrate et revitalise l\u2019\u00e9piderme pour un effet peau neuve, pr\u00e9parateur au soin endermologie\u00ae.<\/p>\n<p><strong>RESULTATS :<\/strong><br \/>\n<strong>ASPECT ET QUALIT\u00c9 DE LA PEAU :<\/strong><\/p>\n<ul>\n<li>Squames : <strong>-14%(1)<\/strong><\/li>\n<li>Peau plus douce: <strong>+31%(2)<\/strong><\/li>\n<li>Peau plus lisse: <strong>+26%(2)<\/strong><\/li>\n<\/ul>\n<p><strong>CONFORT DE PEAU :<\/strong><\/p>\n<ul>\n<li>Peau plus hydrat\u00e9e : <strong>+ 39% (2)<\/strong><\/li>\n<\/ul>\n<p><em>(1) % de potentiel exfoliant par indice de desquamation, Sia QuantiSquam\u00ae sous contr\u00f4le dermatologique, 31 femmes (\u00e2g\u00e9es de 35 \u00e0 55 ans) pr\u00e9sentant une peau s\u00e8che et sensible \u2013 application biquotidienne pendant 28 jours<\/em><br \/>\n<em>(2) Scorage clinique sous contr\u00f4le dermatologique, r\u00e9alis\u00e9 sur 32 femmes entre 37 et 55 ans- sur 28 jours<\/em><\/p>\n<h3>COMPOSITION<\/h3>\n<ul>\n<li><strong>COMPLEXE EXCLUSIF LPG\u00ae :<\/strong> Acide hyaluronique + 2 actifs boosters de collag\u00e8ne et d\u2019\u00e9lastine<\/li>\n<li><strong>COMPLEXE d\u2019AHAs (1) :<\/strong> Acides qui exfolient en douceur les couches sup\u00e9rieures de l\u2019\u00e9piderme et stimulent le renouvellement cellulaire. R\u00e9sultat : Un effet peau neuve \u00e9clatant.<\/li>\n<li><strong>ANTIOXYDANTS (2) :<\/strong> Limitent l\u2019impact du stress oxydatif provenant des agressions ext\u00e9rieures et renforcent les syst\u00e8mes naturels de d\u00e9fense de la peau. R\u00e9sultat : D\u00e9toxifi\u00e9e, la peau pr\u00e9serve son capital jeunesse<\/li>\n<li><strong>VITAMINES C ET B (2) :<\/strong> Revitalisantes et hydratantes, elles contribuent \u00e0 la production d\u2019\u00e9nergie et au maintien de la bonne sant\u00e9 de la peau. R\u00e9sultat : La peau est revitalis\u00e9e et hydrat\u00e9e.<\/li>\n<\/ul>\n<p><em>(1)Acides citrique, tartrique, malique (d\u2019origine naturelle certifi\u00e9e Pomelo Bio Corse), lactique (origine naturelle, issu de la fermentation de glucides) et glycolique (AHA le plus efficace, origine synth\u00e9tique)<\/em><br \/>\n<em>(2) Antioxydants (Flavonoids (Hesperidin\/Naringin)) d\u2019origine naturelle certifi\u00e9e Pomelo Bio Corse. Vitamines C et B d\u2019origines naturelles certifi\u00e9es Pomelo Bio Corse.<\/em><\/p>\n<p><strong>INGREDIENTS<\/strong> : Aqua (Water) Caprylic\/Caprix Triglyceride, Glycolic-Acid, Ammonium Lactate, Glyceryl Stearate, PEG-100 Stearate, Myristyl Alcohol, Ammonium Acryloyldimethyltaurate\/VP Copolymer, Propanediol, Sodium Polyacrylate, Caprylyl Glycol, Parfum (Fragrance), Myristyl Glucoside, Sodium Acrylate\/Sodium Acryloyldimethyl Taurate Copolymer, Sodium Hydroxide, Isohexadecane, Butylene Glycol, Glycerin, Caprylhydroxamic Acid, Disodium EDTA, Peucedanum Graveolens (Dill) Extract, Pentylene Glycol Polysorbate 80, Ethylhexyl Methoxycinnamate, Butyl Methoxydibenzoylmethane, PPG-26-Buteth-26, t-Butyl Alcohol, Ethylhexyl Salicylate, PEG-40 Hydrogenated Castor Oil, Sorbitan Oleate, Zizyphus Jujuba Seed Extract, Mica, CI 77891 (Titanium Dioxide), CI 77491 ( Iron Oxides) Xanthan Gum, Phytoecdysteroids, Sodium Benzoate, Potassium Sorbate, Sodium Hyaluronate<\/p>\n<h3>APPLICATION<\/h3>\n<p>Appliquer la Cr\u00e8me Micro-peeling matin et soir sur l\u2019ensemble du corps pour un effet \u00ab peau neuve \u00bb et douce.<br \/>\n\u00c0 ne pas rincer.<\/p>\n<p>SANS RIN\u00c7AGE : Contrairement, aux autres peelings qui n\u00e9cessitent un rin\u00e7age afin de neutraliser leur acidit\u00e9, les AHAs de la Cr\u00e8me Micro-Peeling ont \u00e9t\u00e9 formul\u00e9s pour agir \u00e0 une concentration plus faible pour une application quotidienne.<\/p>\n<p>Avertissements:<br \/>\nNe pas utiliser chez la femme enceinte ou allaitante.<br \/>\nCe produit contient des AHAs. En cas d\u2019irritations de la peau, cesser l\u2019utilisation du produit. Ne pas utiliser avec d\u2019autres produits contenant des AHAs.<br \/>\nNe pas s\u2019exposer aux UVs apr\u00e8s application ou utiliser une protection solaire.<br \/>\nNe pas utiliser sur peau sensible ou irrit\u00e9e.<br \/>\nSe laver les mains apr\u00e8s utilisation.<\/p>\n","protected":false},"excerpt":{"rendered":"<h4>Pr\u00e9parateur de soins corps<br \/>\nExfolie, hydrate, lisse<\/h4>\n","protected":false},"featured_media":3717,"comment_status":"open","ping_status":"closed","template":"","meta":[],"product_brand":[],"product_cat":[94],"product_tag":[139,282,267,124],"class_list":{"0":"post-3747","1":"product","2":"type-product","3":"status-publish","4":"has-post-thumbnail","6":"product_cat-corps","7":"product_tag-lissage","8":"product_tag-lpg-fr","9":"product_tag-radiance-fr","10":"product_tag-raffermissant","12":"first","13":"instock","14":"sale","15":"taxable","16":"shipping-taxable","17":"purchasable","18":"product-type-simple"},"yoast_head":"<!-- This site is optimized with the Yoast SEO plugin v23.9 - https:\/\/yoast.com\/wordpress\/plugins\/seo\/ -->\n<title>LPG Cr\u00e8me Micro-Peeling &#8211; Clinique \u00c9via<\/title>\n<meta name=\"robots\" content=\"index, follow, max-snippet:-1, max-image-preview:large, max-video-preview:-1\" \/>\n<link rel=\"canonical\" href=\"https:\/\/www.cliniqueevia.ca\/fr\/produit\/lpg-creme-micro-peeling\/\" \/>\n<meta property=\"og:locale\" content=\"fr_FR\" \/>\n<meta property=\"og:type\" content=\"article\" \/>\n<meta property=\"og:title\" content=\"LPG Cr\u00e8me Micro-Peeling &#8211; Clinique \u00c9via\" \/>\n<meta property=\"og:description\" content=\"Pr\u00e9parateur de soins corps Exfolie, hydrate, lisse\" \/>\n<meta property=\"og:url\" content=\"https:\/\/www.cliniqueevia.ca\/fr\/produit\/lpg-creme-micro-peeling\/\" \/>\n<meta property=\"og:site_name\" content=\"Clinique \u00c9via\" \/>\n<meta property=\"article:publisher\" content=\"https:\/\/www.facebook.com\/cliniqueevia\" \/>\n<meta property=\"og:image\" content=\"https:\/\/www.cliniqueevia.ca\/wp-content\/uploads\/2024\/11\/LPG-Creme-Micro-Peeling-Resurfacing-Cream-min.jpg\" \/>\n\t<meta property=\"og:image:width\" content=\"1400\" \/>\n\t<meta property=\"og:image:height\" content=\"1400\" \/>\n\t<meta property=\"og:image:type\" content=\"image\/jpeg\" \/>\n<meta name=\"twitter:card\" content=\"summary_large_image\" \/>\n<meta name=\"twitter:label1\" content=\"Dur\u00e9e de lecture est.\" \/>\n\t<meta name=\"twitter:data1\" content=\"3 minutes\" \/>\n<script type=\"application\/ld+json\" class=\"yoast-schema-graph\">{\"@context\":\"https:\/\/schema.org\",\"@graph\":[{\"@type\":\"WebPage\",\"@id\":\"https:\/\/www.cliniqueevia.ca\/fr\/produit\/lpg-creme-micro-peeling\/\",\"url\":\"https:\/\/www.cliniqueevia.ca\/fr\/produit\/lpg-creme-micro-peeling\/\",\"name\":\"LPG Cr\u00e8me Micro-Peeling &#8211; Clinique \u00c9via\",\"isPartOf\":{\"@id\":\"https:\/\/www.cliniqueevia.ca\/fr\/#website\"},\"primaryImageOfPage\":{\"@id\":\"https:\/\/www.cliniqueevia.ca\/fr\/produit\/lpg-creme-micro-peeling\/#primaryimage\"},\"image\":{\"@id\":\"https:\/\/www.cliniqueevia.ca\/fr\/produit\/lpg-creme-micro-peeling\/#primaryimage\"},\"thumbnailUrl\":\"https:\/\/www.cliniqueevia.ca\/wp-content\/uploads\/2024\/11\/LPG-Creme-Micro-Peeling-Resurfacing-Cream-min.jpg\",\"datePublished\":\"2024-11-26T20:00:27+00:00\",\"dateModified\":\"2024-11-26T20:00:27+00:00\",\"breadcrumb\":{\"@id\":\"https:\/\/www.cliniqueevia.ca\/fr\/produit\/lpg-creme-micro-peeling\/#breadcrumb\"},\"inLanguage\":\"fr-FR\",\"potentialAction\":[{\"@type\":\"ReadAction\",\"target\":[\"https:\/\/www.cliniqueevia.ca\/fr\/produit\/lpg-creme-micro-peeling\/\"]}]},{\"@type\":\"ImageObject\",\"inLanguage\":\"fr-FR\",\"@id\":\"https:\/\/www.cliniqueevia.ca\/fr\/produit\/lpg-creme-micro-peeling\/#primaryimage\",\"url\":\"https:\/\/www.cliniqueevia.ca\/wp-content\/uploads\/2024\/11\/LPG-Creme-Micro-Peeling-Resurfacing-Cream-min.jpg\",\"contentUrl\":\"https:\/\/www.cliniqueevia.ca\/wp-content\/uploads\/2024\/11\/LPG-Creme-Micro-Peeling-Resurfacing-Cream-min.jpg\",\"width\":1400,\"height\":1400},{\"@type\":\"BreadcrumbList\",\"@id\":\"https:\/\/www.cliniqueevia.ca\/fr\/produit\/lpg-creme-micro-peeling\/#breadcrumb\",\"itemListElement\":[{\"@type\":\"ListItem\",\"position\":1,\"name\":\"Home\",\"item\":\"https:\/\/www.cliniqueevia.ca\/fr\/\"},{\"@type\":\"ListItem\",\"position\":2,\"name\":\"Boutique\",\"item\":\"https:\/\/www.cliniqueevia.ca\/fr\/boutique\/\"},{\"@type\":\"ListItem\",\"position\":3,\"name\":\"LPG Cr\u00e8me Micro-Peeling\"}]},{\"@type\":\"WebSite\",\"@id\":\"https:\/\/www.cliniqueevia.ca\/fr\/#website\",\"url\":\"https:\/\/www.cliniqueevia.ca\/fr\/\",\"name\":\"Clinique \u00c9via\",\"description\":\"Clinique \u00c9via traite vos conditions esth\u00e9tiques sp\u00e9cifiques gr\u00e2ce \u00e0 des technologies et des produits de haute performance.\",\"publisher\":{\"@id\":\"https:\/\/www.cliniqueevia.ca\/fr\/#organization\"},\"potentialAction\":[{\"@type\":\"SearchAction\",\"target\":{\"@type\":\"EntryPoint\",\"urlTemplate\":\"https:\/\/www.cliniqueevia.ca\/fr\/?s={search_term_string}\"},\"query-input\":{\"@type\":\"PropertyValueSpecification\",\"valueRequired\":true,\"valueName\":\"search_term_string\"}}],\"inLanguage\":\"fr-FR\"},{\"@type\":\"Organization\",\"@id\":\"https:\/\/www.cliniqueevia.ca\/fr\/#organization\",\"name\":\"Clinique \u00c9via\",\"url\":\"https:\/\/www.cliniqueevia.ca\/fr\/\",\"logo\":{\"@type\":\"ImageObject\",\"inLanguage\":\"fr-FR\",\"@id\":\"https:\/\/www.cliniqueevia.ca\/fr\/#\/schema\/logo\/image\/\",\"url\":\"https:\/\/www.cliniqueevia.ca\/wp-content\/uploads\/2020\/09\/Evia-Logo-RGB-Transparent-Black-1.png\",\"contentUrl\":\"https:\/\/www.cliniqueevia.ca\/wp-content\/uploads\/2020\/09\/Evia-Logo-RGB-Transparent-Black-1.png\",\"width\":1818,\"height\":1056,\"caption\":\"Clinique \u00c9via\"},\"image\":{\"@id\":\"https:\/\/www.cliniqueevia.ca\/fr\/#\/schema\/logo\/image\/\"},\"sameAs\":[\"https:\/\/www.facebook.com\/cliniqueevia\"]}]}<\/script>\n<!-- \/ Yoast SEO plugin. -->","yoast_head_json":{"title":"LPG Cr\u00e8me Micro-Peeling &#8211; Clinique \u00c9via","robots":{"index":"index","follow":"follow","max-snippet":"max-snippet:-1","max-image-preview":"max-image-preview:large","max-video-preview":"max-video-preview:-1"},"canonical":"https:\/\/www.cliniqueevia.ca\/fr\/produit\/lpg-creme-micro-peeling\/","og_locale":"fr_FR","og_type":"article","og_title":"LPG Cr\u00e8me Micro-Peeling &#8211; Clinique \u00c9via","og_description":"Pr\u00e9parateur de soins corps Exfolie, hydrate, lisse","og_url":"https:\/\/www.cliniqueevia.ca\/fr\/produit\/lpg-creme-micro-peeling\/","og_site_name":"Clinique \u00c9via","article_publisher":"https:\/\/www.facebook.com\/cliniqueevia","og_image":[{"width":1400,"height":1400,"url":"https:\/\/www.cliniqueevia.ca\/wp-content\/uploads\/2024\/11\/LPG-Creme-Micro-Peeling-Resurfacing-Cream-min.jpg","type":"image\/jpeg"}],"twitter_card":"summary_large_image","twitter_misc":{"Dur\u00e9e de lecture est.":"3 minutes"},"schema":{"@context":"https:\/\/schema.org","@graph":[{"@type":"WebPage","@id":"https:\/\/www.cliniqueevia.ca\/fr\/produit\/lpg-creme-micro-peeling\/","url":"https:\/\/www.cliniqueevia.ca\/fr\/produit\/lpg-creme-micro-peeling\/","name":"LPG Cr\u00e8me Micro-Peeling &#8211; Clinique \u00c9via","isPartOf":{"@id":"https:\/\/www.cliniqueevia.ca\/fr\/#website"},"primaryImageOfPage":{"@id":"https:\/\/www.cliniqueevia.ca\/fr\/produit\/lpg-creme-micro-peeling\/#primaryimage"},"image":{"@id":"https:\/\/www.cliniqueevia.ca\/fr\/produit\/lpg-creme-micro-peeling\/#primaryimage"},"thumbnailUrl":"https:\/\/www.cliniqueevia.ca\/wp-content\/uploads\/2024\/11\/LPG-Creme-Micro-Peeling-Resurfacing-Cream-min.jpg","datePublished":"2024-11-26T20:00:27+00:00","dateModified":"2024-11-26T20:00:27+00:00","breadcrumb":{"@id":"https:\/\/www.cliniqueevia.ca\/fr\/produit\/lpg-creme-micro-peeling\/#breadcrumb"},"inLanguage":"fr-FR","potentialAction":[{"@type":"ReadAction","target":["https:\/\/www.cliniqueevia.ca\/fr\/produit\/lpg-creme-micro-peeling\/"]}]},{"@type":"ImageObject","inLanguage":"fr-FR","@id":"https:\/\/www.cliniqueevia.ca\/fr\/produit\/lpg-creme-micro-peeling\/#primaryimage","url":"https:\/\/www.cliniqueevia.ca\/wp-content\/uploads\/2024\/11\/LPG-Creme-Micro-Peeling-Resurfacing-Cream-min.jpg","contentUrl":"https:\/\/www.cliniqueevia.ca\/wp-content\/uploads\/2024\/11\/LPG-Creme-Micro-Peeling-Resurfacing-Cream-min.jpg","width":1400,"height":1400},{"@type":"BreadcrumbList","@id":"https:\/\/www.cliniqueevia.ca\/fr\/produit\/lpg-creme-micro-peeling\/#breadcrumb","itemListElement":[{"@type":"ListItem","position":1,"name":"Home","item":"https:\/\/www.cliniqueevia.ca\/fr\/"},{"@type":"ListItem","position":2,"name":"Boutique","item":"https:\/\/www.cliniqueevia.ca\/fr\/boutique\/"},{"@type":"ListItem","position":3,"name":"LPG Cr\u00e8me Micro-Peeling"}]},{"@type":"WebSite","@id":"https:\/\/www.cliniqueevia.ca\/fr\/#website","url":"https:\/\/www.cliniqueevia.ca\/fr\/","name":"Clinique \u00c9via","description":"Clinique \u00c9via traite vos conditions esth\u00e9tiques sp\u00e9cifiques gr\u00e2ce \u00e0 des technologies et des produits de haute performance.","publisher":{"@id":"https:\/\/www.cliniqueevia.ca\/fr\/#organization"},"potentialAction":[{"@type":"SearchAction","target":{"@type":"EntryPoint","urlTemplate":"https:\/\/www.cliniqueevia.ca\/fr\/?s={search_term_string}"},"query-input":{"@type":"PropertyValueSpecification","valueRequired":true,"valueName":"search_term_string"}}],"inLanguage":"fr-FR"},{"@type":"Organization","@id":"https:\/\/www.cliniqueevia.ca\/fr\/#organization","name":"Clinique \u00c9via","url":"https:\/\/www.cliniqueevia.ca\/fr\/","logo":{"@type":"ImageObject","inLanguage":"fr-FR","@id":"https:\/\/www.cliniqueevia.ca\/fr\/#\/schema\/logo\/image\/","url":"https:\/\/www.cliniqueevia.ca\/wp-content\/uploads\/2020\/09\/Evia-Logo-RGB-Transparent-Black-1.png","contentUrl":"https:\/\/www.cliniqueevia.ca\/wp-content\/uploads\/2020\/09\/Evia-Logo-RGB-Transparent-Black-1.png","width":1818,"height":1056,"caption":"Clinique \u00c9via"},"image":{"@id":"https:\/\/www.cliniqueevia.ca\/fr\/#\/schema\/logo\/image\/"},"sameAs":["https:\/\/www.facebook.com\/cliniqueevia"]}]}},"_links":{"self":[{"href":"https:\/\/www.cliniqueevia.ca\/fr\/wp-json\/wp\/v2\/product\/3747","targetHints":{"allow":["GET"]}}],"collection":[{"href":"https:\/\/www.cliniqueevia.ca\/fr\/wp-json\/wp\/v2\/product"}],"about":[{"href":"https:\/\/www.cliniqueevia.ca\/fr\/wp-json\/wp\/v2\/types\/product"}],"replies":[{"embeddable":true,"href":"https:\/\/www.cliniqueevia.ca\/fr\/wp-json\/wp\/v2\/comments?post=3747"}],"wp:featuredmedia":[{"embeddable":true,"href":"https:\/\/www.cliniqueevia.ca\/fr\/wp-json\/wp\/v2\/media\/3717"}],"wp:attachment":[{"href":"https:\/\/www.cliniqueevia.ca\/fr\/wp-json\/wp\/v2\/media?parent=3747"}],"wp:term":[{"taxonomy":"product_brand","embeddable":true,"href":"https:\/\/www.cliniqueevia.ca\/fr\/wp-json\/wp\/v2\/product_brand?post=3747"},{"taxonomy":"product_cat","embeddable":true,"href":"https:\/\/www.cliniqueevia.ca\/fr\/wp-json\/wp\/v2\/product_cat?post=3747"},{"taxonomy":"product_tag","embeddable":true,"href":"https:\/\/www.cliniqueevia.ca\/fr\/wp-json\/wp\/v2\/product_tag?post=3747"}],"curies":[{"name":"wp","href":"https:\/\/api.w.org\/{rel}","templated":true}]}}