{"id":4038,"date":"2025-11-06T14:31:14","date_gmt":"2025-11-06T19:47:52","guid":{"rendered":"https:\/\/www.cliniqueevia.ca\/?post_type=product&#038;p=4038"},"modified":"2025-11-06T14:47:53","modified_gmt":"2025-11-06T19:47:53","slug":"clarifiant-xt","status":"publish","type":"product","link":"https:\/\/www.cliniqueevia.ca\/fr\/produit\/clarifiant-xt\/","title":{"rendered":"Clarifiant-XT"},"content":{"rendered":"<h2>Actions<\/h2>\n<h3>Cr\u00e8me cellulaire illuminatrice et unifiant le teint<\/h3>\n<p>La cr\u00e8me cellulaire Cellcosmet Clarifiant-XT offre une peau lumineuse et un teint unifi\u00e9. Formul\u00e9e avec les Extraits Cellulaires CytoPep\u2122, notre ingr\u00e9dient signature qui revitalise la peau, elle maintient une hydratation optimale et renforce la barri\u00e8re cutan\u00e9e. Cette cr\u00e8me clarifie votre teint, l\u2019illumine, et l\u2019unifie tout en affinant le grain de peau. Profitez des bienfaits de son effet anti-oxydant, prot\u00e9geant votre peau des agressions ext\u00e9rieures, et de la sensation de confort qu\u2019elle procure, laissant votre peau lisse, souple, revitalis\u00e9e et \u00e0 l\u2019\u00e9clat renouvel\u00e9.<\/p>\n<ul>\n<li>Clarifie la peau<\/li>\n<li>Illumine et r\u00e9v\u00e8le l&rsquo;\u00e9clat du teint<\/li>\n<li>Uniformise le teint et affine le grain de peau<\/li>\n<li>Renforce la fonction barri\u00e8re de la peau, pr\u00e9servant un niveau optimal d&rsquo;hydratation<\/li>\n<li>Hydrate<\/li>\n<li>Att\u00e9nue les sensations de tiraillement de la peau<\/li>\n<li>Revitalise la peau<\/li>\n<li>Effet anti-oxydant, prot\u00e9geant la peau des agressions ext\u00e9rieures<\/li>\n<li>Test\u00e9 dermatologiquement<\/li>\n<\/ul>\n<h2>Conseils d&rsquo;application<\/h2>\n<ul>\n<li>POUR QUI?<br \/>\nSoin quotidien qui cible l\u2019homog\u00e9n\u00e9it\u00e9 du teint pour tous types de peau, y compris les peaux sensibles<\/li>\n<li>COMMENT APPLIQUER?<br \/>\nMatin et soir tout au long de l\u2019ann\u00e9e, appliquer la cr\u00e8me sur une peau nettoy\u00e9e en massant l\u00e9g\u00e8rement le visage, le cou, le d\u00e9collet\u00e9 et les mains. Si souhait\u00e9, appliquer en compl\u00e9ment le s\u00e9rum Elasto-Collag\u00e8ne Ultra Clarifiant-XT avant la cr\u00e8me.<\/li>\n<\/ul>\n<h2>R\u00e9sultats cliniques<\/h2>\n<p><strong>Tests instrumentaux:<\/strong><\/p>\n<ul>\n<li>+13.8% Eclat du teint<\/li>\n<li>+12.8% Hydratation<\/li>\n<li>+11.4% Effet clarifiant<\/li>\n<\/ul>\n<p><strong>Tests de satisfaction:<\/strong><\/p>\n<ul>\n<li>100% La texture est l\u00e9g\u00e8re et agr\u00e9able<\/li>\n<li>91% Le produit ne laisse pas de sensation grasse sur la peau<\/li>\n<li>91% Le produit p\u00e9n\u00e8tre rapidement<\/li>\n<\/ul>\n<p><strong>Test in vitro<\/strong><\/p>\n<ul>\n<li>+20.6% Potentiel anti-oxydant<\/li>\n<\/ul>\n<p>Tests par un laboratoire ind\u00e9pendant sur un groupe de 22 femmes \u00e2g\u00e9es de 25 \u00e0 65 ans, \u00e0 raison d&rsquo;une application matin et soir, pendant 56 jours.<\/p>\n<h2>Ingr\u00e9dients<\/h2>\n<p><strong>Extraits Cellulaires CytoPep\u2122<\/strong><br \/>\nStabilis\u00e9s gr\u00e2ce \u00e0 la m\u00e9thode CellControlTM, une exclusitiv\u00e9 de notre laboratoire. Compos\u00e9s de prot\u00e9ines structurales de la peau (Collag\u00e8ne, Fibronectine, Actine, K\u00e9ratine)<\/p>\n<ul>\n<li>Revitalisent la peau<\/li>\n<li>Aident \u00e0 maintenir la fonction barri\u00e8re cutan\u00e9e<\/li>\n<li>Prot\u00e8gent la peau des agressions ext\u00e9rieures<\/li>\n<li>Maintiennent l\u2019hydratation<\/li>\n<li>Procurent une sensation de confort \u00e0 la peau<\/li>\n<\/ul>\n<p><strong>Extrait de Petit Pois<\/strong><br \/>\nIssu de graines de pois combin\u00e9es \u00e0 un ester de sucrose d\u2019origine v\u00e9g\u00e9tale<\/p>\n<ul>\n<li>Clarifie la peau<\/li>\n<li>Unifie le teint<\/li>\n<\/ul>\n<p><strong>Vitamine C Liposoluble<\/strong><br \/>\nIssu d\u2019acide gras et de ma\u00efs, avec d\u2019excellentes propri\u00e9t\u00e9s d\u2019absorption cutan\u00e9e<\/p>\n<ul>\n<li>Clarifie la peau<\/li>\n<li>Unifie le teint<\/li>\n<li>Effet anti-oxydant, prot\u00e9geant la peau des agressions ext\u00e9rieures<\/li>\n<\/ul>\n<p><strong>Extrait d\u2019Agrumes<\/strong><br \/>\nM\u00e9lange de citroflavono\u00efdes encapsul\u00e9s dans des liposomes, extraits d\u2019Orange am\u00e8re, de Pamplemousse et de d\u00e9riv\u00e9 de Vitamine C<\/p>\n<ul>\n<li>Unifie le teint<\/li>\n<li>Clarifie la peau<\/li>\n<li>Illumine le teint<\/li>\n<li>Effet anti-oxydant, prot\u00e9geant la peau des agressions ext\u00e9rieures<\/li>\n<\/ul>\n","protected":false},"excerpt":{"rendered":"<p>Cr\u00e8me cellulaire illuminatrice et unifiant le teint.<\/p>\n","protected":false},"featured_media":4031,"comment_status":"open","ping_status":"closed","template":"","meta":[],"product_brand":[],"product_cat":[98],"product_tag":[179,212],"class_list":{"0":"post-4038","1":"product","2":"type-product","3":"status-publish","4":"has-post-thumbnail","6":"product_cat-hydratants","7":"product_tag-cellcosmet-fr","8":"product_tag-revitalise-fr","10":"first","11":"instock","12":"taxable","13":"shipping-taxable","14":"purchasable","15":"product-type-simple"},"yoast_head":"<!-- This site is optimized with the Yoast SEO plugin v23.9 - https:\/\/yoast.com\/wordpress\/plugins\/seo\/ -->\n<title>Cellcosmet Clarifiant-XT &#8211; Clinique \u00c9via<\/title>\n<meta name=\"robots\" content=\"index, follow, max-snippet:-1, max-image-preview:large, max-video-preview:-1\" \/>\n<link rel=\"canonical\" href=\"https:\/\/www.cliniqueevia.ca\/fr\/produit\/clarifiant-xt\/\" \/>\n<meta property=\"og:locale\" content=\"fr_FR\" \/>\n<meta property=\"og:type\" content=\"article\" \/>\n<meta property=\"og:title\" content=\"Cellcosmet Clarifiant-XT &#8211; Clinique \u00c9via\" \/>\n<meta property=\"og:description\" content=\"Cr\u00e8me cellulaire illuminatrice et unifiant le teint.\" \/>\n<meta property=\"og:url\" content=\"https:\/\/www.cliniqueevia.ca\/fr\/produit\/clarifiant-xt\/\" \/>\n<meta property=\"og:site_name\" content=\"Clinique \u00c9via\" \/>\n<meta property=\"article:publisher\" content=\"https:\/\/www.facebook.com\/cliniqueevia\" \/>\n<meta property=\"article:modified_time\" content=\"2025-11-06T19:47:53+00:00\" \/>\n<meta property=\"og:image\" content=\"https:\/\/www.cliniqueevia.ca\/wp-content\/uploads\/2025\/11\/cellcosmet-brightener-xt-cream-01-1400x1400-min.jpg\" \/>\n\t<meta property=\"og:image:width\" content=\"1400\" \/>\n\t<meta property=\"og:image:height\" content=\"1400\" \/>\n\t<meta property=\"og:image:type\" content=\"image\/jpeg\" \/>\n<meta name=\"twitter:card\" content=\"summary_large_image\" \/>\n<meta name=\"twitter:label1\" content=\"Dur\u00e9e de lecture est.\" \/>\n\t<meta name=\"twitter:data1\" content=\"2 minutes\" \/>\n<script type=\"application\/ld+json\" class=\"yoast-schema-graph\">{\"@context\":\"https:\/\/schema.org\",\"@graph\":[{\"@type\":\"WebPage\",\"@id\":\"https:\/\/www.cliniqueevia.ca\/fr\/produit\/clarifiant-xt\/\",\"url\":\"https:\/\/www.cliniqueevia.ca\/fr\/produit\/clarifiant-xt\/\",\"name\":\"Cellcosmet Clarifiant-XT &#8211; Clinique \u00c9via\",\"isPartOf\":{\"@id\":\"https:\/\/www.cliniqueevia.ca\/fr\/#website\"},\"primaryImageOfPage\":{\"@id\":\"https:\/\/www.cliniqueevia.ca\/fr\/produit\/clarifiant-xt\/#primaryimage\"},\"image\":{\"@id\":\"https:\/\/www.cliniqueevia.ca\/fr\/produit\/clarifiant-xt\/#primaryimage\"},\"thumbnailUrl\":\"https:\/\/www.cliniqueevia.ca\/wp-content\/uploads\/2025\/11\/cellcosmet-brightener-xt-cream-01-1400x1400-min.jpg\",\"datePublished\":\"2025-11-06T19:47:52+00:00\",\"dateModified\":\"2025-11-06T19:47:53+00:00\",\"breadcrumb\":{\"@id\":\"https:\/\/www.cliniqueevia.ca\/fr\/produit\/clarifiant-xt\/#breadcrumb\"},\"inLanguage\":\"fr-FR\",\"potentialAction\":[{\"@type\":\"ReadAction\",\"target\":[\"https:\/\/www.cliniqueevia.ca\/fr\/produit\/clarifiant-xt\/\"]}]},{\"@type\":\"ImageObject\",\"inLanguage\":\"fr-FR\",\"@id\":\"https:\/\/www.cliniqueevia.ca\/fr\/produit\/clarifiant-xt\/#primaryimage\",\"url\":\"https:\/\/www.cliniqueevia.ca\/wp-content\/uploads\/2025\/11\/cellcosmet-brightener-xt-cream-01-1400x1400-min.jpg\",\"contentUrl\":\"https:\/\/www.cliniqueevia.ca\/wp-content\/uploads\/2025\/11\/cellcosmet-brightener-xt-cream-01-1400x1400-min.jpg\",\"width\":1400,\"height\":1400},{\"@type\":\"BreadcrumbList\",\"@id\":\"https:\/\/www.cliniqueevia.ca\/fr\/produit\/clarifiant-xt\/#breadcrumb\",\"itemListElement\":[{\"@type\":\"ListItem\",\"position\":1,\"name\":\"Home\",\"item\":\"https:\/\/www.cliniqueevia.ca\/fr\/\"},{\"@type\":\"ListItem\",\"position\":2,\"name\":\"Boutique\",\"item\":\"https:\/\/www.cliniqueevia.ca\/fr\/boutique\/\"},{\"@type\":\"ListItem\",\"position\":3,\"name\":\"Clarifiant-XT\"}]},{\"@type\":\"WebSite\",\"@id\":\"https:\/\/www.cliniqueevia.ca\/fr\/#website\",\"url\":\"https:\/\/www.cliniqueevia.ca\/fr\/\",\"name\":\"Clinique \u00c9via\",\"description\":\"Clinique \u00c9via traite vos conditions esth\u00e9tiques sp\u00e9cifiques gr\u00e2ce \u00e0 des technologies et des produits de haute performance.\",\"publisher\":{\"@id\":\"https:\/\/www.cliniqueevia.ca\/fr\/#organization\"},\"potentialAction\":[{\"@type\":\"SearchAction\",\"target\":{\"@type\":\"EntryPoint\",\"urlTemplate\":\"https:\/\/www.cliniqueevia.ca\/fr\/?s={search_term_string}\"},\"query-input\":{\"@type\":\"PropertyValueSpecification\",\"valueRequired\":true,\"valueName\":\"search_term_string\"}}],\"inLanguage\":\"fr-FR\"},{\"@type\":\"Organization\",\"@id\":\"https:\/\/www.cliniqueevia.ca\/fr\/#organization\",\"name\":\"Clinique \u00c9via\",\"url\":\"https:\/\/www.cliniqueevia.ca\/fr\/\",\"logo\":{\"@type\":\"ImageObject\",\"inLanguage\":\"fr-FR\",\"@id\":\"https:\/\/www.cliniqueevia.ca\/fr\/#\/schema\/logo\/image\/\",\"url\":\"https:\/\/www.cliniqueevia.ca\/wp-content\/uploads\/2020\/09\/Evia-Logo-RGB-Transparent-Black-1.png\",\"contentUrl\":\"https:\/\/www.cliniqueevia.ca\/wp-content\/uploads\/2020\/09\/Evia-Logo-RGB-Transparent-Black-1.png\",\"width\":1818,\"height\":1056,\"caption\":\"Clinique \u00c9via\"},\"image\":{\"@id\":\"https:\/\/www.cliniqueevia.ca\/fr\/#\/schema\/logo\/image\/\"},\"sameAs\":[\"https:\/\/www.facebook.com\/cliniqueevia\"]}]}<\/script>\n<!-- \/ Yoast SEO plugin. -->","yoast_head_json":{"title":"Cellcosmet Clarifiant-XT &#8211; Clinique \u00c9via","robots":{"index":"index","follow":"follow","max-snippet":"max-snippet:-1","max-image-preview":"max-image-preview:large","max-video-preview":"max-video-preview:-1"},"canonical":"https:\/\/www.cliniqueevia.ca\/fr\/produit\/clarifiant-xt\/","og_locale":"fr_FR","og_type":"article","og_title":"Cellcosmet Clarifiant-XT &#8211; Clinique \u00c9via","og_description":"Cr\u00e8me cellulaire illuminatrice et unifiant le teint.","og_url":"https:\/\/www.cliniqueevia.ca\/fr\/produit\/clarifiant-xt\/","og_site_name":"Clinique \u00c9via","article_publisher":"https:\/\/www.facebook.com\/cliniqueevia","article_modified_time":"2025-11-06T19:47:53+00:00","og_image":[{"width":1400,"height":1400,"url":"https:\/\/www.cliniqueevia.ca\/wp-content\/uploads\/2025\/11\/cellcosmet-brightener-xt-cream-01-1400x1400-min.jpg","type":"image\/jpeg"}],"twitter_card":"summary_large_image","twitter_misc":{"Dur\u00e9e de lecture est.":"2 minutes"},"schema":{"@context":"https:\/\/schema.org","@graph":[{"@type":"WebPage","@id":"https:\/\/www.cliniqueevia.ca\/fr\/produit\/clarifiant-xt\/","url":"https:\/\/www.cliniqueevia.ca\/fr\/produit\/clarifiant-xt\/","name":"Cellcosmet Clarifiant-XT &#8211; Clinique \u00c9via","isPartOf":{"@id":"https:\/\/www.cliniqueevia.ca\/fr\/#website"},"primaryImageOfPage":{"@id":"https:\/\/www.cliniqueevia.ca\/fr\/produit\/clarifiant-xt\/#primaryimage"},"image":{"@id":"https:\/\/www.cliniqueevia.ca\/fr\/produit\/clarifiant-xt\/#primaryimage"},"thumbnailUrl":"https:\/\/www.cliniqueevia.ca\/wp-content\/uploads\/2025\/11\/cellcosmet-brightener-xt-cream-01-1400x1400-min.jpg","datePublished":"2025-11-06T19:47:52+00:00","dateModified":"2025-11-06T19:47:53+00:00","breadcrumb":{"@id":"https:\/\/www.cliniqueevia.ca\/fr\/produit\/clarifiant-xt\/#breadcrumb"},"inLanguage":"fr-FR","potentialAction":[{"@type":"ReadAction","target":["https:\/\/www.cliniqueevia.ca\/fr\/produit\/clarifiant-xt\/"]}]},{"@type":"ImageObject","inLanguage":"fr-FR","@id":"https:\/\/www.cliniqueevia.ca\/fr\/produit\/clarifiant-xt\/#primaryimage","url":"https:\/\/www.cliniqueevia.ca\/wp-content\/uploads\/2025\/11\/cellcosmet-brightener-xt-cream-01-1400x1400-min.jpg","contentUrl":"https:\/\/www.cliniqueevia.ca\/wp-content\/uploads\/2025\/11\/cellcosmet-brightener-xt-cream-01-1400x1400-min.jpg","width":1400,"height":1400},{"@type":"BreadcrumbList","@id":"https:\/\/www.cliniqueevia.ca\/fr\/produit\/clarifiant-xt\/#breadcrumb","itemListElement":[{"@type":"ListItem","position":1,"name":"Home","item":"https:\/\/www.cliniqueevia.ca\/fr\/"},{"@type":"ListItem","position":2,"name":"Boutique","item":"https:\/\/www.cliniqueevia.ca\/fr\/boutique\/"},{"@type":"ListItem","position":3,"name":"Clarifiant-XT"}]},{"@type":"WebSite","@id":"https:\/\/www.cliniqueevia.ca\/fr\/#website","url":"https:\/\/www.cliniqueevia.ca\/fr\/","name":"Clinique \u00c9via","description":"Clinique \u00c9via traite vos conditions esth\u00e9tiques sp\u00e9cifiques gr\u00e2ce \u00e0 des technologies et des produits de haute performance.","publisher":{"@id":"https:\/\/www.cliniqueevia.ca\/fr\/#organization"},"potentialAction":[{"@type":"SearchAction","target":{"@type":"EntryPoint","urlTemplate":"https:\/\/www.cliniqueevia.ca\/fr\/?s={search_term_string}"},"query-input":{"@type":"PropertyValueSpecification","valueRequired":true,"valueName":"search_term_string"}}],"inLanguage":"fr-FR"},{"@type":"Organization","@id":"https:\/\/www.cliniqueevia.ca\/fr\/#organization","name":"Clinique \u00c9via","url":"https:\/\/www.cliniqueevia.ca\/fr\/","logo":{"@type":"ImageObject","inLanguage":"fr-FR","@id":"https:\/\/www.cliniqueevia.ca\/fr\/#\/schema\/logo\/image\/","url":"https:\/\/www.cliniqueevia.ca\/wp-content\/uploads\/2020\/09\/Evia-Logo-RGB-Transparent-Black-1.png","contentUrl":"https:\/\/www.cliniqueevia.ca\/wp-content\/uploads\/2020\/09\/Evia-Logo-RGB-Transparent-Black-1.png","width":1818,"height":1056,"caption":"Clinique \u00c9via"},"image":{"@id":"https:\/\/www.cliniqueevia.ca\/fr\/#\/schema\/logo\/image\/"},"sameAs":["https:\/\/www.facebook.com\/cliniqueevia"]}]}},"_links":{"self":[{"href":"https:\/\/www.cliniqueevia.ca\/fr\/wp-json\/wp\/v2\/product\/4038","targetHints":{"allow":["GET"]}}],"collection":[{"href":"https:\/\/www.cliniqueevia.ca\/fr\/wp-json\/wp\/v2\/product"}],"about":[{"href":"https:\/\/www.cliniqueevia.ca\/fr\/wp-json\/wp\/v2\/types\/product"}],"replies":[{"embeddable":true,"href":"https:\/\/www.cliniqueevia.ca\/fr\/wp-json\/wp\/v2\/comments?post=4038"}],"wp:featuredmedia":[{"embeddable":true,"href":"https:\/\/www.cliniqueevia.ca\/fr\/wp-json\/wp\/v2\/media\/4031"}],"wp:attachment":[{"href":"https:\/\/www.cliniqueevia.ca\/fr\/wp-json\/wp\/v2\/media?parent=4038"}],"wp:term":[{"taxonomy":"product_brand","embeddable":true,"href":"https:\/\/www.cliniqueevia.ca\/fr\/wp-json\/wp\/v2\/product_brand?post=4038"},{"taxonomy":"product_cat","embeddable":true,"href":"https:\/\/www.cliniqueevia.ca\/fr\/wp-json\/wp\/v2\/product_cat?post=4038"},{"taxonomy":"product_tag","embeddable":true,"href":"https:\/\/www.cliniqueevia.ca\/fr\/wp-json\/wp\/v2\/product_tag?post=4038"}],"curies":[{"name":"wp","href":"https:\/\/api.w.org\/{rel}","templated":true}]}}